{"id":89,"date":"2023-04-03T20:56:47","date_gmt":"2023-04-03T18:56:47","guid":{"rendered":"https:\/\/iictirana.esteri.it\/lingua-e-cultura\/biblioteca\/"},"modified":"2024-11-06T16:21:05","modified_gmt":"2024-11-06T14:21:05","slug":"biblioteca","status":"publish","type":"page","link":"https:\/\/iictirana.esteri.it\/sq\/lingua-e-cultura\/biblioteca\/","title":{"rendered":"Biblioteka"},"content":{"rendered":"<p>Biblioteka mediatike e Institutit p\u00ebrfshin mbi 6078 tituj, t\u00eb ndar\u00eb mes materialeve tekstuale, filmike dhe multimediale dhe nj\u00eb numri t\u00eb konsideruesh\u00ebm revistash italiane.Kjo pasuri librore p\u00ebrb\u00ebhet kryesisht nga let\u00ebrsi artistike italiane (klasike dhe bashk\u00ebkohore), ese, libra p\u00ebr f\u00ebmij\u00eb, antologji shum\u00ebdisiplinore, enciklopedi dhe fjalor\u00eb.Seksione t\u00eb ve\u00e7anta i jan\u00eb kushtuar monografive specifike mbi historin\u00eb, kultur\u00ebn dhe gjeografin\u00eb e rajoneve dhe qyteteve t\u00eb ndryshme italiane, si dhe teksteve mbi gjuh\u00ebsin\u00eb dhe didaktik\u00ebn e gjuh\u00ebs italiane.Seksionet e tjera p\u00ebrb\u00ebhen nga v\u00ebllime mbi artin, historin\u00eb, historiografin\u00eb, teatrin, muzik\u00ebn, sociologjin\u00eb, filozofin\u00eb, shkenc\u00ebn, ekonomin\u00eb, politik\u00ebn\u00a0etj.<\/p>\n<p>Nj\u00eb raft i ve\u00e7ant\u00eb p\u00ebrmban publikimet m\u00eb t\u00eb fundit kinematografike t\u00eb bibliotek\u00ebs.<\/p>\n<p>P\u00ebr t\u00eb hyr\u00eb n\u00eb katalogun online t\u00eb bibliotek\u00ebs:<\/p>\n<p>KLIKO LINKUN: <a href=\"https:\/\/iic.infoteca.it\/tirana\">https:\/\/iic.infoteca.it\/tirana<\/a><\/p>\n<p>P\u00ebr m\u00eb shum\u00eb informacion: <a href=\"mailto:biblioteca.iictirana@esteri.it\">biblioteca.iictirana@esteri.it<\/a><\/p>\n<p>Rregullorja dhe Skeda e Regjistrimit: <a href=\"https:\/\/iictirana.esteri.it\/wp-content\/uploads\/2023\/09\/RegolamentoScheda-iscrizione-1.doc\"><strong>clicca qui<\/strong><\/a><\/p>\n<p><a href=\"https:\/\/iictirana.esteri.it\/wp-content\/uploads\/2023\/09\/RegolamentoScheda-iscrizione-1.doc\">https:\/\/iictirana.esteri.it\/wp-content\/uploads\/2023\/09\/RegolamentoScheda-iscrizione-1.doc<\/a><\/p>\n","protected":false},"excerpt":{"rendered":"Biblioteka mediatike e Institutit p\u00ebrfshin mbi 6078 tituj, t\u00eb ndar\u00eb mes materialeve tekstuale, filmike dhe multimediale dhe nj\u00eb numri t\u00eb konsideruesh\u00ebm revistash italiane.Kjo pasuri librore p\u00ebrb\u00ebhet kryesisht nga let\u00ebrsi artistike italiane (klasike dhe bashk\u00ebkohore), ese, libra p\u00ebr f\u00ebmij\u00eb, antologji shum\u00ebdisiplinore, enciklopedi dhe fjalor\u00eb.Seksione t\u00eb ve\u00e7anta i jan\u00eb kushtuar monografive specifike mbi historin\u00eb, kultur\u00ebn dhe gjeografin\u00eb [&hellip;]","protected":false},"author":1,"featured_media":0,"parent":84,"menu_order":10,"comment_status":"closed","ping_status":"closed","template":"","meta":{"footnotes":""},"class_list":["post-89","page","type-page","status-publish","hentry"],"_links":{"self":[{"href":"https:\/\/iictirana.esteri.it\/sq\/wp-json\/wp\/v2\/pages\/89","targetHints":{"allow":["GET"]}}],"collection":[{"href":"https:\/\/iictirana.esteri.it\/sq\/wp-json\/wp\/v2\/pages"}],"about":[{"href":"https:\/\/iictirana.esteri.it\/sq\/wp-json\/wp\/v2\/types\/page"}],"author":[{"embeddable":true,"href":"https:\/\/iictirana.esteri.it\/sq\/wp-json\/wp\/v2\/users\/1"}],"replies":[{"embeddable":true,"href":"https:\/\/iictirana.esteri.it\/sq\/wp-json\/wp\/v2\/comments?post=89"}],"version-history":[{"count":7,"href":"https:\/\/iictirana.esteri.it\/sq\/wp-json\/wp\/v2\/pages\/89\/revisions"}],"predecessor-version":[{"id":5653,"href":"https:\/\/iictirana.esteri.it\/sq\/wp-json\/wp\/v2\/pages\/89\/revisions\/5653"}],"up":[{"embeddable":true,"href":"https:\/\/iictirana.esteri.it\/sq\/wp-json\/wp\/v2\/pages\/84"}],"wp:attachment":[{"href":"https:\/\/iictirana.esteri.it\/sq\/wp-json\/wp\/v2\/media?parent=89"}],"curies":[{"name":"wp","href":"https:\/\/api.w.org\/{rel}","templated":true}]}}