{"id":88,"date":"2023-04-03T20:56:23","date_gmt":"2023-04-03T18:56:23","guid":{"rendered":"https:\/\/iictirana.esteri.it\/lingua-e-cultura\/studiare-in-italia\/"},"modified":"2025-10-23T11:17:41","modified_gmt":"2025-10-23T09:17:41","slug":"studiare-in-italia","status":"publish","type":"page","link":"https:\/\/iictirana.esteri.it\/sq\/lingua-e-cultura\/studiare-in-italia\/","title":{"rendered":"Studim n\u00eb Itali"},"content":{"rendered":"<header class=\"entry-header\">\n<h1 class=\"entry-title h3\">Studim n\u00eb Itali<\/h1>\n<\/header>\n<div class=\"entry-content\">\n<p><strong>UNIVERSITETET<\/strong><\/p>\n<p>Lajme me interes t\u00eb p\u00ebrgjithsh\u00ebm mbi organizimin dhe funksionimin e universiteteve italiane mund t\u00eb gjenden n\u00eb seksionin e faqes s\u00eb internetit <a href=\"http:\/\/www.miur.it\/0002Univer\/index_cf2.htm\"><strong>Ministero dell\u2019Istruzione dell\u2019Universit\u00e0 e della Ricerca (MIUR)<\/strong><\/a>.<\/p>\n<p><strong>Cilat dhe sa jan\u00eb?<\/strong><\/p>\n<p>Listat e plota t\u00eb universiteteve jan\u00eb t\u00eb disponueshme n\u00eb:<\/p>\n<ul>\n<li><a href=\"http:\/\/cercauniversita.cineca.it\/index.php?module=strutture&amp;page=StructureSearchParams&amp;advanced_serch=1\"><strong>Il motore di ricerca del MIUR<\/strong><\/a><\/li>\n<li><a href=\"http:\/\/www3.unibo.it\/infostud-altreuni\/eurouni\/itauni\/italia.htm\"><strong>La mappa tematica offerta dall\u2019Universit\u00e0 di Bologna<\/strong><\/a><\/li>\n<li><a href=\"http:\/\/www.crui.it\/\"><strong>La pagina dedicata della CRUI (Conferenza dei Rettori delle Universit\u00e0 Italiane)<\/strong><\/a><\/li>\n<\/ul>\n<p><strong>Regjistrimi i Student\u00ebve Nd\u00ebrkomb\u00ebtar\u00eb<\/strong><\/p>\n<p>Student\u00ebt e huaj t\u00eb interesuar p\u00ebr t\u00eb studiuar n\u00eb universitetet italiane mund t\u00eb gjejn\u00eb informacion t\u00eb dobish\u00ebm mbi vendet e rezervuara p\u00ebrmes\u00a0<a href=\"http:\/\/sito.cineca.it\/\"><strong>motore di ricerca Cineca<\/strong><\/a> si dhe n\u00eb nj\u00eb seksion t\u00eb dedikuar t\u00eb faqes s\u00eb internetit <a href=\"http:\/\/www.studiare-in-italia.it\/studentistranieri\"><strong>MIUR<\/strong><\/a>.<\/p>\n<p><strong>Rezidencat universitare<\/strong> t\u00eb CCU-s\u00eb ofrojn\u00eb nj\u00eb raport shum\u00eb konkurrues p\u00ebr parat\u00eb dhe ndodhen n\u00eb 14 qytete italiane.<br \/>\nBrenda CCU-s\u00eb, rezidencat e shk\u00eblqyera t\u00eb Fondacionit RU jan\u00eb gjithashtu t\u00eb vlefshme p\u00ebr t&#8217;u p\u00ebrmendur.I (<a href=\"http:\/\/www.fondazionerui.it\/\">www.fondazionerui.it<\/a> ) dhe Camplus (<a href=\"http:\/\/www.camplus.it\/\">www.camplus.it<\/a>).<\/p>\n<p>\u201dIIC dhe M.A.E. nuk marrin p\u00ebrsip\u00ebr asnj\u00eb p\u00ebrgjegj\u00ebsi p\u00ebr d\u00ebmet q\u00eb vijn\u00eb nga zgjedhja e nj\u00ebr\u00ebs prej rezidencave universitare t\u00eb lartp\u00ebrmendura.&#8221;<\/p>\n<p>**********************************************************************<\/p>\n<p><strong>SHKOLLAT<\/strong><\/p>\n<p>Informacione t\u00eb p\u00ebrgjithshme mbi sistemin shkollor italian dhe informacione t\u00eb dobishme mund t\u00eb gjenden n\u00eb seksionin e faqes s\u00eb internetit <a href=\"http:\/\/www.istruzione.it\/index.shtml\"><strong>Ministero dell\u2019Istruzione dell\u2019Universit\u00e0 e della Ricerca (MIUR)<\/strong><\/a>.<\/p>\n<p><strong>Cilat dhe sa jan\u00eb?<\/strong><\/p>\n<p>Lista e plot\u00eb e shkollave t\u00eb t\u00eb gjitha niveleve mund t\u00eb konsultohet me motor\u00ebt e k\u00ebrkimit n\u00eb vijim:<\/p>\n<ul>\n<li><a href=\"http:\/\/archivio.pubblica.istruzione.it\/anagrafica_scuole\/statali.shtml\"><strong>Scuole Statali<\/strong><\/a><\/li>\n<\/ul>\n<p><strong>ARSIMIM I LART\u00cb ARTISTIK DHE MUZIKOR<\/strong><\/p>\n<ul>\n<li><a href=\"http:\/\/www.miur.it\/0004Alta_F\/0027Istitu\/index_cf4.htm\"><strong>La lista completa delle accademie, dei conservatori e degli Istituti di Alta Formazione Artistica e Musicale<\/strong><\/a><\/li>\n<\/ul>\n<p><strong>B\u00cbHU M\u00cbSUES I ITALISHTES SI GJUH\u00cb E HUAJ<\/strong><\/p>\n<ul>\n<li><a href=\"http:\/\/venus.unive.it\/italslab\/index.php\"><strong>Progetto ITALS<\/strong><\/a> \u2013 Departamenti i Shkencave t\u00eb Gjuh\u00ebs, Universiteti Ca&#8217; Foscari i Venecias<\/li>\n<li><a href=\"http:\/\/ditals.com\/\"><strong>DITALS<\/strong><\/a> \u2013 Certifikim Kompetence n\u00eb M\u00ebsimdh\u00ebnien e Italishtes p\u00ebr t\u00eb Huaj \u2013 Universiteti p\u00ebr t\u00eb Huaj i Sien\u00ebs<\/li>\n<li><a href=\"http:\/\/www.unistrapg.it\/laurea-insegnamento-della-lingua-e-della-cultura-italiana-stranieri-50999\"><strong>Laurea in insegnamento della lingua e della cultura italiana a stranieri<\/strong><\/a> \u2013 Universiteti p\u00ebr t\u00eb Huaj i Perugias<\/li>\n<\/ul>\n<\/div>\n","protected":false},"excerpt":{"rendered":"Studim n\u00eb Itali UNIVERSITETET Lajme me interes t\u00eb p\u00ebrgjithsh\u00ebm mbi organizimin dhe funksionimin e universiteteve italiane mund t\u00eb gjenden n\u00eb seksionin e faqes s\u00eb internetit Ministero dell\u2019Istruzione dell\u2019Universit\u00e0 e della Ricerca (MIUR). Cilat dhe sa jan\u00eb? Listat e plota t\u00eb universiteteve jan\u00eb t\u00eb disponueshme n\u00eb: Il motore di ricerca del MIUR La mappa tematica offerta [&hellip;]","protected":false},"author":1,"featured_media":0,"parent":84,"menu_order":8,"comment_status":"closed","ping_status":"closed","template":"","meta":{"footnotes":""},"class_list":["post-88","page","type-page","status-publish","hentry"],"_links":{"self":[{"href":"https:\/\/iictirana.esteri.it\/sq\/wp-json\/wp\/v2\/pages\/88","targetHints":{"allow":["GET"]}}],"collection":[{"href":"https:\/\/iictirana.esteri.it\/sq\/wp-json\/wp\/v2\/pages"}],"about":[{"href":"https:\/\/iictirana.esteri.it\/sq\/wp-json\/wp\/v2\/types\/page"}],"author":[{"embeddable":true,"href":"https:\/\/iictirana.esteri.it\/sq\/wp-json\/wp\/v2\/users\/1"}],"replies":[{"embeddable":true,"href":"https:\/\/iictirana.esteri.it\/sq\/wp-json\/wp\/v2\/comments?post=88"}],"version-history":[{"count":7,"href":"https:\/\/iictirana.esteri.it\/sq\/wp-json\/wp\/v2\/pages\/88\/revisions"}],"predecessor-version":[{"id":8872,"href":"https:\/\/iictirana.esteri.it\/sq\/wp-json\/wp\/v2\/pages\/88\/revisions\/8872"}],"up":[{"embeddable":true,"href":"https:\/\/iictirana.esteri.it\/sq\/wp-json\/wp\/v2\/pages\/84"}],"wp:attachment":[{"href":"https:\/\/iictirana.esteri.it\/sq\/wp-json\/wp\/v2\/media?parent=88"}],"curies":[{"name":"wp","href":"https:\/\/api.w.org\/{rel}","templated":true}]}}