{"id":86,"date":"2023-04-03T20:55:55","date_gmt":"2023-04-03T18:55:55","guid":{"rendered":"https:\/\/iictirana.esteri.it\/lingua-e-cultura\/borse-di-studio\/"},"modified":"2026-03-12T14:24:23","modified_gmt":"2026-03-12T12:24:23","slug":"borse-di-studio","status":"publish","type":"page","link":"https:\/\/iictirana.esteri.it\/sq\/lingua-e-cultura\/borse-di-studio\/","title":{"rendered":"Bursa studimi"},"content":{"rendered":"<p><strong>Bursa studimit: Shkolla Private Italiane<\/strong><\/p>\n<p>Instituti Italian i Kultur\u00ebs u ofron student\u00ebve t\u00eb regjistruar n\u00eb kurset e tij dhe q\u00eb b\u00ebjn\u00eb k\u00ebrkes\u00eb, bursa studimi afatshkurtra p\u00ebr studimin e gjuh\u00ebs dhe kultur\u00ebs italiane n\u00eb shkolla t\u00eb ndryshme gjuh\u00ebsh n\u00eb Itali.<br \/>\nStudimet zgjasin nga 2 deri n\u00eb 4 jav\u00eb dhe ofrojn\u00eb zbritje n\u00eb koston e kursit, sipas politikave t\u00eb shkollave.<\/p>\n<p>Bursat mbulojn\u00eb koston e kursit plot\u00ebsisht ose pjes\u00ebrisht. Tarifat e udh\u00ebtimit, akomodimit dhe regjistrimit jan\u00eb p\u00ebrgjegj\u00ebsi e bursist\u00ebve, t\u00eb cil\u00ebt do t\u00eb ndihmohen &#8211; n\u00ebse k\u00ebrkohet &#8211; nga vet\u00eb shkollat \u200b\u200bp\u00ebr t\u00eb gjetur strehim.<\/p>\n<p>Ndarja e bursave t\u00eb disponueshme do t\u00eb b\u00ebhet n\u00eb baz\u00eb t\u00eb prioritetit t\u00eb k\u00ebrkes\u00ebs pran\u00eb k\u00ebtij Instituti.<\/p>\n<p><a href=\"https:\/\/iictirana.esteri.it\/wp-content\/uploads\/2023\/05\/03.03.2022_borse_di_studio_aggiornato.docx\"><strong>Borse di studio offerte all\u2019IIC Tirana<\/strong><\/a><\/p>\n<p><a href=\"https:\/\/iictirana.esteri.it\/wp-content\/uploads\/2023\/05\/modulo_borse_scuoleprivate.pdf\"><strong>MODULO PER LA DOMANDA<\/strong><\/a><\/p>\n<p>P\u00ebr t\u00eb marr\u00eb informacione t\u00eb m\u00ebtejshme n\u00eb lidhje me k\u00ebt\u00eb kategori bursash, ju lutemi kontaktoni:<\/p>\n<p><strong>ZYRA E KURSEVE<\/strong><br \/>\n<strong>Tel.: +355 42 379580<\/strong><br \/>\n<strong>E-mail: <\/strong><a href=\"mailto:corsi.iictirana@esteri.it\">corsi.iictirana@esteri.it<\/a><\/p>\n<p>*************************<\/p>\n<p><strong>T\u00cb TJERA BURSA<\/strong><\/p>\n<p>\u00c7do vit, Instituti Italian i Kultur\u00ebs s\u00eb Tiran\u00ebs u ofron qytetar\u00ebve shqiptar\u00eb mund\u00ebsin\u00eb p\u00ebr t\u00eb p\u00ebrfituar bursa studimi n\u00eb Itali, p\u00ebr nj\u00eb koh\u00ebzgjatje 1-3 muaj, pran\u00eb:<\/p>\n<ul>\n<li><a href=\"https:\/\/www.unistrapg.it\/\">L&#8217; Universit\u00e0 per Stranieri di Perugia<\/a><\/li>\n<li><a href=\"http:\/\/www.unistrasi.it\/\">L&#8217; Universit\u00e0 per Stranieri di Siena<\/a><\/li>\n<li><a href=\"https:\/\/labonline.it\/it\/\">Laboratorio Internazionale di Comunicazione di Gemona<\/a><\/li>\n<\/ul>\n<p>K\u00ebto bursa i drjejtohen student\u00ebve t\u00eb kurseve t\u00eb institutit ton\u00eb, si dhe m\u00ebsuesve t\u00eb gjuh\u00ebs italiane.<\/p>\n<p>&nbsp;<\/p>\n<p><strong>Bursat e Ministris\u00eb s\u00eb Pun\u00ebve t\u00eb Jashtme<\/strong><\/p>\n<p>Ministria e Pun\u00ebve t\u00eb Jashtme dhe Bashk\u00ebpunimit Nd\u00ebrkomb\u00ebtar ofron \u00e7do vit bursa p\u00ebr student\u00ebt e universiteteve nga shum\u00eb vende t\u00eb bot\u00ebs, dhe shum\u00eb universitete italiane ofrojn\u00eb bursa p\u00ebr student\u00ebt e tyre, si italian\u00eb ashtu edhe nd\u00ebrkomb\u00ebtar\u00eb.<\/p>\n<p>\u00b0 Thirrja p\u00ebr aplikime p\u00ebr <a href=\"https:\/\/iictirana.esteri.it\/wp-content\/uploads\/2026\/03\/Bando-26-27-ITA.pdf\"><strong>vitin akademik 2026-2027<\/strong><\/a><\/p>\n<p>Mund t\u00eb gjeni m\u00eb shum\u00eb informacion k\u00ebtu:<\/p>\n<p><a href=\"https:\/\/www.esteri.it\/it\/servizi-opportunita\/opportunita\/borse-di-studio\/per-cittadini-stranieri\/borsestudio_stranieri\/?fbclid=IwY2xjawQfasJleHRuA2FlbQIxMABicmlkETFVNk05ZTg4aFNOdkh0bEdyc3J0YwZhcHBfaWQPNTE0NzcxNTY5MjI4MDYxAAEeNy-HgJLkJIO6cy2idnyygjPMDTopPcyIZgSlqPAT6tRtpt22AT19CtMYIQA_aem_MbmHcRMjc6i1a2Py25BBOw\">Borse di studio offerte dal Governo italiano a studenti stranieri e italiani residenti all\u2019estero (IRE)<\/a><\/p>\n<p>&nbsp;<\/p>\n","protected":false},"excerpt":{"rendered":"Bursa studimit: Shkolla Private Italiane Instituti Italian i Kultur\u00ebs u ofron student\u00ebve t\u00eb regjistruar n\u00eb kurset e tij dhe q\u00eb b\u00ebjn\u00eb k\u00ebrkes\u00eb, bursa studimi afatshkurtra p\u00ebr studimin e gjuh\u00ebs dhe kultur\u00ebs italiane n\u00eb shkolla t\u00eb ndryshme gjuh\u00ebsh n\u00eb Itali. Studimet zgjasin nga 2 deri n\u00eb 4 jav\u00eb dhe ofrojn\u00eb zbritje n\u00eb koston e kursit, sipas [&hellip;]","protected":false},"author":1,"featured_media":0,"parent":84,"menu_order":2,"comment_status":"closed","ping_status":"closed","template":"","meta":{"footnotes":""},"class_list":["post-86","page","type-page","status-publish","hentry"],"_links":{"self":[{"href":"https:\/\/iictirana.esteri.it\/sq\/wp-json\/wp\/v2\/pages\/86","targetHints":{"allow":["GET"]}}],"collection":[{"href":"https:\/\/iictirana.esteri.it\/sq\/wp-json\/wp\/v2\/pages"}],"about":[{"href":"https:\/\/iictirana.esteri.it\/sq\/wp-json\/wp\/v2\/types\/page"}],"author":[{"embeddable":true,"href":"https:\/\/iictirana.esteri.it\/sq\/wp-json\/wp\/v2\/users\/1"}],"replies":[{"embeddable":true,"href":"https:\/\/iictirana.esteri.it\/sq\/wp-json\/wp\/v2\/comments?post=86"}],"version-history":[{"count":6,"href":"https:\/\/iictirana.esteri.it\/sq\/wp-json\/wp\/v2\/pages\/86\/revisions"}],"predecessor-version":[{"id":10272,"href":"https:\/\/iictirana.esteri.it\/sq\/wp-json\/wp\/v2\/pages\/86\/revisions\/10272"}],"up":[{"embeddable":true,"href":"https:\/\/iictirana.esteri.it\/sq\/wp-json\/wp\/v2\/pages\/84"}],"wp:attachment":[{"href":"https:\/\/iictirana.esteri.it\/sq\/wp-json\/wp\/v2\/media?parent=86"}],"curies":[{"name":"wp","href":"https:\/\/api.w.org\/{rel}","templated":true}]}}