{"id":85,"date":"2023-04-03T20:55:37","date_gmt":"2023-04-03T18:55:37","guid":{"rendered":"https:\/\/iictirana.esteri.it\/lingua-e-cultura\/i-corsi-di-lingua\/"},"modified":"2026-01-19T13:49:20","modified_gmt":"2026-01-19T11:49:20","slug":"i-corsi-di-lingua","status":"publish","type":"page","link":"https:\/\/iictirana.esteri.it\/sq\/lingua-e-cultura\/i-corsi-di-lingua\/","title":{"rendered":"Kurset e gjuh\u00ebs"},"content":{"rendered":"<p><strong>Pse duhet t\u00eb studioni gjuh\u00ebn italiane pran\u00eb Institutit Italian t\u00eb Kultur\u00ebs n\u00eb Tiran\u00eb?<\/strong><\/p>\n<ul>\n<li>Instituti Italian i Kultur\u00ebs n\u00eb Tiran\u00eb organizon kurse t\u00eb gjuh\u00ebs dhe kultur\u00ebs italiane q\u00eb prej vitit 1994, si edhe kurse trajnimi dhe kualifikimi p\u00ebr m\u00ebsuesit e italishtes si GJ2.<\/li>\n<li>Kurset e gjuh\u00ebs t\u00eb zhvilluara nga Instituti ndahen n\u00eb nivele t\u00eb ndryshme t\u00eb propozuara nga Kuadri i P\u00ebrbashk\u00ebt Evropian i Referenc\u00ebs s\u00eb K\u00ebshillit t\u00eb Evrop\u00ebs.<\/li>\n<li>M\u00ebsuesit tan\u00eb jan\u00eb italiane si dhe shqiptar\u00eb shum\u00eb t\u00eb kualifikuar dhe t\u00eb specializuar n\u00eb m\u00ebsimin e gjuh\u00ebs italiane si gjuh\u00eb e dyt\u00eb. Klasat p\u00ebrb\u00ebhen prej minimumi 6 student\u00eb .<\/li>\n<li>Student\u00ebt tan\u00eb zhyten n\u00eb nj\u00eb atmosfer\u00eb italiane, e favorizuar nga shum\u00eb aktivitete kulturore t\u00eb promovuara nga Instituti.<\/li>\n<li>Sipas k\u00ebrkes\u00ebs, n\u00eb p\u00ebrfundim t\u00eb \u00e7do kursi, l\u00ebshohet nj\u00eb v\u00ebrtetim frekuentimi me vler\u00ebsimin e marr\u00eb n\u00eb testin final, vler\u00ebsim ky q\u00eb korrespondon me nivelin e aft\u00ebsive t\u00eb\u00a0 fituara. P\u00ebr t&#8217;u pajisur me k\u00ebt\u00eb v\u00ebrtetim, studenti duhet t\u00eb\u00a0 ket\u00eb ndjekur t\u00eb pakt\u00eb 35 or\u00eb m\u00ebsim.<\/li>\n<li>N\u00eb marr\u00ebveshje me Universitetin p\u00ebr t\u00eb Huaj t\u00eb Perugia-s, Instituti organizon \u00e7\u00e7do vit provime q\u00eb lidhen me marrjen e Diplom\u00ebs CELI (Certifikim Europian i Gjuh\u00ebs Italiane).<\/li>\n<li>N\u00eb marr\u00ebveshje me Universitetin p\u00ebr t\u00eb Huaj t\u00eb Siena-s, Instituti organizon \u00e7do vit provime q\u00eb lidhen me marrjen e Diplom\u00ebs CILS (Certifikim Europian i Gjuh\u00ebs Italiane).<\/li>\n<\/ul>\n<h5><strong style=\"color: #000080;\">STRUKTURA E KURSEVE T\u00cb GJUH\u00cbS DHE KULTUR\u00cbS ITALIANE\u00a0<\/strong><\/h5>\n<table style=\"height: 189px;\" width=\"998\">\n<tbody>\n<tr>\n<td width=\"128\">\n<p style=\"text-align: center;\"><span style=\"color: #000080;\"><strong>Niveli<\/strong><\/span><\/p>\n<\/td>\n<td width=\"89\">\n<p style=\"text-align: center;\">A1<\/p>\n<p style=\"text-align: center;\">Fillestar<\/p>\n<\/td>\n<td style=\"text-align: center;\">A2<\/p>\n<p>Fillestar i avancuar<\/td>\n<td style=\"text-align: center;\">B1<\/p>\n<p>Mesatar<\/td>\n<td style=\"text-align: center;\">B2<\/p>\n<p>Mesatar i avancuar<\/td>\n<td style=\"text-align: center;\">A1 \/ A2\/ B1 \/ B2<\/p>\n<p>Adoleshent\u00eb<\/td>\n<\/tr>\n<tr>\n<td style=\"text-align: center;\" width=\"128\"><span style=\"color: #000080;\"><strong>Or\u00eb\u00a0<\/strong><\/span><\/td>\n<td style=\"text-align: center;\" width=\"89\">50<\/td>\n<td style=\"text-align: center;\">50<\/td>\n<td style=\"text-align: center;\">50<\/td>\n<td style=\"text-align: center;\">50<\/td>\n<td>\n<p style=\"text-align: center;\">50 or\u00eb secili nivel<\/p>\n<\/td>\n<\/tr>\n<tr>\n<td style=\"text-align: center;\" width=\"128\"><span style=\"color: #000080;\"><strong>Frekuentimi: <em>\u00a0<\/em><\/strong><\/span><\/td>\n<td style=\"text-align: center;\" width=\"89\">6 or\u00eb n\u00eb jav\u00eb<\/td>\n<td style=\"text-align: center;\">6 or\u00eb n\u00eb jav\u00eb<\/td>\n<td style=\"text-align: center;\">6 or\u00eb n\u00eb jav\u00eb<\/td>\n<td style=\"text-align: center;\">6 or\u00eb n\u00eb jav\u00eb<\/td>\n<td>\n<p style=\"text-align: center;\">4 or\u00eb n\u00eb jav\u00eb<\/p>\n<\/td>\n<\/tr>\n<\/tbody>\n<\/table>\n<h4 style=\"text-align: left;\"><a href=\"https:\/\/iictirana.esteri.it\/wp-content\/uploads\/2025\/12\/Corsi-di-Lingua2026_AL.pdf\"><span style=\"color: #008000;\"><strong><img loading=\"lazy\" decoding=\"async\" class=\"alignleft wp-image-9590 img-fluid\" src=\"https:\/\/iictirana.esteri.it\/wp-content\/uploads\/2025\/12\/Cover-SHQ-300x114.jpg\" alt=\"\" width=\"345\" height=\"131\" srcset=\"https:\/\/iictirana.esteri.it\/wp-content\/uploads\/2025\/12\/Cover-SHQ-300x114.jpg 300w, https:\/\/iictirana.esteri.it\/wp-content\/uploads\/2025\/12\/Cover-SHQ-1024x390.jpg 1024w, https:\/\/iictirana.esteri.it\/wp-content\/uploads\/2025\/12\/Cover-SHQ-768x293.jpg 768w, https:\/\/iictirana.esteri.it\/wp-content\/uploads\/2025\/12\/Cover-SHQ.jpg 1920w\" sizes=\"auto, (max-width: 345px) 100vw, 345px\" \/><\/strong><\/span><\/a><\/h4>\n<h4><\/h4>\n<h4><\/h4>\n<h4><\/h4>\n<h5><\/h5>\n<h5><span style=\"color: #003366;\"><strong>\u00a0SI T\u00cb ZGJEDH\u00cbSH KURSIN E DUHUR P\u00cbR TY?<\/strong><\/span><\/h5>\n<p>\u2022 Je fillestar: regjistrohu n\u00eb nj\u00eb kurs A1<\/p>\n<p>\u2022 Nuk je fillestar: duhet t\u00eb b\u00ebsh nj\u00eb test orientimi p\u00ebr t\u2019u njohur me nivelin tend t\u00eb gjuh\u00ebs.Testi \u00ebsht\u00eb <strong>falas<\/strong>.<\/p>\n<p><span style=\"color: #003366;\"><strong>#1 Kurse t\u00eb gjuh\u00ebs italiane<\/strong><\/span><\/p>\n<table style=\"height: 281px;\" width=\"991\">\n<tbody>\n<tr>\n<td width=\"31\">\n<p style=\"text-align: center;\">N.<\/p>\n<\/td>\n<td width=\"85\"><span style=\"color: #003366;\"><strong>Tipologjia e kursit<\/strong><\/span><\/td>\n<td width=\"91\">\n<p style=\"text-align: center;\"><span style=\"color: #003366;\"><strong>Or\u00eb<\/strong><\/span><\/p>\n<\/td>\n<td style=\"text-align: center;\" width=\"116\"><span style=\"color: #003366;\"><strong>Struktura e kursit<\/strong><\/span><\/td>\n<td style=\"text-align: center;\" width=\"140\"><span style=\"color: #003366;\"><strong>Datat<\/strong><\/span><\/td>\n<td style=\"text-align: center;\" width=\"113\"><span style=\"color: #003366;\"><strong>Orari i propozuar<\/strong><\/span><\/td>\n<td style=\"text-align: center;\" width=\"123\"><span style=\"color: #003366;\"><strong>Dit\u00ebt<\/strong><\/span><\/td>\n<td width=\"76\">\n<p style=\"text-align: center;\"><span style=\"color: #003366;\"><strong>\u00c7mimi<\/strong><\/span><\/p>\n<\/td>\n<\/tr>\n<tr>\n<td width=\"31\">\n<p style=\"text-align: center;\">1.<\/p>\n<\/td>\n<td width=\"85\"><span style=\"color: #003366;\">Kurse p\u00ebr adoleshent\u00eb nga mosha 12 deri n\u00eb vje\u00e7<\/span><\/td>\n<td width=\"91\">\n<p style=\"text-align: center;\">4 or\u00eb n\u00eb jav\u00eb<\/p>\n<p style=\"text-align: center;\">Tot. 50 or\u00eb<\/p>\n<\/td>\n<td style=\"text-align: center;\" width=\"116\">2 seanca nga 120\u2019<\/td>\n<td style=\"text-align: center;\" width=\"140\">12.01 &#8211; 13.04.2026<\/p>\n<p>21.09 &#8211; 16.12.2026<\/td>\n<td style=\"text-align: center;\" width=\"113\">16:30 \u2013 18:30<\/p>\n<p>18:30 \u2013 20:30<\/td>\n<td style=\"text-align: center;\" width=\"123\">e h\u00ebn\u00eb &#8211; e m\u00ebrkur\u00eb<\/td>\n<td width=\"76\">20.000 lek\u00eb<\/td>\n<\/tr>\n<tr>\n<td width=\"31\">\n<p style=\"text-align: center;\">2.<\/p>\n<\/td>\n<td width=\"85\"><span style=\"color: #003366;\">Kurse gjys\u00ebm intensive<\/span><\/td>\n<td width=\"91\">\n<p style=\"text-align: center;\">6 or\u00eb n\u00eb jav\u00eb<\/p>\n<p style=\"text-align: center;\">Tot. 50 or\u00eb<\/p>\n<\/td>\n<td style=\"text-align: center;\" width=\"116\">3 seanca nga 120\u2019<\/td>\n<td style=\"text-align: center;\" width=\"140\">12.01 &#8211; 0<span style=\"font-family: inherit; font-size: inherit;\">9.<\/span><span style=\"font-family: inherit; font-size: inherit;\">03.2026<\/span><\/p>\n<p>23.03 &#8211; 22.05.2026<\/p>\n<p>21.09 &#8211; 18.11.2026<\/td>\n<td style=\"text-align: center;\" width=\"113\">&nbsp;<\/p>\n<p>16:30 \u2013 18:30<\/p>\n<p>18:30 \u2013 20:30<\/p>\n<p>&nbsp;<\/td>\n<td style=\"text-align: center;\" width=\"123\">e h\u00ebn\u00eb &#8211; e m\u00ebrkur\u00eb &#8211; e premte<\/p>\n<p><em>ose<\/em><\/p>\n<p>e mart\u00eb &#8211; e enjte &#8211; e premte<\/td>\n<td width=\"76\">\n<p style=\"text-align: center;\">20.000 lek\u00eb<\/p>\n<\/td>\n<\/tr>\n<\/tbody>\n<\/table>\n<p style=\"padding-left: 40px;\"><span style=\"color: #003366;\"><strong><em>\u2013 Sipas k\u00ebrkes\u00ebs ofrohen kurse intensive, m\u00ebsime private individuale, si dhe kurse n\u00eb grup p\u00ebr kompani.<\/em><\/strong><\/span><\/p>\n<p><span style=\"color: #003366;\">#<strong><u>2 Kurse p\u00ebrgatitore p\u00ebr certifikimin CELI dhe CILS<\/u><\/strong><\/span><\/p>\n<table style=\"height: 277px;\" width=\"991\">\n<tbody>\n<tr>\n<td width=\"37\">\n<p style=\"text-align: center;\">N.<\/p>\n<\/td>\n<td style=\"text-align: center;\" width=\"161\"><strong><span style=\"color: #003366;\">Tipologjia e kursit<\/span><\/strong><\/td>\n<td style=\"text-align: center;\" width=\"113\"><strong><span style=\"color: #003366;\">Or\u00eb<\/span><\/strong><\/td>\n<td style=\"text-align: center;\" width=\"123\"><strong><span style=\"color: #003366;\">Struktura e kursit<\/span><\/strong><\/td>\n<td style=\"text-align: center;\" width=\"151\"><strong><span style=\"color: #003366;\">Datat<\/span><\/strong><\/td>\n<td style=\"text-align: center;\" width=\"94\"><span style=\"color: #003366;\"><strong>\u00c7mimi<\/strong><\/span><\/td>\n<\/tr>\n<tr>\n<td width=\"37\">\n<p style=\"text-align: center;\">1.<\/p>\n<\/td>\n<td width=\"161\"><span style=\"color: #003366;\">Kurse p\u00ebrgatitore p\u00ebr certifikat\u00ebn CELI 3 &#8211; B2<\/span><\/td>\n<td width=\"113\">\n<p style=\"text-align: center;\">4 or\u00eb n\u00eb jav\u00eb<\/p>\n<p style=\"text-align: center;\">Tot. 20 or\u00eb<\/p>\n<\/td>\n<td style=\"text-align: center;\" width=\"123\">2 seanca nga 120\u2019<\/td>\n<td style=\"text-align: center;\" width=\"151\">02.02 &#8211; 06.03.2026<\/p>\n<p>04.05 &#8211; 05.06.2026<\/p>\n<p>05.10 &#8211; 06.11.2026<\/td>\n<td width=\"94\">\n<p style=\"text-align: center;\">8.000 lek\u00eb<\/p>\n<\/td>\n<\/tr>\n<tr>\n<td width=\"37\">\n<p style=\"text-align: center;\">2.<\/p>\n<\/td>\n<td width=\"161\"><span style=\"color: #003366;\">Kurse p\u00ebrgatitore p\u00ebr certifikat\u00ebn CILS &#8211; B2<\/span><\/td>\n<td width=\"113\">\n<p style=\"text-align: center;\">4 or\u00eb n\u00eb jav\u00eb<\/p>\n<p style=\"text-align: center;\">Tot. 20 or\u00eb<\/p>\n<\/td>\n<td style=\"text-align: center;\" width=\"123\">2 seanca nga 120\u2019<\/td>\n<td style=\"text-align: center;\" width=\"151\">09.03 &#8211; 10.04.2026<\/p>\n<p>04.05 &#8211; 05.06.2026<\/p>\n<p>19.10 &#8211; 20.11.2026<\/td>\n<td width=\"94\">\n<p style=\"text-align: center;\">8.000 lek\u00eb<\/p>\n<\/td>\n<\/tr>\n<\/tbody>\n<\/table>\n<p><span style=\"color: #003366;\"><strong><u>#3 Kurse t\u00eb gjuh\u00ebs italiane p\u00ebr fillestar\u00eb<\/u><\/strong><\/span><\/p>\n<table style=\"height: 136px;\" width=\"987\">\n<tbody>\n<tr>\n<td width=\"47\">\n<p style=\"text-align: center;\">N,<\/p>\n<\/td>\n<td style=\"text-align: center;\" width=\"123\"><strong><span style=\"color: #003366;\">Tipologjia e kursit<\/span><\/strong><\/td>\n<td style=\"text-align: center;\" width=\"113\"><strong><span style=\"color: #003366;\">Or\u00eb<\/span><\/strong><\/td>\n<td style=\"text-align: center;\" width=\"142\"><strong><span style=\"color: #003366;\">Struktura e kursit<\/span><\/strong><\/td>\n<td style=\"text-align: center;\" width=\"170\"><strong><span style=\"color: #003366;\">Datat<\/span><\/strong><\/td>\n<td style=\"text-align: center;\" width=\"85\"><span style=\"color: #003366;\"><strong>\u00c7mimi<\/strong><\/span><\/td>\n<\/tr>\n<tr>\n<td width=\"47\">1.<\/td>\n<td width=\"123\"><span style=\"color: #003366;\">Kurs i gjuh\u00ebs shqipe p\u00ebr fillestar\u00eb<\/span><\/td>\n<td width=\"113\">\n<p style=\"text-align: center;\">3 or\u00eb n\u00eb jav\u00eb<\/p>\n<p style=\"text-align: center;\">Tot. 50 or\u00eb<\/p>\n<\/td>\n<td style=\"text-align: center;\" width=\"142\">2 seanca nga 90\u2019 n\u00eb\u00a0 orar mbr\u00ebmje<\/td>\n<td style=\"text-align: center;\" width=\"170\">12.01-15.05.2026<\/td>\n<td style=\"text-align: center;\" width=\"85\">25.000 lek\u00eb<\/td>\n<\/tr>\n<\/tbody>\n<\/table>\n<h4 style=\"text-align: left;\"><span style=\"color: #008000;\"><strong>\u00a0 &#8211; \/ &#8211;<\/strong><\/span><\/h4>\n<h5><span style=\"color: #003366;\"><strong>SI T\u00cb REGJISTROHESH N\u00cb KURS?<\/strong><\/span><\/h5>\n<p><strong>1. Shkarko <a href=\"https:\/\/iictirana.esteri.it\/wp-content\/uploads\/2025\/11\/scheda_di_iscrizione_corsi_2026.docx\">Skeda e regjistrimit kurse 2026<\/a> dhe plot\u00ebsoje.<\/strong><\/p>\n<p><strong>2. Pagesa.<\/strong><\/p>\n<p style=\"padding-left: 40px;\">Pagesa mund t\u00eb kryhet ose me kart\u00eb bankare pran\u00eb Institutit Italian t\u00eb Kultur\u00ebs, ose me transfert\u00eb bankare sipas t\u00eb dh\u00ebnave t\u00eb m\u00ebposhtme:<\/p>\n<p style=\"padding-left: 40px;\"><strong>Banka: Intesa SanPaolo Bank Albania<\/strong><\/p>\n<p style=\"padding-left: 40px;\"><strong>Mbajt\u00ebsi i llogaris\u00eb: Instituti Italian i Kultur\u00ebs<\/strong><\/p>\n<p style=\"padding-left: 40px;\"><strong>c\/c n\u00eb Lek\u00eb: 30861332802<\/strong><\/p>\n<p style=\"padding-left: 40px;\"><strong>IBAN: AL26208111010000030861332802<\/strong><\/p>\n<p style=\"padding-left: 40px;\"><strong>N\u00eb pages\u00eb duhet t\u00eb specifikohet emri dhe mbiemri i studentit dhe niveli i kursit<\/strong> (P\u00ebr shembull: MARIO ROSSI A1).<\/p>\n<p style=\"padding-left: 40px;\"><span style=\"color: #ff0000;\"><strong><u>Nuk pranohet pagesa cash.<\/u><\/strong><\/span><\/p>\n<p><strong>3.\u00a0 D\u00ebrgoni formularin e regjistrimit, pages\u00ebn dhe nj\u00eb kopje t\u00eb dokumentit tuaj t\u00eb identifikimit n\u00eb adres\u00ebn e m\u00ebposhtme t\u00eb email-it: corsi.iictirana@esteri.it<\/strong><\/p>\n<p style=\"padding-left: 40px;\"><em><span style=\"color: #ff0000;\">KUJDES:<\/span>\u00a0Regjistrimi \u00ebsht\u00eb i vlefsh\u00ebm vet\u00ebm pasi t\u00eb jet\u00eb b\u00ebr\u00eb pagesa.<\/em><\/p>\n<h4 style=\"text-align: left;\"><span style=\"color: #008000;\"><strong>\u00a0 &#8211; \/ &#8211;<\/strong><\/span><\/h4>\n<p><span style=\"color: #003366;\"><strong>LIBRAT: <\/strong><\/span><em>NUOVISSIMO PROGETTO ITALIANO 1a,1b, 2a, 2b<\/em><\/p>\n<p><img loading=\"lazy\" decoding=\"async\" class=\"alignleft wp-image-9403 img-fluid\" src=\"https:\/\/iictirana.esteri.it\/wp-content\/uploads\/2025\/11\/1A.jpg\" alt=\"\" width=\"136\" height=\"156\" \/><img loading=\"lazy\" decoding=\"async\" class=\"alignleft wp-image-9404 img-fluid\" src=\"https:\/\/iictirana.esteri.it\/wp-content\/uploads\/2025\/11\/1B.jpg\" alt=\"\" width=\"119\" height=\"159\" \/><img loading=\"lazy\" decoding=\"async\" class=\"alignleft wp-image-9405 img-fluid\" src=\"https:\/\/iictirana.esteri.it\/wp-content\/uploads\/2025\/11\/2A.jpg\" alt=\"\" width=\"116\" height=\"156\" \/><img loading=\"lazy\" decoding=\"async\" class=\"alignleft wp-image-9406 img-fluid\" src=\"https:\/\/iictirana.esteri.it\/wp-content\/uploads\/2025\/11\/2B.jpg\" alt=\"\" width=\"105\" height=\"140\" \/><\/p>\n<p style=\"padding-left: 40px;\"><span style=\"text-decoration: underline;\">Adresa ku mund t<\/span>\u00eb blihen librat<span style=\"text-decoration: underline;\">:<\/span><\/p>\n<p style=\"padding-left: 40px;\"><strong>EDUCATIONAL CENTRE ALBANIA &#8211; INTERNATIONAL BOOKSHOP<\/strong><\/p>\n<p style=\"padding-left: 40px;\">Adresa: \u00a0Rruga Ismail Qemali, Tiran\u00eb 1001<\/p>\n<p style=\"padding-left: 40px;\">Mob: +355674043290<\/p>\n<p style=\"padding-left: 40px;\">Website: <a href=\"http:\/\/www.educationalcentre.al\">www.educationalcentre.al<\/a><\/p>\n<p style=\"padding-left: 40px;\"><em><span style=\"color: #ff0000;\">KUJDES:<\/span> Blerja e librit nuk p\u00ebrfshihet n\u00eb tarif\u00ebn e kursit.<\/em><\/p>\n<p style=\"text-align: center;\"><span style=\"color: #ff0000;\"><strong>\u00a0KONTAKTET:<\/strong><\/span><\/p>\n<p style=\"text-align: center;\"><em><strong>Zyra e Kurseve dhe \u00c7ertifikimit t\u00eb gjuh\u00ebs Italiane\u00a0<\/strong><\/em><\/p>\n<p style=\"text-align: center;\"><strong>Tel: +355 4 2379580 Cell. +355 \u00a068 60 50592<\/strong><\/p>\n<p style=\"text-align: center;\"><strong><a href=\"mailto:corsi.iictirana@esteri.it\">corsi.iictirana@esteri.it<\/a><\/strong><\/p>\n","protected":false},"excerpt":{"rendered":"Pse duhet t\u00eb studioni gjuh\u00ebn italiane pran\u00eb Institutit Italian t\u00eb Kultur\u00ebs n\u00eb Tiran\u00eb? Instituti Italian i Kultur\u00ebs n\u00eb Tiran\u00eb organizon kurse t\u00eb gjuh\u00ebs dhe kultur\u00ebs italiane q\u00eb prej vitit 1994, si edhe kurse trajnimi dhe kualifikimi p\u00ebr m\u00ebsuesit e italishtes si GJ2. Kurset e gjuh\u00ebs t\u00eb zhvilluara nga Instituti ndahen n\u00eb nivele t\u00eb ndryshme t\u00eb [&hellip;]","protected":false},"author":1,"featured_media":0,"parent":84,"menu_order":0,"comment_status":"closed","ping_status":"closed","template":"","meta":{"footnotes":""},"class_list":["post-85","page","type-page","status-publish","hentry"],"_links":{"self":[{"href":"https:\/\/iictirana.esteri.it\/sq\/wp-json\/wp\/v2\/pages\/85","targetHints":{"allow":["GET"]}}],"collection":[{"href":"https:\/\/iictirana.esteri.it\/sq\/wp-json\/wp\/v2\/pages"}],"about":[{"href":"https:\/\/iictirana.esteri.it\/sq\/wp-json\/wp\/v2\/types\/page"}],"author":[{"embeddable":true,"href":"https:\/\/iictirana.esteri.it\/sq\/wp-json\/wp\/v2\/users\/1"}],"replies":[{"embeddable":true,"href":"https:\/\/iictirana.esteri.it\/sq\/wp-json\/wp\/v2\/comments?post=85"}],"version-history":[{"count":21,"href":"https:\/\/iictirana.esteri.it\/sq\/wp-json\/wp\/v2\/pages\/85\/revisions"}],"predecessor-version":[{"id":9862,"href":"https:\/\/iictirana.esteri.it\/sq\/wp-json\/wp\/v2\/pages\/85\/revisions\/9862"}],"up":[{"embeddable":true,"href":"https:\/\/iictirana.esteri.it\/sq\/wp-json\/wp\/v2\/pages\/84"}],"wp:attachment":[{"href":"https:\/\/iictirana.esteri.it\/sq\/wp-json\/wp\/v2\/media?parent=85"}],"curies":[{"name":"wp","href":"https:\/\/api.w.org\/{rel}","templated":true}]}}