{"id":84,"date":"2023-04-03T20:30:34","date_gmt":"2023-04-03T18:30:34","guid":{"rendered":"https:\/\/iictirana.esteri.it\/lingua-e-cultura\/"},"modified":"2023-05-25T11:34:43","modified_gmt":"2023-05-25T09:34:43","slug":"lingua-e-cultura","status":"publish","type":"page","link":"https:\/\/iictirana.esteri.it\/sq\/lingua-e-cultura\/","title":{"rendered":"Gjuha dhe kultura"},"content":{"rendered":"<p>\u00c7do vit,\u00a0<strong>gjys\u00ebm milion\u00eb<\/strong>\u00a0student\u00eb ndjekin kurset e gjuh\u00ebs italiane jasht\u00eb Italis\u00eb, n\u00eb t\u00eb gjitha vendet e bot\u00ebs.<\/p>\n<p><span class=\"titoloRosso\">Po p\u00ebrse pik\u00ebrisht italishten?<\/p>\n<p><\/span>Sepse Italia dhe Shqip\u00ebria, duke qen\u00eb fqinj, jan\u00eb partner\u00eb strategjik dhe e konsiderojn\u00eb bashk\u00ebpunimin n\u00eb sektorin e informacionit par\u00ebsor p\u00ebr t\u00eb ardhmen e raporteve dypal\u00ebshe.<br \/>\n<strong><br \/>\nItalishtja \u00ebsht\u00eb nj\u00eb gjuh\u00eb studimi.<\/strong>\u00a0Jan\u00eb t\u00eb shumt\u00eb student\u00ebt q\u00eb \u00e7do vit vendosin t\u00eb frekuentojn\u00eb shkollat tona, universitetet tona, akademit\u00eb tona, bibliotekat tona.<br \/>\n<strong><br \/>\nItalishtja \u00ebshte nj\u00eb gjuh\u00eb pune.<\/strong>\u00a0Menaxher\u00eb, investues, teknik\u00eb e pun\u00ebtor\u00eb, marrin kontakte me bot\u00ebn industriale, artizanale dhe t\u00eb sh\u00ebrbimeve italiane q\u00eb kap\u00ebrcen kufijt\u00eb e vendit ton\u00eb.<br \/>\n<strong><br \/>\nDuke folur italisht<\/strong>\u00a0vizita e vendit ton\u00eb dhe e njer\u00ebzve t\u00eb tij mikprit\u00ebs e t\u00eb sjellsh\u00ebm shnd\u00ebrrohet n\u00eb nj\u00eb k\u00ebnaq\u00ebsi t\u00eb v\u00ebrtet\u00eb, mes qyteteve t\u00eb artit dhe mrekullive t\u00eb natyr\u00ebs.<\/p>\n<p><span class=\"titoloRosso\">P\u00ebrse t\u00eb zgjedh\u00ebsh Italin\u00eb?<\/p>\n<p><\/span><\/p>\n<ul>\n<li>Sepse \u00ebsht\u00eb nj\u00eb qytet\u00ebrim mij\u00ebvje\u00e7ar i projektuar drejt s\u00eb ardhmes;<\/li>\n<li>Sepse \u00ebsht\u00eb djepi i artit dhe i let\u00ebrsis\u00eb por edhe nj\u00eb prej ekonomive m\u00eb t\u00eb p\u00ebrparuara t\u00eb bot\u00ebs;<\/li>\n<li>Sepse vet\u00eb pozicioni i saj gjeografik, n\u00eb qend\u00ebr t\u00eb Mesdheut, e b\u00ebn nj\u00eb ur\u00eb natyrore mes kulturave;<\/li>\n<li>Sepse mes 78 Universiteteve t\u00eb saj gjenden ato m\u00eb t\u00eb vjetrat n\u00eb bot\u00eb dhe mund t\u00eb vendos\u00ebsh t\u00eb specializohesh n\u00eb arkeologji, ashtu si edhe n\u00eb astrofizik\u00eb;<\/li>\n<li>Sepse n\u00eb akademit\u00eb dhe konservator\u00ebt, mund t\u00eb m\u00ebsosh mjesht\u00ebrin\u00eb delikate t\u00eb restaurimit, t\u00eb studiosh p\u00ebr soprano, t\u00eb eksperimentosh tendencat e fundit artistike per\u00ebndimore;<\/li>\n<li>Sepse Italia ofron mund\u00ebsi k\u00ebrkimi n\u00eb sektor\u00ebt m\u00eb t\u00eb r\u00ebnd\u00ebsish\u00ebm, nga ai bioteknologjik tek ai informatik;<\/li>\n<li>Sepse \u00ebsht\u00eb vendi i bukuris\u00eb, i peizazheve m\u00eb t\u00eb ndrysh\u00ebm, manastireve mesjetar\u00eb, i Rilindjes, i muzik\u00ebs, i kinemas\u00eb, i mod\u00ebs, etj.\u00a0<em>Made in Italy<\/em>\u00a0nuk \u00ebsht\u00eb vet\u00ebm nj\u00eb mark\u00eb origjine, \u00ebsht\u00eb nj\u00eb art i krijimit, q\u00eb vjen nga larg, \u00ebsht\u00eb zgjuarsi dhe pasion, artizanat q\u00eb shnd\u00ebrrohet n\u00eb teknologji t\u00eb lart\u00eb.<\/li>\n<\/ul>\n<p>E p\u00ebr m\u00eb tep\u00ebr\u2026<\/p>\n<p>Sepse\u00a0<strong>KINEMAJA<\/strong>\u00a0flet italisht<br \/>\nLa Dolce Vita, Bertolucci, Cinema Paradiso, Rossellini, Sofia Loren, Martin Scorsese.<\/p>\n<p>Sepse\u00a0<strong>SHKENCA &amp; TEKNOLOGJIA<\/strong>\u00a0flasin italisht<br \/>\nGalileo, Spallanzani, Volta, Marconi, Rubbia, Fermi, Levi Montalcini.<\/p>\n<p>Sepse\u00a0<strong>TURIZMI<\/strong>\u00a0flet italisht<br \/>\nToscana, Roma, Capri, Firenze, Venezia, Palermo, Napoli.<\/p>\n<p>Sepse\u00a0<strong>ARTI<\/strong>\u00a0flet italisht<br \/>\nRaffaello, Monna Lisa, Michelangelo, Mosaico, Tiziano, Affresco, Botticelli.<\/p>\n<p>Sepse\u00a0<strong>KUZHINA<\/strong>\u00a0flet italisht<br \/>\nPizza, Spaghetti, Risotto, Polenta.<\/p>\n<p>Sepse\u00a0<strong>MODA<\/strong>\u00a0flet italisht<br \/>\nArmani, Valentino, Biagiotti, Ferragamo, Gucci, Versace.<\/p>\n<p>Sepse\u00a0<strong>MUZIKA<\/strong>\u00a0flet italisht<br \/>\nPavarotti, Verdi, Vivaldi, Puccini.<\/p>\n","protected":false},"excerpt":{"rendered":"\u00c7do vit,\u00a0gjys\u00ebm milion\u00eb\u00a0student\u00eb ndjekin kurset e gjuh\u00ebs italiane jasht\u00eb Italis\u00eb, n\u00eb t\u00eb gjitha vendet e bot\u00ebs. Po p\u00ebrse pik\u00ebrisht italishten? Sepse Italia dhe Shqip\u00ebria, duke qen\u00eb fqinj, jan\u00eb partner\u00eb strategjik dhe e konsiderojn\u00eb bashk\u00ebpunimin n\u00eb sektorin e informacionit par\u00ebsor p\u00ebr t\u00eb ardhmen e raporteve dypal\u00ebshe. Italishtja \u00ebsht\u00eb nj\u00eb gjuh\u00eb studimi.\u00a0Jan\u00eb t\u00eb shumt\u00eb student\u00ebt q\u00eb \u00e7do [&hellip;]","protected":false},"author":1,"featured_media":0,"parent":0,"menu_order":4,"comment_status":"closed","ping_status":"closed","template":"","meta":{"footnotes":""},"class_list":["post-84","page","type-page","status-publish","hentry"],"_links":{"self":[{"href":"https:\/\/iictirana.esteri.it\/sq\/wp-json\/wp\/v2\/pages\/84","targetHints":{"allow":["GET"]}}],"collection":[{"href":"https:\/\/iictirana.esteri.it\/sq\/wp-json\/wp\/v2\/pages"}],"about":[{"href":"https:\/\/iictirana.esteri.it\/sq\/wp-json\/wp\/v2\/types\/page"}],"author":[{"embeddable":true,"href":"https:\/\/iictirana.esteri.it\/sq\/wp-json\/wp\/v2\/users\/1"}],"replies":[{"embeddable":true,"href":"https:\/\/iictirana.esteri.it\/sq\/wp-json\/wp\/v2\/comments?post=84"}],"version-history":[{"count":3,"href":"https:\/\/iictirana.esteri.it\/sq\/wp-json\/wp\/v2\/pages\/84\/revisions"}],"predecessor-version":[{"id":106,"href":"https:\/\/iictirana.esteri.it\/sq\/wp-json\/wp\/v2\/pages\/84\/revisions\/106"}],"wp:attachment":[{"href":"https:\/\/iictirana.esteri.it\/sq\/wp-json\/wp\/v2\/media?parent=84"}],"curies":[{"name":"wp","href":"https:\/\/api.w.org\/{rel}","templated":true}]}}