{"id":83,"date":"2023-04-03T20:55:21","date_gmt":"2023-04-03T18:55:21","guid":{"rendered":"https:\/\/iictirana.esteri.it\/chi-siamo\/contatti\/"},"modified":"2026-01-08T12:17:51","modified_gmt":"2026-01-08T10:17:51","slug":"contatti","status":"publish","type":"page","link":"https:\/\/iictirana.esteri.it\/sq\/chi-siamo\/contatti\/","title":{"rendered":"Kontaktet"},"content":{"rendered":"<p>Mir\u00ebsevini n\u00eb\u00a0<strong>Institutin Italian t\u00eb Kultur\u00ebs<\/strong><\/p>\n<p>Pallati i Kultur\u00ebs, (K.II)<br \/>\nSheshi Skenderbej, 1010 Tirana<br \/>\nTel: +355 4 2390018 \/ +355 4 2390019<br \/>\nEmail:\u00a0<a href=\"mailto:iictirana@esteri.it\">iictirana@esteri.it<\/a><br \/>\nPEC:\u00a0<a href=\"mailto:iic.tirana@cert.esteri.it\">iic.tirana@cert.esteri.it<\/a><\/p>\n<p>&nbsp;<\/p>\n<p><strong>Orari\u00a0 i hapjes p\u00ebr Publikun:<\/strong><br \/>\nnga E h\u00ebna n\u00eb t\u00eb premte &#8211; nga ora 9.00 n\u00eb or\u00ebn 13.00 dhe nga ora 14.00 n\u00eb ora 17.00<\/p>\n<p><strong>Zyra e Kurseve t\u00eb Gjuh\u00ebs dhe \u00c7ertifikimeve<\/strong>\u00a0do t\u00eb pres\u00eb publikun nga e h\u00ebna n\u00eb t\u00eb premte, n\u00eb oraret si vijon:<\/p>\n<p>Paradite: 10.00 \u2013 12.00<\/p>\n<p>Pasdite: 14.30 \u2013 16.30<\/p>\n<p>P\u00ebr pritje jasht\u00eb orareve t\u00eb sip\u00ebrp\u00ebrmendur, ju lutemi t\u00eb k\u00ebrkoni takim duke shkruar nj\u00eb e-mail n\u00eb adres\u00ebn:\u00a0<a href=\"mailto:corsi.iictirana@esteri.it\">corsi.iictirana@esteri.it<\/a><\/p>\n<p>&nbsp;<\/p>\n<p><strong>Kalendari i festave p\u00ebr vitin 2026<\/strong><\/p>\n<table class=\"table\" border=\"0\">\n<tbody>\n<tr>\n<td>01 janar (E enjte)<\/td>\n<td>VITI I RI<\/td>\n<\/tr>\n<tr>\n<td>06 janar (E mart\u00eb)<\/td>\n<td>EPIFANIA<\/td>\n<\/tr>\n<tr>\n<td>20 mars (E premte)<\/td>\n<td>BAJRAM I MADH<\/td>\n<\/tr>\n<tr>\n<td>06 prill (E h\u00ebn\u00eb)<\/td>\n<td>PASHK\u00cbT<\/td>\n<\/tr>\n<tr>\n<td>25 prill (E shtun\u00eb)<\/td>\n<td>FESTA E \u00c7LIRIMIT<\/td>\n<\/tr>\n<tr>\n<td>01 maj (E premte)<\/td>\n<td>FESTA E PUN\u00cbTOR\u00cbVE<\/td>\n<\/tr>\n<tr>\n<td>02 qershor (E mart\u00eb)<\/td>\n<td>FESTA E REPUBLIK\u00cbS<\/td>\n<\/tr>\n<tr>\n<td>05 shtator (E shtun\u00eb)<\/td>\n<td>SHENJTJA N\u00cbN\u00cb TEREZA<\/td>\n<\/tr>\n<tr>\n<td>28 n\u00ebntor (E shtun\u00eb)<\/td>\n<td>FESTA E PAVAR\u00cbSISE S\u00cb SHQIP\u00cbRIS\u00cb<\/td>\n<\/tr>\n<tr>\n<td>25 dhjetor (E premte)<\/td>\n<td>KRISHTLINDJA<\/td>\n<\/tr>\n<tr>\n<td>26 dhjetor (E shtun\u00eb)<\/td>\n<td>SH\u00cbN SHTJEFNI<\/td>\n<\/tr>\n<\/tbody>\n<\/table>\n<p>&nbsp;<\/p>\n","protected":false},"excerpt":{"rendered":"Mir\u00ebsevini n\u00eb\u00a0Institutin Italian t\u00eb Kultur\u00ebs Pallati i Kultur\u00ebs, (K.II) Sheshi Skenderbej, 1010 Tirana Tel: +355 4 2390018 \/ +355 4 2390019 Email:\u00a0iictirana@esteri.it PEC:\u00a0iic.tirana@cert.esteri.it &nbsp; Orari\u00a0 i hapjes p\u00ebr Publikun: nga E h\u00ebna n\u00eb t\u00eb premte &#8211; nga ora 9.00 n\u00eb or\u00ebn 13.00 dhe nga ora 14.00 n\u00eb ora 17.00 Zyra e Kurseve t\u00eb Gjuh\u00ebs dhe [&hellip;]","protected":false},"author":1,"featured_media":0,"parent":80,"menu_order":4,"comment_status":"closed","ping_status":"closed","template":"","meta":{"footnotes":""},"class_list":["post-83","page","type-page","status-publish","hentry"],"_links":{"self":[{"href":"https:\/\/iictirana.esteri.it\/sq\/wp-json\/wp\/v2\/pages\/83","targetHints":{"allow":["GET"]}}],"collection":[{"href":"https:\/\/iictirana.esteri.it\/sq\/wp-json\/wp\/v2\/pages"}],"about":[{"href":"https:\/\/iictirana.esteri.it\/sq\/wp-json\/wp\/v2\/types\/page"}],"author":[{"embeddable":true,"href":"https:\/\/iictirana.esteri.it\/sq\/wp-json\/wp\/v2\/users\/1"}],"replies":[{"embeddable":true,"href":"https:\/\/iictirana.esteri.it\/sq\/wp-json\/wp\/v2\/comments?post=83"}],"version-history":[{"count":6,"href":"https:\/\/iictirana.esteri.it\/sq\/wp-json\/wp\/v2\/pages\/83\/revisions"}],"predecessor-version":[{"id":9814,"href":"https:\/\/iictirana.esteri.it\/sq\/wp-json\/wp\/v2\/pages\/83\/revisions\/9814"}],"up":[{"embeddable":true,"href":"https:\/\/iictirana.esteri.it\/sq\/wp-json\/wp\/v2\/pages\/80"}],"wp:attachment":[{"href":"https:\/\/iictirana.esteri.it\/sq\/wp-json\/wp\/v2\/media?parent=83"}],"curies":[{"name":"wp","href":"https:\/\/api.w.org\/{rel}","templated":true}]}}