{"id":82,"date":"2023-04-03T20:55:02","date_gmt":"2023-04-03T18:55:02","guid":{"rendered":"https:\/\/iictirana.esteri.it\/chi-siamo\/la-sede\/"},"modified":"2025-10-23T10:43:21","modified_gmt":"2025-10-23T08:43:21","slug":"la-sede","status":"publish","type":"page","link":"https:\/\/iictirana.esteri.it\/sq\/chi-siamo\/la-sede\/","title":{"rendered":"Selia q\u00ebndrore"},"content":{"rendered":"<p>Instituti Italian i Kultur\u00ebs n\u00eb Tiran\u00eb u themelua n\u00eb vitin 1981 dhe p\u00ebr af\u00ebrsisht dhjet\u00eb vjet funksionoi si nj\u00eb Zyr\u00eb e thjesht\u00eb Kulturore e Ambasad\u00ebs Italiane. Gjat\u00eb k\u00ebsaj periudhe, aktivitetet e tij kulturore ishin t\u00eb kufizuara, duke mbajtur marr\u00ebdh\u00ebnie pothuajse ekskluzivisht me Departamentin e Kultur\u00ebs t\u00eb Ministris\u00eb s\u00eb Pun\u00ebve t\u00eb Jashtme t\u00eb Shqip\u00ebris\u00eb. Zyra, p\u00ebrve\u00e7 organizimit t\u00eb ekspozitave t\u00eb ndryshme, mbik\u00ebqyri kurset e gjuh\u00ebs italiane p\u00ebr student\u00ebt shqiptar\u00eb, regjistrimin e student\u00ebve n\u00eb universitetet italiane, dh\u00ebnien e diplomave dhe bursave akademike, e k\u00ebshtu me radh\u00eb.<\/p>\n<p>Me kalimin e viteve, aktivitetet e Institutit jan\u00eb rritur, jo vet\u00ebm n\u00eb aktivitetet akademike, por edhe n\u00eb organizimin e eventeve, deri n\u00eb vitin 1999, kur ai evoluoi nga nj\u00eb Zyr\u00eb e thjesht\u00eb Ambasade n\u00eb nj\u00eb Institut Kulturor t\u00eb plot\u00eb me selin\u00eb e vet.<\/p>\n<p>IIC n\u00eb Tiran\u00eb mbulon t\u00eb gjith\u00eb Shqip\u00ebrin\u00eb.<\/p>\n<p><img loading=\"lazy\" decoding=\"async\" class=\"alignleft size-full wp-image-8848 img-fluid\" src=\"https:\/\/iictirana.esteri.it\/wp-content\/uploads\/2025\/10\/albania-300x173-1.jpg\" alt=\"\" width=\"300\" height=\"173\" \/><\/p>\n<p>&nbsp;<\/p>\n<p>&nbsp;<\/p>\n<p>&nbsp;<\/p>\n<p>&nbsp;<\/p>\n<p>&nbsp;<\/p>\n<p>Q\u00eb nga korriku i vitit 2018, fusha e p\u00ebrgjegj\u00ebsis\u00eb s\u00eb IIC n\u00eb Tiran\u00eb p\u00ebr promovimin dhe p\u00ebrhapjen e gjuh\u00ebs dhe kultur\u00ebs italiane \u00ebsht\u00eb zgjeruar n\u00eb Republik\u00ebn e Kosov\u00ebs. Aktivitetet kulturore t\u00eb Institutit n\u00eb vendin e ri t\u00eb akreditimit kryhen n\u00eb bashk\u00ebpunim t\u00eb ngusht\u00eb me Ambasad\u00ebn Italiane n\u00eb Prishtin\u00eb.<\/p>\n<p><img loading=\"lazy\" decoding=\"async\" class=\"alignleft size-full wp-image-8845 img-fluid\" src=\"https:\/\/iictirana.esteri.it\/wp-content\/uploads\/2025\/10\/1200px-kosovo_in_europe_2008-298x300-1.png\" alt=\"\" width=\"298\" height=\"300\" srcset=\"https:\/\/iictirana.esteri.it\/wp-content\/uploads\/2025\/10\/1200px-kosovo_in_europe_2008-298x300-1.png 298w, https:\/\/iictirana.esteri.it\/wp-content\/uploads\/2025\/10\/1200px-kosovo_in_europe_2008-298x300-1-150x150.png 150w\" sizes=\"auto, (max-width: 298px) 100vw, 298px\" \/><\/p>\n<p>&nbsp;<\/p>\n<p>&nbsp;<\/p>\n<p>&nbsp;<\/p>\n","protected":false},"excerpt":{"rendered":"Instituti Italian i Kultur\u00ebs n\u00eb Tiran\u00eb u themelua n\u00eb vitin 1981 dhe p\u00ebr af\u00ebrsisht dhjet\u00eb vjet funksionoi si nj\u00eb Zyr\u00eb e thjesht\u00eb Kulturore e Ambasad\u00ebs Italiane. Gjat\u00eb k\u00ebsaj periudhe, aktivitetet e tij kulturore ishin t\u00eb kufizuara, duke mbajtur marr\u00ebdh\u00ebnie pothuajse ekskluzivisht me Departamentin e Kultur\u00ebs t\u00eb Ministris\u00eb s\u00eb Pun\u00ebve t\u00eb Jashtme t\u00eb Shqip\u00ebris\u00eb. Zyra, p\u00ebrve\u00e7 [&hellip;]","protected":false},"author":1,"featured_media":0,"parent":80,"menu_order":2,"comment_status":"closed","ping_status":"closed","template":"","meta":{"footnotes":""},"class_list":["post-82","page","type-page","status-publish","hentry"],"_links":{"self":[{"href":"https:\/\/iictirana.esteri.it\/sq\/wp-json\/wp\/v2\/pages\/82","targetHints":{"allow":["GET"]}}],"collection":[{"href":"https:\/\/iictirana.esteri.it\/sq\/wp-json\/wp\/v2\/pages"}],"about":[{"href":"https:\/\/iictirana.esteri.it\/sq\/wp-json\/wp\/v2\/types\/page"}],"author":[{"embeddable":true,"href":"https:\/\/iictirana.esteri.it\/sq\/wp-json\/wp\/v2\/users\/1"}],"replies":[{"embeddable":true,"href":"https:\/\/iictirana.esteri.it\/sq\/wp-json\/wp\/v2\/comments?post=82"}],"version-history":[{"count":3,"href":"https:\/\/iictirana.esteri.it\/sq\/wp-json\/wp\/v2\/pages\/82\/revisions"}],"predecessor-version":[{"id":8854,"href":"https:\/\/iictirana.esteri.it\/sq\/wp-json\/wp\/v2\/pages\/82\/revisions\/8854"}],"up":[{"embeddable":true,"href":"https:\/\/iictirana.esteri.it\/sq\/wp-json\/wp\/v2\/pages\/80"}],"wp:attachment":[{"href":"https:\/\/iictirana.esteri.it\/sq\/wp-json\/wp\/v2\/media?parent=82"}],"curies":[{"name":"wp","href":"https:\/\/api.w.org\/{rel}","templated":true}]}}