{"id":8110,"date":"2023-04-03T20:57:00","date_gmt":"2023-04-03T18:57:00","guid":{"rendered":"https:\/\/iictirana.esteri.it\/lingua-e-cultura\/premi-alla-traduzione\/"},"modified":"2026-02-24T17:49:13","modified_gmt":"2026-02-24T15:49:13","slug":"premi-alla-traduzione","status":"publish","type":"page","link":"https:\/\/iictirana.esteri.it\/sq\/lingua-e-cultura\/premi-alla-traduzione\/","title":{"rendered":"Premi alla traduzione"},"content":{"rendered":"<p><strong>Ministria e Pun\u00ebve t\u00eb Jashtme dhe Bashk\u00ebpunimit Nd\u00ebrkomb\u00ebtar<\/strong> nxit p\u00ebrhapjen e veprave italiane editoriale dhe kinematografike jasht\u00eb vendit duke ofruar stimuj p\u00ebr p\u00ebrkthimin dhe dublimin\/titrimin, t\u00eb cilat p\u00ebrfaq\u00ebsojn\u00eb nj\u00eb mjet strategjik p\u00ebr promovimin e gjuh\u00ebs dhe kultur\u00ebs italiane jasht\u00eb vendit.<\/p>\n<ul>\n<li>P\u00ebr t\u00eb dh\u00ebnat p\u00ebr aplikim 2026 klikoni <a href=\"https:\/\/iictirana.esteri.it\/wp-content\/uploads\/2026\/02\/Bando_Premi_Contributi_2026.pdf\"><strong>k\u00ebtu<\/strong><\/a><\/li>\n<li>P\u00ebr formularin e aplikimit klikoni <a href=\"https:\/\/iictirana.esteri.it\/wp-content\/uploads\/2026\/02\/Modulo_domanda.docx\"><strong>k\u00ebtu<\/strong><\/a><\/li>\n<\/ul>\n<p>Aplikimet duhet t\u00eb dor\u00ebzohen brenda dat\u00ebs<strong> 31.03.2026.<\/strong><\/p>\n","protected":false},"excerpt":{"rendered":"Ministria e Pun\u00ebve t\u00eb Jashtme dhe Bashk\u00ebpunimit Nd\u00ebrkomb\u00ebtar nxit p\u00ebrhapjen e veprave italiane editoriale dhe kinematografike jasht\u00eb vendit duke ofruar stimuj p\u00ebr p\u00ebrkthimin dhe dublimin\/titrimin, t\u00eb cilat p\u00ebrfaq\u00ebsojn\u00eb nj\u00eb mjet strategjik p\u00ebr promovimin e gjuh\u00ebs dhe kultur\u00ebs italiane jasht\u00eb vendit. P\u00ebr t\u00eb dh\u00ebnat p\u00ebr aplikim 2026 klikoni k\u00ebtu P\u00ebr formularin e aplikimit klikoni k\u00ebtu Aplikimet [&hellip;]","protected":false},"author":1,"featured_media":0,"parent":84,"menu_order":12,"comment_status":"closed","ping_status":"closed","template":"","meta":{"footnotes":""},"class_list":["post-8110","page","type-page","status-publish","hentry"],"_links":{"self":[{"href":"https:\/\/iictirana.esteri.it\/sq\/wp-json\/wp\/v2\/pages\/8110","targetHints":{"allow":["GET"]}}],"collection":[{"href":"https:\/\/iictirana.esteri.it\/sq\/wp-json\/wp\/v2\/pages"}],"about":[{"href":"https:\/\/iictirana.esteri.it\/sq\/wp-json\/wp\/v2\/types\/page"}],"author":[{"embeddable":true,"href":"https:\/\/iictirana.esteri.it\/sq\/wp-json\/wp\/v2\/users\/1"}],"replies":[{"embeddable":true,"href":"https:\/\/iictirana.esteri.it\/sq\/wp-json\/wp\/v2\/comments?post=8110"}],"version-history":[{"count":2,"href":"https:\/\/iictirana.esteri.it\/sq\/wp-json\/wp\/v2\/pages\/8110\/revisions"}],"predecessor-version":[{"id":10105,"href":"https:\/\/iictirana.esteri.it\/sq\/wp-json\/wp\/v2\/pages\/8110\/revisions\/10105"}],"up":[{"embeddable":true,"href":"https:\/\/iictirana.esteri.it\/sq\/wp-json\/wp\/v2\/pages\/84"}],"wp:attachment":[{"href":"https:\/\/iictirana.esteri.it\/sq\/wp-json\/wp\/v2\/media?parent=8110"}],"curies":[{"name":"wp","href":"https:\/\/api.w.org\/{rel}","templated":true}]}}