{"id":8104,"date":"2025-08-06T17:12:39","date_gmt":"2025-08-06T15:12:39","guid":{"rendered":"https:\/\/iictirana.esteri.it\/?page_id=8104"},"modified":"2025-08-26T12:34:39","modified_gmt":"2025-08-26T10:34:39","slug":"mlol-biblioteka-dixhitale","status":"publish","type":"page","link":"https:\/\/iictirana.esteri.it\/sq\/lingua-e-cultura\/biblioteca\/mlol-biblioteka-dixhitale\/","title":{"rendered":"MLOL \u2013 Biblioteka digjitale"},"content":{"rendered":"<p>Instituti Italian i Kultur\u00ebs n\u00eb Tiran\u00eb ka aktivizuar sh\u00ebrbimin e Bibliotek\u00ebs Digjitale MLOL (MediaLibraryOnLine), biblioteka digjitale kryesore n\u00eb Itali, e aksesueshme 24\/7.<\/p>\n<p>N\u00ebp\u00ebrmjet MLOL, ju mund t\u00eb aksesoni mij\u00ebra tituj n\u00eb formatin ebook, duke p\u00ebrfshir\u00eb tituj t\u00eb botuar s\u00eb fundmi, t\u00eb cil\u00ebt mund t&#8217;i shkarkoni dhe lexoni n\u00eb kompjuterin, smartphone-in, tabletin dhe lexuesin tuaj elektronik, p\u00ebr nj\u00eb periudh\u00eb t\u00eb kufizuar kohore.<\/p>\n<p>\ud83d\udd11 Si t\u00eb aksesoni sh\u00ebrbimin<br \/>\nP\u00ebr t\u00eb p\u00ebrdorur sh\u00ebrbimin e huadh\u00ebnies digjitale, duhet t\u00eb regjistroheni duke paguar nj\u00eb tarif\u00eb vjetore prej 2,000 lek\u00eb. Pas regjistrimit, do t&#8217;ju jepen kredencialet tuaja personale (emri i p\u00ebrdoruesit dhe fjal\u00ebkalimi) p\u00ebr t\u00eb aksesuar platform\u00ebn.<\/p>\n<p data-start=\"652\" data-end=\"905\"><a href=\"https:\/\/iictirana.esteri.it\/wp-content\/uploads\/2025\/07\/nuovo-regolamentoscheda-iscrizione-1.pdf\">Rregullore_Skeda e Regjistrimit<\/a><\/p>\n<p class=\"\" data-start=\"907\" data-end=\"1188\">\ud83d\udcd6 <strong data-start=\"910\" data-end=\"936\">Cosa offre il servizio<\/strong><\/p>\n<p>\ud83d\udcd6 <strong>\u00c7far\u00eb ofron sh\u00ebrbimi<\/strong><br \/>\n\u00c7do p\u00ebrdorues ka t\u00eb drejt\u00eb p\u00ebr:<br \/>\n<strong>\u2013 2 huazime librash elektronik\u00eb n\u00eb muaj (\u00e7do titull do t\u00eb jet\u00eb i disponuesh\u00ebm p\u00ebr 14 dit\u00eb)<\/strong><br \/>\n<strong>\u2013 1 lib\u00ebr audio n\u00eb muaj (i disponuesh\u00ebm p\u00ebr 28 dit\u00eb)<\/strong><br \/>\n<strong>\u2013 Qasje t\u00eb pakufizuar n\u00eb gazeta, revista dhe p\u00ebrmbajtje t\u00eb tjera digjitale<\/strong><\/p>\n<p data-start=\"1490\" data-end=\"1610\">\n<p class=\"\" data-start=\"1490\" data-end=\"1610\">\ud83c\udf10 <strong>Zbuloni bibliotek\u00ebn dhe hyni n\u00eb katalog:<\/strong> <a class=\"\" href=\"http:\/\/iictirana.medialibrary.it\" target=\"_new\" rel=\"noopener\" data-start=\"1542\" data-end=\"1610\">https:\/\/iictirana.medialibrary.it<\/a><\/p>\n<p data-start=\"1490\" data-end=\"1610\">Biblioteka jon\u00eb digjitale mb\u00ebshtetet nga platforma <a href=\"https:\/\/www.medialibrary.it\/home\/cover.aspx\"><strong data-start=\"1458\" data-end=\"1487\">MLOL \u2013 MediaLibraryOnLine<\/strong><\/a>.<\/p>\n<p class=\"\" data-start=\"1612\" data-end=\"1707\">\ud83d\udcc4 Nj\u00eb udh\u00ebzues i plot\u00eb p\u00ebr sh\u00ebrbimin \u00ebsht\u00eb i disponuesh\u00ebm n\u00eb <a href=\"https:\/\/www.medialibrary.it\/help\/guida.aspx\">k\u00ebt\u00eb link.<\/a><\/p>\n<p>Lexim t\u00eb k\u00ebndsh\u00ebm!<\/p>\n","protected":false},"excerpt":{"rendered":"Instituti Italian i Kultur\u00ebs n\u00eb Tiran\u00eb ka aktivizuar sh\u00ebrbimin e Bibliotek\u00ebs Digjitale MLOL (MediaLibraryOnLine), biblioteka digjitale kryesore n\u00eb Itali, e aksesueshme 24\/7. N\u00ebp\u00ebrmjet MLOL, ju mund t\u00eb aksesoni mij\u00ebra tituj n\u00eb formatin ebook, duke p\u00ebrfshir\u00eb tituj t\u00eb botuar s\u00eb fundmi, t\u00eb cil\u00ebt mund t&#8217;i shkarkoni dhe lexoni n\u00eb kompjuterin, smartphone-in, tabletin dhe lexuesin tuaj elektronik, [&hellip;]","protected":false},"author":4,"featured_media":0,"parent":89,"menu_order":0,"comment_status":"closed","ping_status":"closed","template":"","meta":{"footnotes":""},"class_list":["post-8104","page","type-page","status-publish","hentry"],"_links":{"self":[{"href":"https:\/\/iictirana.esteri.it\/sq\/wp-json\/wp\/v2\/pages\/8104","targetHints":{"allow":["GET"]}}],"collection":[{"href":"https:\/\/iictirana.esteri.it\/sq\/wp-json\/wp\/v2\/pages"}],"about":[{"href":"https:\/\/iictirana.esteri.it\/sq\/wp-json\/wp\/v2\/types\/page"}],"author":[{"embeddable":true,"href":"https:\/\/iictirana.esteri.it\/sq\/wp-json\/wp\/v2\/users\/4"}],"replies":[{"embeddable":true,"href":"https:\/\/iictirana.esteri.it\/sq\/wp-json\/wp\/v2\/comments?post=8104"}],"version-history":[{"count":3,"href":"https:\/\/iictirana.esteri.it\/sq\/wp-json\/wp\/v2\/pages\/8104\/revisions"}],"predecessor-version":[{"id":8167,"href":"https:\/\/iictirana.esteri.it\/sq\/wp-json\/wp\/v2\/pages\/8104\/revisions\/8167"}],"up":[{"embeddable":true,"href":"https:\/\/iictirana.esteri.it\/sq\/wp-json\/wp\/v2\/pages\/89"}],"wp:attachment":[{"href":"https:\/\/iictirana.esteri.it\/sq\/wp-json\/wp\/v2\/media?parent=8104"}],"curies":[{"name":"wp","href":"https:\/\/api.w.org\/{rel}","templated":true}]}}