{"id":81,"date":"2023-04-03T20:54:50","date_gmt":"2023-04-03T18:54:50","guid":{"rendered":"https:\/\/iictirana.esteri.it\/chi-siamo\/il-personale\/"},"modified":"2024-09-11T15:54:15","modified_gmt":"2024-09-11T13:54:15","slug":"il-personale","status":"publish","type":"page","link":"https:\/\/iictirana.esteri.it\/sq\/chi-siamo\/il-personale\/","title":{"rendered":"Personeli"},"content":{"rendered":"<p><strong>Alessandro Ruggera<\/strong><\/p>\n<p><strong>Drejtor\u00a0<\/strong><\/p>\n<p><a href=\"mailto:iictirana@esteri.it\">direttore.iictirana@esteri.it<\/a><\/p>\n<p>&#8212;<\/p>\n<p><strong>Cristina Gordini<\/strong><\/p>\n<p><strong>Atashe Kulturor<\/strong><\/p>\n<p>&#8212;<\/p>\n<p><strong>Vilma Llagami<\/strong><\/p>\n<p><strong>Administrat\u00eb dhe Financa &#8211;\u00a0<\/strong><a href=\"mailto:contabilita.iictirana@esteri.it\">contabilita.iictirana@esteri.it<\/a><\/p>\n<p>&#8212;<\/p>\n<p><strong>Violeta Gjoni<\/strong><\/p>\n<p><strong>Bashk\u00ebpun\u00ebtore n\u00eb organizimin e aktiviteteve kulturore<br \/>\n<\/strong><strong>P\u00ebrdit\u00ebsime ne Web site dhe rrjetet sociale &#8211;\u00a0<\/strong><a href=\"mailto:iictirana@esteri.it\">direttore.iictirana@esteri.it<\/a><\/p>\n<p>&#8212;<\/p>\n<p><strong>Albana \u00c7uadari<\/strong><strong>Sekretaria e Institutit &#8211; Arkivi &#8211; Protokolli<\/strong><\/p>\n<p><strong>Kurset e gjuh\u00ebs &#8211; \u00c7ertifikime &#8211; Regjistrime dhe informazion &#8211; <\/strong><a href=\"mailto:iictirana@esteri.it\">iictirana@esteri.it<\/a><\/p>\n<p>&#8212;<\/p>\n<p><strong>Migena Kristo<\/strong><\/p>\n<p><strong>Biblioteka &#8211; videoteka &#8211; <\/strong><a href=\"mailto:biblioteca.iictirana@esteri.it\">biblioteca.iictirana@esteri.it<\/a><\/p>\n<p><strong>Kurset e gjuh\u00ebs &#8211; \u00c7ertifikime &#8211; Regjistrime dhe informazion &#8211; <\/strong><a href=\"mailto:corsi.iictirana@esteri.it\">corsi.iictirana@esteri.it<\/a><\/p>\n<p>&#8212;<\/p>\n<p><strong>Gjergj Kereci<\/strong><strong>Shofer &#8211; Ndihm\u00ebs &#8211; Centralinist\u00a0 \u00a0 \u00a0 \u00a0 \u00a0 \u00a0 \u00a0 \u00a0 \u00a0 \u00a0 \u00a0 \u00a0 \u00a0 \u00a0 \u00a0 \u00a0 \u00a0 \u00a0 \u00a0 \u00a0 \u00a0 \u00a0 \u00a0 \u00a0 \u00a0 \u00a0 \u00a0 \u00a0 <\/strong><\/p>\n","protected":false},"excerpt":{"rendered":"Alessandro Ruggera Drejtor\u00a0 direttore.iictirana@esteri.it &#8212; Cristina Gordini Atashe Kulturor &#8212; Vilma Llagami Administrat\u00eb dhe Financa &#8211;\u00a0contabilita.iictirana@esteri.it &#8212; Violeta Gjoni Bashk\u00ebpun\u00ebtore n\u00eb organizimin e aktiviteteve kulturore P\u00ebrdit\u00ebsime ne Web site dhe rrjetet sociale &#8211;\u00a0direttore.iictirana@esteri.it &#8212; Albana \u00c7uadariSekretaria e Institutit &#8211; Arkivi &#8211; Protokolli Kurset e gjuh\u00ebs &#8211; \u00c7ertifikime &#8211; Regjistrime dhe informazion &#8211; iictirana@esteri.it &#8212; Migena [&hellip;]","protected":false},"author":1,"featured_media":0,"parent":80,"menu_order":0,"comment_status":"closed","ping_status":"closed","template":"","meta":{"footnotes":""},"class_list":["post-81","page","type-page","status-publish","hentry"],"_links":{"self":[{"href":"https:\/\/iictirana.esteri.it\/sq\/wp-json\/wp\/v2\/pages\/81","targetHints":{"allow":["GET"]}}],"collection":[{"href":"https:\/\/iictirana.esteri.it\/sq\/wp-json\/wp\/v2\/pages"}],"about":[{"href":"https:\/\/iictirana.esteri.it\/sq\/wp-json\/wp\/v2\/types\/page"}],"author":[{"embeddable":true,"href":"https:\/\/iictirana.esteri.it\/sq\/wp-json\/wp\/v2\/users\/1"}],"replies":[{"embeddable":true,"href":"https:\/\/iictirana.esteri.it\/sq\/wp-json\/wp\/v2\/comments?post=81"}],"version-history":[{"count":6,"href":"https:\/\/iictirana.esteri.it\/sq\/wp-json\/wp\/v2\/pages\/81\/revisions"}],"predecessor-version":[{"id":4918,"href":"https:\/\/iictirana.esteri.it\/sq\/wp-json\/wp\/v2\/pages\/81\/revisions\/4918"}],"up":[{"embeddable":true,"href":"https:\/\/iictirana.esteri.it\/sq\/wp-json\/wp\/v2\/pages\/80"}],"wp:attachment":[{"href":"https:\/\/iictirana.esteri.it\/sq\/wp-json\/wp\/v2\/media?parent=81"}],"curies":[{"name":"wp","href":"https:\/\/api.w.org\/{rel}","templated":true}]}}