{"id":80,"date":"2023-04-03T20:29:59","date_gmt":"2023-04-03T18:29:59","guid":{"rendered":"https:\/\/iictirana.esteri.it\/chi-siamo\/"},"modified":"2023-05-25T11:15:44","modified_gmt":"2023-05-25T09:15:44","slug":"chi-siamo","status":"publish","type":"page","link":"https:\/\/iictirana.esteri.it\/sq\/chi-siamo\/","title":{"rendered":"Rreth Nesh"},"content":{"rendered":"<p><strong>Instituti Italian i Kultur\u00ebs n\u00eb Tiran\u00eb, organ zyrtar i Shtetit Italian, ka si q\u00ebllim\u00a0promovimin dhe\u00a0p\u00ebrhapjen e\u00a0gjuh\u00ebs dhe kultur\u00ebs italiane n\u00eb Shqip\u00ebri n\u00ebp\u00ebrmjet organizimit t\u00eb aktiviteteve kulturore p\u00ebr t\u00eb ndihmuar shk\u00ebmbimin e ideve, arteve dhe shkencave.<br \/>\n<\/strong><br \/>\n<span class=\"titoloRosso\">Sh\u00ebrbime<br \/>\n<\/span><br \/>\n<strong>Insituti Italian i Kultur\u00ebs n\u00eb Tiran\u00eb i ofron publikut shqiptar sh\u00ebrbimet e m\u00ebposhtme:<\/strong><\/p>\n<ul>\n<li>Kurse t\u00eb gjuh\u00ebs dhe qytet\u00ebrimit italian t\u00eb mbajtura nga docent\u00eb shqiptar\u00eb t\u00eb kualifikuar;<\/li>\n<li>Seksione vjetore provimesh p\u00ebr t\u2019u pajisur me diplom\u00ebn e gjuh\u00ebs italiane CELI t\u00eb Universitetit p\u00ebr t\u00eb Huaj t\u00eb Perugia-s. dhe CILS Universitetit p\u00ebr t\u00eb Huaj t\u00eb Siena-s\u00a0p3 &#8211; 5 si gjuh\u00eb e huaj;<\/li>\n<li>Nj\u00eb Bibliotek\u00eb italiane n\u00eb dispozicion t\u00eb nx\u00ebn\u00ebsve\/student\u00ebve dhe t\u00eb an\u00ebtar\u00ebve p\u00ebr konsultimin e huamarrjen e librave, dvd-ve dhe revistave italiane;<\/li>\n<li>Sh\u00ebrbim informazioni dhe dokumentacioni mbi Italin\u00eb n\u00eb fush\u00ebn kulturore.<\/li>\n<\/ul>\n<p><strong>T\u00eb gjitha eventet kulturore (koncertet, ekspozitat aristike, filmat, etj.) jan\u00eb t\u00eb organizuara nga Instituti n\u00eb bashk\u00ebpunim me:\u00a0<\/strong><\/p>\n<ul>\n<li>Universitetin\u00a0e Arteve, Tiran\u00eb;<\/li>\n<li>Teatrin\u00a0e Operas dhe Baletit, Tiran\u00eb;<\/li>\n<li>Galerin\u00eb Komb\u00ebtare t\u00eb Arteve, Tiran\u00eb;<\/li>\n<li>Tetarin Komb\u00ebtar;<\/li>\n<li>Bibliotek\u00ebn Komb\u00ebtare;<\/li>\n<li>Muzeun Historik Komb\u00ebtar;<\/li>\n<li>Teatri Metropol n\u00eb Tiran\u00eb;<\/li>\n<li>Teatri &#8220;Migjeni n\u00eb Shkod\u00ebr;<\/li>\n<li>Galeria ZETA n\u00eb Tiran\u00eb;<\/li>\n<li>Galleria Bazament n\u00eb Tiran\u00eb;<\/li>\n<li>Radio MI n\u00eb Tiran\u00eb;<\/li>\n<li>Qendra Rinore ARKA n\u00eb Shkod\u00ebr;<\/li>\n<li>Qendra Rinore n\u00eb Vlor\u00eb.<\/li>\n<\/ul>\n","protected":false},"excerpt":{"rendered":"Instituti Italian i Kultur\u00ebs n\u00eb Tiran\u00eb, organ zyrtar i Shtetit Italian, ka si q\u00ebllim\u00a0promovimin dhe\u00a0p\u00ebrhapjen e\u00a0gjuh\u00ebs dhe kultur\u00ebs italiane n\u00eb Shqip\u00ebri n\u00ebp\u00ebrmjet organizimit t\u00eb aktiviteteve kulturore p\u00ebr t\u00eb ndihmuar shk\u00ebmbimin e ideve, arteve dhe shkencave. Sh\u00ebrbime Insituti Italian i Kultur\u00ebs n\u00eb Tiran\u00eb i ofron publikut shqiptar sh\u00ebrbimet e m\u00ebposhtme: Kurse t\u00eb gjuh\u00ebs dhe qytet\u00ebrimit italian [&hellip;]","protected":false},"author":1,"featured_media":0,"parent":0,"menu_order":2,"comment_status":"closed","ping_status":"closed","template":"","meta":{"footnotes":""},"class_list":["post-80","page","type-page","status-publish","hentry"],"_links":{"self":[{"href":"https:\/\/iictirana.esteri.it\/sq\/wp-json\/wp\/v2\/pages\/80","targetHints":{"allow":["GET"]}}],"collection":[{"href":"https:\/\/iictirana.esteri.it\/sq\/wp-json\/wp\/v2\/pages"}],"about":[{"href":"https:\/\/iictirana.esteri.it\/sq\/wp-json\/wp\/v2\/types\/page"}],"author":[{"embeddable":true,"href":"https:\/\/iictirana.esteri.it\/sq\/wp-json\/wp\/v2\/users\/1"}],"replies":[{"embeddable":true,"href":"https:\/\/iictirana.esteri.it\/sq\/wp-json\/wp\/v2\/comments?post=80"}],"version-history":[{"count":2,"href":"https:\/\/iictirana.esteri.it\/sq\/wp-json\/wp\/v2\/pages\/80\/revisions"}],"predecessor-version":[{"id":93,"href":"https:\/\/iictirana.esteri.it\/sq\/wp-json\/wp\/v2\/pages\/80\/revisions\/93"}],"wp:attachment":[{"href":"https:\/\/iictirana.esteri.it\/sq\/wp-json\/wp\/v2\/media?parent=80"}],"curies":[{"name":"wp","href":"https:\/\/api.w.org\/{rel}","templated":true}]}}