{"id":71,"date":"2023-04-03T20:31:58","date_gmt":"2023-04-03T18:31:58","guid":{"rendered":"https:\/\/iictirana.esteri.it\/notizie\/"},"modified":"2023-05-25T12:07:31","modified_gmt":"2023-05-25T10:07:31","slug":"news","status":"publish","type":"page","link":"https:\/\/iictirana.esteri.it\/sq\/news\/","title":{"rendered":"Lajmet e fundit"},"content":{"rendered":"        <div class=\"row\">\n\t\t\t<!-- Ricerca sedi post -->\n\t\t\t<div class=\"col-12 mt-4\">\n\t\t\t  <div class=\"callout callout-highlight note ricerca-esteri p-4\">\n                    <div class=\"callout-title\">\n                        <svg class=\"icon\">\n                            <use xlink:href=\"https:\/\/iictirana.esteri.it\/wp-content\/themes\/sedi-tema\/assets\/svg\/sprites.svg#it-search\"><\/use>\n                        <\/svg>Futni parametrat e k\u00ebrkimit tuaj                    <\/div>\n                    <form id=\"searchFormPost\" name=\"form-search-post\" class=\"form-row align-items-center\" action=\"https:\/\/iictirana.esteri.it\/sq\/wp-json\/wp\/v2\/pages\/71\/\" method=\"GET\"> \n                        <!-- <div class=\"form-group pt-5\"> -->\n                            <!-- <input type=\"hidden\" id=\"lang\" name=\"lang\" value=\"\"> --> <!-- <\/div> -->\n\n                        <div class=\"it-datepicker-wrapper\">\n                            <div class=\"row\">\n                                <div class=\"form-group col-md-6\">\n                                    <label class=\"active\" for=\"date-init\">Nga<\/label>\n                                    <input class=\"form-control\" name=\"date-init\" id=\"date-init\" type=\"date\" placeholder=\"gg\/mm\/aaaa\" value=\"\"lang=\"en-EN\">  \n                                <\/div>\n                                <div class=\"form-group col-md-6\">\n                                    <label class=\"active\" for=\"date-end\">Tek<\/label>\n                                    <input class=\"form-control\" name=\"date-end\" id=\"date-end\" type=\"date\" placeholder=\"gg\/mm\/aaaa\" value=\"\">\n                                <\/div>\n                            <\/div>\n                        <\/div>\n                        <div class=\"form-group col-md-12 mt-3\">\n                            <label for=\"searchText\">Fusha e k\u00ebrkimit falas<\/label>\n                            <input type=\"text\" name=\"searchText\" class=\"form-control\" id=\"searchText\" value=\"\">\n                        <\/div>\n                        <div class=\"form-group col-md-4 offset-md-8 text-end\">\n                            <a href=\"https:\/\/iictirana.esteri.it\/sq\/news\/\" title=\"Form reset\" id=\"resetImput\" class=\"btn btn-outline-primary btn-xs\">Reset<\/a>\n                            <button type=\"submit\" class=\"btn btn-primary btn-xs\">Shfaq rezultatet<\/button>\n                        <\/div>\n                    <\/form>\n\t\t\t\t<\/div>\n\t\t\t<\/div>\n\t\t<\/div>\n                    \n            <div class=\"row\">\n                            <div class=\"col-12 mt-3\">\n                <!--start card-->\n                <div class=\"card-wrapper card-space\">\n                    <div class=\"card card-bg card-big border-bottom-card\">\n                        <div class=\"card-body \">\n                                                        <div class=\"category-top\">\n                                                                                                            <span class=\"\">\n                                        <svg class=\"icon icon-secondary\">\n                                            <use xlink:href=\"https:\/\/iictirana.esteri.it\/wp-content\/themes\/sedi-tema\/assets\/svg\/sprites.svg#it-calendar\"><\/use>\n                                        <\/svg> 23 October 2025                                    <\/span>\n                                                                    <\/div>\n                            <h5 class=\"card-title big-heading text-uppercase\"><a class=\"text-body text-decoration-none\" href=\"https:\/\/iictirana.esteri.it\/sq\/news\/dall_istituto\/2025\/10\/curating-with-care-ii\/\" title=\"Curating with Care II\">Curating with Care II<\/a><\/h5>\n                            <p class=\"card-text\">Curating with Care II: Dealing with the Past in Curatorial Practice Block Seminars: September \u2013 November 2025 Exhibition: December 2025 Call for Participants Deadline for application: 20 July 2025 The second edition of Curating with Care, an alternative is an educational program initiated and developed by Tirana Art Lab \u2013 Center for Contemporary Art in [&hellip;]<\/p>\n                                <a title=\"Curating with Care II\" class=\"read-more\" href=\"https:\/\/iictirana.esteri.it\/sq\/news\/dall_istituto\/2025\/10\/curating-with-care-ii\/\">\n                                    <span class=\"text\">Lexo m\u00eb shum\u00eb<\/span>\n                                    <svg class=\"icon\">\n                                    <use xlink:href=\"https:\/\/iictirana.esteri.it\/wp-content\/themes\/sedi-tema\/assets\/svg\/sprites.svg#it-arrow-right\"><\/use>\n                                    <\/svg>\n                                <\/a>\n                                                    <\/div>\n                    <\/div>\n                <\/div>\n                <!--end card-->\n                <\/div><!-- col-12 .mt-3-->\n                            <div class=\"col-12 mt-3\">\n                <!--start card-->\n                <div class=\"card-wrapper card-space\">\n                    <div class=\"card card-bg card-big border-bottom-card\">\n                        <div class=\"card-body \">\n                                                        <div class=\"category-top\">\n                                                                                                            <span class=\"\">\n                                        <svg class=\"icon icon-secondary\">\n                                            <use xlink:href=\"https:\/\/iictirana.esteri.it\/wp-content\/themes\/sedi-tema\/assets\/svg\/sprites.svg#it-calendar\"><\/use>\n                                        <\/svg> 23 October 2025                                    <\/span>\n                                                                    <\/div>\n                            <h5 class=\"card-title big-heading text-uppercase\"><a class=\"text-body text-decoration-none\" href=\"https:\/\/iictirana.esteri.it\/sq\/news\/dall_istituto\/2025\/10\/call-for-papers-konferenca-shkencore-nderkombetare-ndikimi-i-fotografeve-italiane-ne-vendet-e-mesdheut-ne-shekullin-xix\/\" title=\"Call for papers \u2013 Konferenca shkencore nd\u00ebrkomb\u00ebtare &#8220;Ndikimi i fotograf\u00ebve italian\u00eb n\u00eb vendet e Mesdheut n\u00eb shekullin XIX&#8221;\">Call for papers \u2013 Konferenca shkencore nd\u00ebrkomb\u00ebtare &#8220;Ndikimi i fotograf\u00ebve italian\u00eb n\u00eb vendet e Mesdheut n\u00eb shekullin XIX&#8221;<\/a><\/h5>\n                            <p class=\"card-text\">Call for papers \u2013 Konferenca shkencore nd\u00ebrkomb\u00ebtare &#8220;Ndikimi i fotograf\u00ebve italian\u00eb n\u00eb vendet e Mesdheut n\u00eb shekullin XIX&#8221; Instituti Italian i Kultur\u00ebs, n\u00eb bashk\u00ebpunim me Muzeun Komb\u00ebtar t\u00eb Fotografis\u00eb Marubi dhe Fondacionin Alinari p\u00ebr Fotografin\u00eb, ka k\u00ebnaq\u00ebsin\u00eb t\u00eb njoftoj\u00eb Call for Paper p\u00ebr konferenc\u00ebn &#8220;Ndikimi i Fotograf\u00ebve Italian\u00eb n\u00eb Vendet Mesdhetare gjat\u00eb Shekullit XIX&#8220;, duke [&hellip;]<\/p>\n                                <a title=\"Call for papers \u2013 Konferenca shkencore nd\u00ebrkomb\u00ebtare &#8220;Ndikimi i fotograf\u00ebve italian\u00eb n\u00eb vendet e Mesdheut n\u00eb shekullin XIX&#8221;\" class=\"read-more\" href=\"https:\/\/iictirana.esteri.it\/sq\/news\/dall_istituto\/2025\/10\/call-for-papers-konferenca-shkencore-nderkombetare-ndikimi-i-fotografeve-italiane-ne-vendet-e-mesdheut-ne-shekullin-xix\/\">\n                                    <span class=\"text\">Lexo m\u00eb shum\u00eb<\/span>\n                                    <svg class=\"icon\">\n                                    <use xlink:href=\"https:\/\/iictirana.esteri.it\/wp-content\/themes\/sedi-tema\/assets\/svg\/sprites.svg#it-arrow-right\"><\/use>\n                                    <\/svg>\n                                <\/a>\n                                                    <\/div>\n                    <\/div>\n                <\/div>\n                <!--end card-->\n                <\/div><!-- col-12 .mt-3-->\n                            <div class=\"col-12 mt-3\">\n                <!--start card-->\n                <div class=\"card-wrapper card-space\">\n                    <div class=\"card card-bg card-big border-bottom-card\">\n                        <div class=\"card-body \">\n                                                        <div class=\"category-top\">\n                                                                                                            <span class=\"\">\n                                        <svg class=\"icon icon-secondary\">\n                                            <use xlink:href=\"https:\/\/iictirana.esteri.it\/wp-content\/themes\/sedi-tema\/assets\/svg\/sprites.svg#it-calendar\"><\/use>\n                                        <\/svg> 23 October 2025                                    <\/span>\n                                                                    <\/div>\n                            <h5 class=\"card-title big-heading text-uppercase\"><a class=\"text-body text-decoration-none\" href=\"https:\/\/iictirana.esteri.it\/sq\/news\/dall_istituto\/2025\/10\/jane-hapur-aplikimet-per-edicionin-xxiv-te-cmimit-nderkombetar-flaiano-per-studime-italianistikee-luca-attanasio\/\" title=\"Jan\u00eb hapur aplikimet p\u00ebr edicionin XXIV t\u00eb \u00c7mimit Nd\u00ebrkomb\u00ebtar Flaiano p\u00ebr Studime Italianistike \u2013 Luca Attanasio\">Jan\u00eb hapur aplikimet p\u00ebr edicionin XXIV t\u00eb \u00c7mimit Nd\u00ebrkomb\u00ebtar Flaiano p\u00ebr Studime Italianistike \u2013 Luca Attanasio<\/a><\/h5>\n                            <p class=\"card-text\">Jan\u00eb hapur aplikimet p\u00ebr edicionin XXIV t\u00eb \u00c7mimit Nd\u00ebrkomb\u00ebtar Flaiano p\u00ebr Studime Italianistike \u2013 Luca Attanasio \u00c7mimi Nd\u00ebrkomb\u00ebtar Flaiano p\u00ebr Studime Italianistike, i themeluar n\u00eb vitin 2002 dhe q\u00eb nga viti 2021 mban emrin e Ambasadorit Luca Attanasio, arrin edicionin e tij XXIV, me konfirmimin e Seksionit &#8220;T\u00eb rinjt\u00eb n\u00ebn 35 vje\u00e7&#8221;. Q\u00eb nga fillimi [&hellip;]<\/p>\n                                <a title=\"Jan\u00eb hapur aplikimet p\u00ebr edicionin XXIV t\u00eb \u00c7mimit Nd\u00ebrkomb\u00ebtar Flaiano p\u00ebr Studime Italianistike \u2013 Luca Attanasio\" class=\"read-more\" href=\"https:\/\/iictirana.esteri.it\/sq\/news\/dall_istituto\/2025\/10\/jane-hapur-aplikimet-per-edicionin-xxiv-te-cmimit-nderkombetar-flaiano-per-studime-italianistikee-luca-attanasio\/\">\n                                    <span class=\"text\">Lexo m\u00eb shum\u00eb<\/span>\n                                    <svg class=\"icon\">\n                                    <use xlink:href=\"https:\/\/iictirana.esteri.it\/wp-content\/themes\/sedi-tema\/assets\/svg\/sprites.svg#it-arrow-right\"><\/use>\n                                    <\/svg>\n                                <\/a>\n                                                    <\/div>\n                    <\/div>\n                <\/div>\n                <!--end card-->\n                <\/div><!-- col-12 .mt-3-->\n                            <div class=\"col-12 mt-3\">\n                <!--start card-->\n                <div class=\"card-wrapper card-space\">\n                    <div class=\"card card-bg card-big border-bottom-card\">\n                        <div class=\"card-body \">\n                                                        <div class=\"category-top\">\n                                                                                                            <span class=\"\">\n                                        <svg class=\"icon icon-secondary\">\n                                            <use xlink:href=\"https:\/\/iictirana.esteri.it\/wp-content\/themes\/sedi-tema\/assets\/svg\/sprites.svg#it-calendar\"><\/use>\n                                        <\/svg> 23 October 2025                                    <\/span>\n                                                                    <\/div>\n                            <h5 class=\"card-title big-heading text-uppercase\"><a class=\"text-body text-decoration-none\" href=\"https:\/\/iictirana.esteri.it\/sq\/news\/dall_istituto\/2025\/10\/8884\/\" title=\"Contest AI vs HI\">Contest AI vs HI<\/a><\/h5>\n                            <p class=\"card-text\">CONTEST AI vs HI Shikoni imazhet e gjeneruara nga IA mbi dashurin\u00eb, guximin, bujarin\u00eb, durimin, shpres\u00ebn dhe cenueshm\u00ebrin\u00eb duke klikuar linkun MULTIMEDIA n\u00eb k\u00ebndin sip\u00ebr n\u00eb t\u00eb djatht\u00eb. Zgjidhni ndjenj\u00ebn tuaj, merrni imazhin tuaj origjinal dhe d\u00ebrgojeni at\u00eb n\u00eb \u00a0contest@wildcreativeindustry.com ose k\u00ebtu: modulo di invio foto Zbuloni \u00e7mmet dhe lexoni rregulloren duke klikuar k\u00ebtu: regolamento.pdf [&hellip;]<\/p>\n                                <a title=\"Contest AI vs HI\" class=\"read-more\" href=\"https:\/\/iictirana.esteri.it\/sq\/news\/dall_istituto\/2025\/10\/8884\/\">\n                                    <span class=\"text\">Lexo m\u00eb shum\u00eb<\/span>\n                                    <svg class=\"icon\">\n                                    <use xlink:href=\"https:\/\/iictirana.esteri.it\/wp-content\/themes\/sedi-tema\/assets\/svg\/sprites.svg#it-arrow-right\"><\/use>\n                                    <\/svg>\n                                <\/a>\n                                                    <\/div>\n                    <\/div>\n                <\/div>\n                <!--end card-->\n                <\/div><!-- col-12 .mt-3-->\n                            <div class=\"col-12 mt-3\">\n                <!--start card-->\n                <div class=\"card-wrapper card-space\">\n                    <div class=\"card card-bg card-big border-bottom-card\">\n                        <div class=\"card-body \">\n                                                        <div class=\"category-top\">\n                                                                                                            <span class=\"\">\n                                        <svg class=\"icon icon-secondary\">\n                                            <use xlink:href=\"https:\/\/iictirana.esteri.it\/wp-content\/themes\/sedi-tema\/assets\/svg\/sprites.svg#it-calendar\"><\/use>\n                                        <\/svg> 10 September 2025                                    <\/span>\n                                                                    <\/div>\n                            <h5 class=\"card-title big-heading text-uppercase\"><a class=\"text-body text-decoration-none\" href=\"https:\/\/iictirana.esteri.it\/sq\/news\/dall_istituto\/2025\/09\/40-vjet-studime-italisht-ne-universitetin-e-tiranes-1984-2024-kujtime-reflektime-dhe-perspektiva-te-ardhshme\/\" title=\"40 vjet studime Italisht n\u00eb Universitetin e Tiran\u00ebs (1984-2024): kujtime, reflektime dhe perspektiva t\u00eb ardhshme\">40 vjet studime Italisht n\u00eb Universitetin e Tiran\u00ebs (1984-2024): kujtime, reflektime dhe perspektiva t\u00eb ardhshme<\/a><\/h5>\n                            <p class=\"card-text\">Departamenti i Gjuh\u00ebs Italiane, me rastin e 40-vjetorit t\u00eb themelimit t\u00eb tij, po organizon nj\u00eb konferenc\u00eb nd\u00ebrkomb\u00ebtare m\u00eb 19-20 n\u00ebntor 2025. Konferenca do t\u00eb mbahet pran\u00eb Fakultetit t\u00eb Gjuh\u00ebve t\u00eb Huaja t\u00eb Universitetit t\u00eb Tiran\u00ebs dhe do t\u00eb transmetohet edhe online n\u00eb Google Meet. Docent\u00ebt, studiuesit, student\u00ebt, ish-student\u00ebt dhe t\u00eb gjith\u00eb t\u00eb interesuarit p\u00ebr gjuh\u00ebn [&hellip;]<\/p>\n                                <a title=\"40 vjet studime Italisht n\u00eb Universitetin e Tiran\u00ebs (1984-2024): kujtime, reflektime dhe perspektiva t\u00eb ardhshme\" class=\"read-more\" href=\"https:\/\/iictirana.esteri.it\/sq\/news\/dall_istituto\/2025\/09\/40-vjet-studime-italisht-ne-universitetin-e-tiranes-1984-2024-kujtime-reflektime-dhe-perspektiva-te-ardhshme\/\">\n                                    <span class=\"text\">Lexo m\u00eb shum\u00eb<\/span>\n                                    <svg class=\"icon\">\n                                    <use xlink:href=\"https:\/\/iictirana.esteri.it\/wp-content\/themes\/sedi-tema\/assets\/svg\/sprites.svg#it-arrow-right\"><\/use>\n                                    <\/svg>\n                                <\/a>\n                                                    <\/div>\n                    <\/div>\n                <\/div>\n                <!--end card-->\n                <\/div><!-- col-12 .mt-3-->\n                            <div class=\"col-12 mt-3\">\n                <!--start card-->\n                <div class=\"card-wrapper card-space\">\n                    <div class=\"card card-bg card-big border-bottom-card\">\n                        <div class=\"card-body \">\n                                                        <div class=\"category-top\">\n                                                                                                            <span class=\"\">\n                                        <svg class=\"icon icon-secondary\">\n                                            <use xlink:href=\"https:\/\/iictirana.esteri.it\/wp-content\/themes\/sedi-tema\/assets\/svg\/sprites.svg#it-calendar\"><\/use>\n                                        <\/svg> 31 July 2025                                    <\/span>\n                                                                    <\/div>\n                            <h5 class=\"card-title big-heading text-uppercase\"><a class=\"text-body text-decoration-none\" href=\"https:\/\/iictirana.esteri.it\/sq\/news\/dall_istituto\/2025\/07\/cmimi-pashko-gjeci-per-perkthimin-nga-letersia-italiane\/\" title=\"\u00c7mimi Pashko Gje\u00e7i p\u00ebr p\u00ebrkthimin nga let\u00ebrsia italiane\">\u00c7mimi Pashko Gje\u00e7i p\u00ebr p\u00ebrkthimin nga let\u00ebrsia italiane<\/a><\/h5>\n                            <p class=\"card-text\">Instituti Italian i Kultur\u00ebs (IIC) n\u00eb Tiran\u00eb dhe Qendra Komb\u00ebtare p\u00ebr Librin dhe Leximin e Shqip\u00ebris\u00eb kan\u00eb k\u00ebnaq\u00ebsin\u00eb t\u00eb paraqesin projektin \u201c\u00c7mimi Pashko Gje\u00e7i p\u00ebr p\u00ebrkthimin nga let\u00ebrsia italiane\u201d, nj\u00eb nism\u00eb e re kushtuar p\u00ebrhapjes s\u00eb let\u00ebrsis\u00eb italiane n\u00eb gjuh\u00ebn shqipe dhe vler\u00ebsimit t\u00eb rolit t\u00eb r\u00ebnd\u00ebsish\u00ebm t\u00eb p\u00ebrkthyesve letrar\u00eb n\u00eb Shqip\u00ebri dhe Kosov\u00eb. N\u00eb [&hellip;]<\/p>\n                                <a title=\"\u00c7mimi Pashko Gje\u00e7i p\u00ebr p\u00ebrkthimin nga let\u00ebrsia italiane\" class=\"read-more\" href=\"https:\/\/iictirana.esteri.it\/sq\/news\/dall_istituto\/2025\/07\/cmimi-pashko-gjeci-per-perkthimin-nga-letersia-italiane\/\">\n                                    <span class=\"text\">Lexo m\u00eb shum\u00eb<\/span>\n                                    <svg class=\"icon\">\n                                    <use xlink:href=\"https:\/\/iictirana.esteri.it\/wp-content\/themes\/sedi-tema\/assets\/svg\/sprites.svg#it-arrow-right\"><\/use>\n                                    <\/svg>\n                                <\/a>\n                                                    <\/div>\n                    <\/div>\n                <\/div>\n                <!--end card-->\n                <\/div><!-- col-12 .mt-3-->\n            \n            <div class=\"col-md-12 mt-4 pb-4\">\n                <nav class=\"navigation col-md-12\" aria-label=\"Navigation\">\n                    <h2 class=\"screen-reader-text visually-hidden\">Faqerojtje<\/h2>\n                    <div class=\"nav-links\">\n                                        <\/div>\n                <\/nav>\n            <\/div>   <!--.col-md-12 -->\n              <\/div><!--.row -->\n              \n","protected":false},"excerpt":{"rendered":"","protected":false},"author":1,"featured_media":0,"parent":0,"menu_order":8,"comment_status":"closed","ping_status":"closed","template":"","meta":{"footnotes":""},"class_list":["post-71","page","type-page","status-publish","hentry"],"_links":{"self":[{"href":"https:\/\/iictirana.esteri.it\/sq\/wp-json\/wp\/v2\/pages\/71","targetHints":{"allow":["GET"]}}],"collection":[{"href":"https:\/\/iictirana.esteri.it\/sq\/wp-json\/wp\/v2\/pages"}],"about":[{"href":"https:\/\/iictirana.esteri.it\/sq\/wp-json\/wp\/v2\/types\/page"}],"author":[{"embeddable":true,"href":"https:\/\/iictirana.esteri.it\/sq\/wp-json\/wp\/v2\/users\/1"}],"replies":[{"embeddable":true,"href":"https:\/\/iictirana.esteri.it\/sq\/wp-json\/wp\/v2\/comments?post=71"}],"version-history":[{"count":2,"href":"https:\/\/iictirana.esteri.it\/sq\/wp-json\/wp\/v2\/pages\/71\/revisions"}],"predecessor-version":[{"id":135,"href":"https:\/\/iictirana.esteri.it\/sq\/wp-json\/wp\/v2\/pages\/71\/revisions\/135"}],"wp:attachment":[{"href":"https:\/\/iictirana.esteri.it\/sq\/wp-json\/wp\/v2\/media?parent=71"}],"curies":[{"name":"wp","href":"https:\/\/api.w.org\/{rel}","templated":true}]}}