{"id":1799,"date":"2023-09-19T14:52:34","date_gmt":"2023-09-19T12:52:34","guid":{"rendered":"https:\/\/iictirana.esteri.it\/?page_id=1799"},"modified":"2026-02-20T13:20:12","modified_gmt":"2026-02-20T11:20:12","slug":"certikata-celi","status":"publish","type":"page","link":"https:\/\/iictirana.esteri.it\/sq\/lingua-e-cultura\/certificazioni\/certikata-celi\/","title":{"rendered":"\u00c7ertifikata CELI"},"content":{"rendered":"<p><strong>\u00c7far\u00eb \u00ebsht\u00eb Certifikata e Njohjes s\u00eb Gjuh\u00ebs Italiane CELI <\/strong><\/p>\n<p>CELI \u00ebsht\u00eb nj\u00eb dokument zyrtar i l\u00ebshuar nga Qendra p\u00ebr Vler\u00ebsimin dhe Certifikimin e Gjuh\u00ebve (CVCL) t\u00eb Universitetit p\u00ebr t\u00eb Huaj i Perugia-s.<\/p>\n<p>Njihet n\u00eb t\u00eb gjith\u00eb bot\u00ebn dhe nuk ka nj\u00eb dat\u00eb t\u00eb skadimi.<\/p>\n<p><strong>P\u00ebr \u00e7far\u00eb sh\u00ebrben dhe si mund t\u00eb merret \u00e7ertifikata CELI? <\/strong><\/p>\n<p>CELI v\u00ebrteton njohurit\u00eb dhe aft\u00ebsin\u00eb p\u00ebr t\u00eb p\u00ebrdorur gjuh\u00ebn italiane dhe \u00ebsht\u00eb nj\u00eb vler\u00eb e shtuar p\u00ebr t\u00eb p\u00ebrmir\u00ebsuar dhe zgjeruar perspektivat p\u00ebr studim dhe pun\u00eb, si n\u00eb vendin tuaj ashtu edhe jasht\u00eb. P\u00ebr t\u00eb marr\u00eb CELI-n \u00ebsht\u00eb e nevojshme dh\u00ebnia e provini t\u00eb plot\u00eb (me shkrim dhe me goj\u00eb) dhe kalimi me nj\u00eb rezultat minimal t\u00eb barazvlersh\u00ebm me grad\u00ebn C.<\/p>\n<p><strong>Si jan\u00eb t\u00eb strukturuara provimet CELI <\/strong><\/p>\n<p>Provimet e CELI p\u00ebrb\u00ebhen nga disa teste me shkrim dhe me goj\u00eb q\u00eb vler\u00ebsojn\u00eb aft\u00ebsit\u00eb kryesore gjuh\u00ebsore: t\u00eb kuptuarit (d\u00ebgjim dhe lexim) dhe produktive &#8211; interaktive (shkrim dhe t\u00eb folur).<\/p>\n<p>N\u00eb faqen e internetit t\u00eb CVCL (www.cvcl.it) \u00ebsht\u00eb e mundur t\u00eb shikoni struktur\u00ebn e plot\u00eb t\u00eb t\u00eb gjitha provimeve t\u00eb CELI-t dhe t\u00eb praktikoheni n\u00eb m\u00ebnyr\u00eb t\u00eb pavarur, duke kryer provimet online t\u00eb p\u00ebrdorura n\u00eb vitet e fundit.<\/p>\n<p><strong>\u00c7far\u00eb u ofrojm\u00eb kandidat\u00ebve p\u00ebr t&#8217;u p\u00ebrgatitur p\u00ebr nj\u00eb provim CELI <\/strong><\/p>\n<p>Instituti Italian i Kultur\u00ebs i Tiran\u00ebs ofron p\u00ebr kandidat\u00ebt p\u00ebr provim kurse specifike p\u00ebrgatitore p\u00ebr nivelet B1 \/ B2 dhe sipas k\u00ebrkes\u00ebs p\u00ebr nivelet C1 \/ C2. M\u00ebsimet kryen nga m\u00ebsues t\u00eb kualifikuar dhe me p\u00ebrvoj\u00eb t\u00eb gjat\u00eb n\u00eb provimet CELI.<\/p>\n<p><strong>Sesionet e provimeve <\/strong><\/p>\n<p>Sesionet e provimit jan\u00eb tre n\u00eb vit: seancat e zakonshme, n\u00eb muajt qershor dhe n\u00ebntor, u drejtohen kandidat\u00ebve t\u00eb niveleve nga A2 n\u00eb C2. Sesioni i jasht\u00ebzakonsh\u00ebm i marsit i kushtohet vet\u00ebm kandidat\u00ebve t\u00eb niveleve A2, B1 dhe B2.<\/p>\n<p><strong>Tarifat e CELI 2025: <\/strong><\/p>\n<p><strong>Provimi i plot\u00eb \u20ac 80.00 &#8211; Provimi i pjessh\u00ebm: \u20ac 55.00 <\/strong><\/p>\n<table style=\"height: 237px;\" width=\"1197\">\n<tbody>\n<tr>\n<td width=\"208\">\n<h4 style=\"text-align: center;\"><strong>\u00c7ertifikata <\/strong><strong>CELI<\/strong><\/h4>\n<\/td>\n<td style=\"text-align: center;\" width=\"208\"><strong>Data e provimit<\/strong><\/td>\n<td style=\"text-align: center;\" width=\"208\"><strong>Periudha e regjistrimit<\/strong><\/td>\n<\/tr>\n<tr>\n<td width=\"208\">\n<p style=\"text-align: center;\">A1 CELI Impatto &#8211; A2 CELI 1 &#8211; B1 CELI 2 &#8211; B2 CELI 3<\/p>\n<\/td>\n<td style=\"text-align: center;\" width=\"208\">11 mars 2026<\/td>\n<td style=\"text-align: center;\" width=\"208\">12 janar\u00a0 &#8211; 6 shkurt 2026<\/td>\n<\/tr>\n<tr>\n<td width=\"208\">\n<p style=\"text-align: center;\">A1 CELI Impatto &#8211; A2 CELI 1 &#8211; B1 CELI 2 &#8211; B2 CELI 3 &#8211; C1 CELI 4 &#8211; C2 CELI 5<\/p>\n<\/td>\n<td style=\"text-align: center;\" width=\"208\">9 qershor 2026<\/td>\n<td style=\"text-align: center;\" width=\"208\">1 prill &#8211; 28\u00a0 prill 2026<\/td>\n<\/tr>\n<tr>\n<td style=\"text-align: center;\" width=\"208\">A1 CELI Impatto &#8211; A2 CELI 1 &#8211; B1 CELI 2 &#8211; B2 CELI 3 &#8211; C1 CELI 4 &#8211; C2 CELI 5<\/td>\n<td style=\"text-align: center;\" width=\"208\">11 n\u00ebntor 2026<\/td>\n<td style=\"text-align: center;\" width=\"208\">14 shtator &#8211; 02 tetor 2026<\/td>\n<\/tr>\n<\/tbody>\n<\/table>\n<p>&nbsp;<\/p>\n<p><strong>Dokumentet e nevojsh\u00ebm p\u00ebr regjistrimin n\u00eb provim, t\u00eb renditur k\u00ebtu m\u00eb posht\u00eb, duhet t\u00eb d\u00ebrgohen me email n\u00eb adres\u00ebn: corsi.iictirana@esteri.it:<\/strong><\/p>\n<ol>\n<li>Formulari i regjistrimit CELI <a href=\"https:\/\/iictirana.esteri.it\/wp-content\/uploads\/2023\/09\/SCHEDA-ISCRIZIONE-CELI.pdf\"><strong>shkako <\/strong><\/a><\/li>\n<li>Fotokopje e let\u00ebrnjoftimit ose pasaport\u00ebs <u>Jo e skaduar<\/u><\/li>\n<li>Kopje e pages\u00ebs s\u00eb kryer<\/li>\n<\/ol>\n<p><strong>Pagesa duhet t\u00eb kryhet n\u00eb bank\u00eb n\u00eb llogarin\u00eb rrjedh\u00ebse t\u00eb Institutit Italian t\u00eb Kultur\u00ebs n\u00eb Tiran\u00eb:<\/strong><\/p>\n<div class=\"responsive\">\n<table class=\"table table-bordered table-sm export-table\" style=\"height: 67px;\" width=\"644\">\n<tbody>\n<tr class=\"thead-light\">\n<td style=\"padding-left: 40px;\" width=\"217\"><strong>Banka:<\/strong><\/td>\n<td style=\"padding-left: 40px;\" width=\"242\"><strong>Intesa SanPaolo Bank Albania<\/strong><\/td>\n<\/tr>\n<tr style=\"padding-left: 40px;\">\n<td style=\"padding-left: 40px;\" width=\"217\"><strong>Llogaria rrjedh\u00ebse n\u00eb Euro:\u00a0<\/strong><\/td>\n<td style=\"padding-left: 40px;\" width=\"242\"><strong>30861332801<\/strong><\/td>\n<\/tr>\n<tr style=\"padding-left: 40px;\">\n<td style=\"padding-left: 40px;\" width=\"217\"><strong>IBAN:\u00a0<\/strong><\/td>\n<td style=\"padding-left: 40px;\" width=\"242\"><strong>AL53208111010000030861332801<\/strong><\/td>\n<\/tr>\n<\/tbody>\n<\/table>\n<\/div>\n<ul>\n<li><strong>\u00a0<\/strong><strong>Si objekt t\u00eb pages\u00ebs duhet t\u00eb vendoset <em><u>Emri dhe Mbiemri i kandidatit, Niveli i Provimit\u00a0 CELI dhe rrethi<\/u> <u>prej nga vjen studenti.<\/u> <\/em><\/strong><\/li>\n<li><strong>\u00a0<\/strong><strong>Nuk \u00ebsht\u00eb m\u00eb e mundur pagesa me lek\u00eb n\u00eb dor\u00eb (cash). <\/strong><\/li>\n<\/ul>\n","protected":false},"excerpt":{"rendered":"\u00c7far\u00eb \u00ebsht\u00eb Certifikata e Njohjes s\u00eb Gjuh\u00ebs Italiane CELI CELI \u00ebsht\u00eb nj\u00eb dokument zyrtar i l\u00ebshuar nga Qendra p\u00ebr Vler\u00ebsimin dhe Certifikimin e Gjuh\u00ebve (CVCL) t\u00eb Universitetit p\u00ebr t\u00eb Huaj i Perugia-s. Njihet n\u00eb t\u00eb gjith\u00eb bot\u00ebn dhe nuk ka nj\u00eb dat\u00eb t\u00eb skadimi. P\u00ebr \u00e7far\u00eb sh\u00ebrben dhe si mund t\u00eb merret \u00e7ertifikata CELI? CELI [&hellip;]","protected":false},"author":4,"featured_media":0,"parent":87,"menu_order":0,"comment_status":"closed","ping_status":"closed","template":"","meta":{"footnotes":""},"class_list":["post-1799","page","type-page","status-publish","hentry"],"_links":{"self":[{"href":"https:\/\/iictirana.esteri.it\/sq\/wp-json\/wp\/v2\/pages\/1799","targetHints":{"allow":["GET"]}}],"collection":[{"href":"https:\/\/iictirana.esteri.it\/sq\/wp-json\/wp\/v2\/pages"}],"about":[{"href":"https:\/\/iictirana.esteri.it\/sq\/wp-json\/wp\/v2\/types\/page"}],"author":[{"embeddable":true,"href":"https:\/\/iictirana.esteri.it\/sq\/wp-json\/wp\/v2\/users\/4"}],"replies":[{"embeddable":true,"href":"https:\/\/iictirana.esteri.it\/sq\/wp-json\/wp\/v2\/comments?post=1799"}],"version-history":[{"count":7,"href":"https:\/\/iictirana.esteri.it\/sq\/wp-json\/wp\/v2\/pages\/1799\/revisions"}],"predecessor-version":[{"id":10067,"href":"https:\/\/iictirana.esteri.it\/sq\/wp-json\/wp\/v2\/pages\/1799\/revisions\/10067"}],"up":[{"embeddable":true,"href":"https:\/\/iictirana.esteri.it\/sq\/wp-json\/wp\/v2\/pages\/87"}],"wp:attachment":[{"href":"https:\/\/iictirana.esteri.it\/sq\/wp-json\/wp\/v2\/media?parent=1799"}],"curies":[{"name":"wp","href":"https:\/\/api.w.org\/{rel}","templated":true}]}}