{"id":41,"date":"2023-04-03T20:55:21","date_gmt":"2023-04-03T18:55:21","guid":{"rendered":"https:\/\/istitutobuenosaires.esteri.it\/?page_id=41"},"modified":"2026-01-08T15:05:57","modified_gmt":"2026-01-08T13:05:57","slug":"contatti","status":"publish","type":"page","link":"https:\/\/iictirana.esteri.it\/it\/chi-siamo\/contatti\/","title":{"rendered":"Contatti"},"content":{"rendered":"<p>Benvenuti all&#8217;<strong>Istituto Italiano di Cultura<\/strong><\/p>\n<p>Pallati i Kultur\u00ebs, (K.II)<br \/>\nSheshi Skenderbej, 1010 Tirana<br \/>\nTel: +355 4 2379580<\/p>\n<p>Email:\u00a0<a href=\"mailto:iictirana@esteri.it\">iictirana@esteri.it<\/a>\u00a0<a><br \/>\n<\/a><\/p>\n<p>PEC:\u00a0<a href=\"mailto:iic.tirana@cert.esteri.it\">iic.tirana@cert.esteri.it<\/a><\/p>\n<p>&nbsp;<\/p>\n<p><strong>Orario di apertura al Pubblico<\/strong>:<br \/>\ndal luned\u00ec al venerd\u00ec &#8211; dalle 09.00 alle ore 13.00 e dalle 14.00 alle 17.00<\/p>\n<p><strong>Ufficio Corsi di Lingua e Certificazioni<\/strong>\u00a0ricever\u00e0 il pubblico dal luned\u00ec al venerd\u00ec nei seguenti orari:<\/p>\n<p>Mattino: 10.00 \u2013 12.00<\/p>\n<p>Pomeriggio: 14.30 \u2013 16.30<\/p>\n<p>Per ricevimento al di fuori degli orari sopraindicati si prega di richiedere un appuntamento scrivendo una e-mail a:\u00a0<a href=\"mailto:corsi.iictirana@esteri.it\">corsi.iictirana@esteri.it<\/a><\/p>\n<p><strong><br \/>\n<\/strong><strong>Calendario delle festivit\u00e0 2026<\/strong><\/p>\n<table class=\"table\" style=\"height: 334px;\" border=\"0\" width=\"504\">\n<tbody>\n<tr>\n<td>01 gennaio (gioved\u00ec)<\/td>\n<td>CAPODANNO<\/td>\n<\/tr>\n<tr>\n<td>06 gennaio (marted\u00ec)<\/td>\n<td>EPIFANIA<\/td>\n<\/tr>\n<tr>\n<td>20 marzo ((venerd\u00ec)<\/td>\n<td>GRANDE BAJRAM<\/td>\n<\/tr>\n<tr>\n<td>06 aprile (luned\u00ec)<\/td>\n<td>LUNEDI&#8217; DELL&#8217;ANGELO<\/td>\n<\/tr>\n<tr>\n<td>25 aprile (sabato)<\/td>\n<td>FESTA DELLA LIBERAZIONE<\/td>\n<\/tr>\n<tr>\n<td>01 maggio (venerd\u00ec)<\/td>\n<td>FESTA DEL LAVORO<\/td>\n<\/tr>\n<tr>\n<td>02 giugno (marted\u00ec)<\/td>\n<td>FESTA DELLA REPUBBLICA<\/td>\n<\/tr>\n<tr>\n<td>05 settembre (sabato)<\/td>\n<td>SANTA MADRE TERESA DI CALCUTTA<\/td>\n<\/tr>\n<tr>\n<td>28 novembre (sabato)<\/td>\n<td>FESTA DELL&#8217;INDIPENDENZA ALBANESE<\/td>\n<\/tr>\n<tr>\n<td>25 dicembre (venerd\u00ec)<\/td>\n<td>NATALE<\/td>\n<\/tr>\n<tr>\n<td>26 dicembre (sabato)<\/td>\n<td>SANTO STEFANO<\/td>\n<\/tr>\n<\/tbody>\n<\/table>\n","protected":false},"excerpt":{"rendered":"Benvenuti all&#8217;Istituto Italiano di Cultura Pallati i Kultur\u00ebs, (K.II) Sheshi Skenderbej, 1010 Tirana Tel: +355 4 2379580 Email:\u00a0iictirana@esteri.it\u00a0 PEC:\u00a0iic.tirana@cert.esteri.it &nbsp; Orario di apertura al Pubblico: dal luned\u00ec al venerd\u00ec &#8211; dalle 09.00 alle ore 13.00 e dalle 14.00 alle 17.00 Ufficio Corsi di Lingua e Certificazioni\u00a0ricever\u00e0 il pubblico dal luned\u00ec al venerd\u00ec nei seguenti orari: [&hellip;]","protected":false},"author":1,"featured_media":0,"parent":15,"menu_order":4,"comment_status":"closed","ping_status":"closed","template":"","meta":{"footnotes":""},"class_list":["post-41","page","type-page","status-publish","hentry"],"_links":{"self":[{"href":"https:\/\/iictirana.esteri.it\/it\/wp-json\/wp\/v2\/pages\/41","targetHints":{"allow":["GET"]}}],"collection":[{"href":"https:\/\/iictirana.esteri.it\/it\/wp-json\/wp\/v2\/pages"}],"about":[{"href":"https:\/\/iictirana.esteri.it\/it\/wp-json\/wp\/v2\/types\/page"}],"author":[{"embeddable":true,"href":"https:\/\/iictirana.esteri.it\/it\/wp-json\/wp\/v2\/users\/1"}],"replies":[{"embeddable":true,"href":"https:\/\/iictirana.esteri.it\/it\/wp-json\/wp\/v2\/comments?post=41"}],"version-history":[{"count":6,"href":"https:\/\/iictirana.esteri.it\/it\/wp-json\/wp\/v2\/pages\/41\/revisions"}],"predecessor-version":[{"id":9812,"href":"https:\/\/iictirana.esteri.it\/it\/wp-json\/wp\/v2\/pages\/41\/revisions\/9812"}],"up":[{"embeddable":true,"href":"https:\/\/iictirana.esteri.it\/it\/wp-json\/wp\/v2\/pages\/15"}],"wp:attachment":[{"href":"https:\/\/iictirana.esteri.it\/it\/wp-json\/wp\/v2\/media?parent=41"}],"curies":[{"name":"wp","href":"https:\/\/api.w.org\/{rel}","templated":true}]}}