{"id":40,"date":"2023-04-03T20:55:02","date_gmt":"2023-04-03T18:55:02","guid":{"rendered":"https:\/\/istitutobuenosaires.esteri.it\/?page_id=40"},"modified":"2023-11-30T19:16:24","modified_gmt":"2023-11-30T17:16:24","slug":"la-sede","status":"publish","type":"page","link":"https:\/\/iictirana.esteri.it\/it\/chi-siamo\/la-sede\/","title":{"rendered":"La Sede"},"content":{"rendered":"<p>L&#8217;Istituto Italiano di Cultura di Tirana nasce nel 1981 e per circa dieci anni, lavora come semplice Ufficio Culturale dell&#8217;Ambasciata d&#8217;Italia. In tale periodo opera nel campo culturale in maniera ristretta, mantenendo rapporti quasi esclusivamente con il Dipartimento di Cultura del Ministero degli Esteri Albanese. L&#8217;ufficio, oltre all&#8217;organizzazione di diverse mostre, ha curato i corsi di lingua italiana per studenti albanesi, le iscrizioni degli stessi presso le Universit\u00e0 italiane, il rilascio di titoli accademici e borse di studio, ecc.<br \/>\nCos\u00ec negli anni,\u00a0l&#8217;attivit\u00e0 dell&#8217; Istituto si \u00e8 andata incrementando, non soltanto per l&#8217;attivit\u00e0 Accademica, bens\u00ec anche nell&#8217;ambito dell&#8217;organizzazione di eventi, fino ad arrivare al 1999, anno in cui\u00a0da semplice Ufficio dell&#8217;Ambasciata\u00a0ha assunto le funzioni di un vero Istituto di Cultura, con una propria sede.<\/p>\n<p>L\u2019area di competenza dell\u2019IIC di Tirana comprende tutta l\u2019Albania.<\/p>\n<p><a href=\"https:\/\/maps.app.goo.gl\/un8wBQSadYJNodZbA\"><img loading=\"lazy\" decoding=\"async\" class=\"alignnone wp-image-2482 img-fluid\" src=\"https:\/\/iictirana.esteri.it\/wp-content\/uploads\/2023\/11\/albania-300x173.jpg\" alt=\"\" width=\"316\" height=\"182\" srcset=\"https:\/\/iictirana.esteri.it\/wp-content\/uploads\/2023\/11\/albania-300x173.jpg 300w, https:\/\/iictirana.esteri.it\/wp-content\/uploads\/2023\/11\/albania.jpg 616w\" sizes=\"auto, (max-width: 316px) 100vw, 316px\" \/><\/a><\/p>\n<p>Da Luglio 2018 l\u2019area di competenza per la promozione e la diffusione della lingua e della cultura italiana dell\u2019IIC di Tirana \u00e8 stata estesa anche alla Repubblica del Kosovo. Le attivit\u00e0 culturali dell\u2019Istituto nel nuovo paese di accreditamento sono realizzate in stretta collaborazione con l\u2019Ambasciata d\u2019Italia Pristina.<\/p>\n<p><img loading=\"lazy\" decoding=\"async\" class=\"alignnone wp-image-2480 img-fluid\" src=\"https:\/\/iictirana.esteri.it\/wp-content\/uploads\/2023\/11\/1200px-kosovo_in_europe_2008-298x300.png\" alt=\"\" width=\"244\" height=\"246\" srcset=\"https:\/\/iictirana.esteri.it\/wp-content\/uploads\/2023\/11\/1200px-kosovo_in_europe_2008-298x300.png 298w, https:\/\/iictirana.esteri.it\/wp-content\/uploads\/2023\/11\/1200px-kosovo_in_europe_2008-1016x1024.png 1016w, https:\/\/iictirana.esteri.it\/wp-content\/uploads\/2023\/11\/1200px-kosovo_in_europe_2008-150x150.png 150w, https:\/\/iictirana.esteri.it\/wp-content\/uploads\/2023\/11\/1200px-kosovo_in_europe_2008-768x774.png 768w, https:\/\/iictirana.esteri.it\/wp-content\/uploads\/2023\/11\/1200px-kosovo_in_europe_2008.png 1139w\" sizes=\"auto, (max-width: 244px) 100vw, 244px\" \/><\/p>\n","protected":false},"excerpt":{"rendered":"L&#8217;Istituto Italiano di Cultura di Tirana nasce nel 1981 e per circa dieci anni, lavora come semplice Ufficio Culturale dell&#8217;Ambasciata d&#8217;Italia. In tale periodo opera nel campo culturale in maniera ristretta, mantenendo rapporti quasi esclusivamente con il Dipartimento di Cultura del Ministero degli Esteri Albanese. L&#8217;ufficio, oltre all&#8217;organizzazione di diverse mostre, ha curato i corsi [&hellip;]","protected":false},"author":1,"featured_media":0,"parent":15,"menu_order":2,"comment_status":"closed","ping_status":"closed","template":"","meta":{"footnotes":""},"class_list":["post-40","page","type-page","status-publish","hentry"],"_links":{"self":[{"href":"https:\/\/iictirana.esteri.it\/it\/wp-json\/wp\/v2\/pages\/40","targetHints":{"allow":["GET"]}}],"collection":[{"href":"https:\/\/iictirana.esteri.it\/it\/wp-json\/wp\/v2\/pages"}],"about":[{"href":"https:\/\/iictirana.esteri.it\/it\/wp-json\/wp\/v2\/types\/page"}],"author":[{"embeddable":true,"href":"https:\/\/iictirana.esteri.it\/it\/wp-json\/wp\/v2\/users\/1"}],"replies":[{"embeddable":true,"href":"https:\/\/iictirana.esteri.it\/it\/wp-json\/wp\/v2\/comments?post=40"}],"version-history":[{"count":3,"href":"https:\/\/iictirana.esteri.it\/it\/wp-json\/wp\/v2\/pages\/40\/revisions"}],"predecessor-version":[{"id":2487,"href":"https:\/\/iictirana.esteri.it\/it\/wp-json\/wp\/v2\/pages\/40\/revisions\/2487"}],"up":[{"embeddable":true,"href":"https:\/\/iictirana.esteri.it\/it\/wp-json\/wp\/v2\/pages\/15"}],"wp:attachment":[{"href":"https:\/\/iictirana.esteri.it\/it\/wp-json\/wp\/v2\/media?parent=40"}],"curies":[{"name":"wp","href":"https:\/\/api.w.org\/{rel}","templated":true}]}}