{"id":37,"date":"2023-04-03T20:53:19","date_gmt":"2023-04-03T18:53:19","guid":{"rendered":"https:\/\/istitutobuenosaires.esteri.it\/?page_id=37"},"modified":"2025-02-24T13:10:57","modified_gmt":"2025-02-24T11:10:57","slug":"multimedia","status":"publish","type":"page","link":"https:\/\/iictirana.esteri.it\/it\/news\/multimedia\/","title":{"rendered":"Multimedia"},"content":{"rendered":"<figure id=\"attachment_6580\" aria-describedby=\"caption-attachment-6580\" style=\"width: 300px\" class=\"wp-caption alignleft\"><img loading=\"lazy\" decoding=\"async\" class=\"size-medium wp-image-6580 img-fluid\" src=\"https:\/\/iictirana.esteri.it\/wp-content\/uploads\/2025\/02\/Amore-300x300.jpg\" alt=\"\" width=\"300\" height=\"300\" srcset=\"https:\/\/iictirana.esteri.it\/wp-content\/uploads\/2025\/02\/Amore-300x300.jpg 300w, https:\/\/iictirana.esteri.it\/wp-content\/uploads\/2025\/02\/Amore-1024x1024.jpg 1024w, https:\/\/iictirana.esteri.it\/wp-content\/uploads\/2025\/02\/Amore-150x150.jpg 150w, https:\/\/iictirana.esteri.it\/wp-content\/uploads\/2025\/02\/Amore-768x768.jpg 768w, https:\/\/iictirana.esteri.it\/wp-content\/uploads\/2025\/02\/Amore.jpg 1284w\" sizes=\"auto, (max-width: 300px) 100vw, 300px\" \/><figcaption id=\"caption-attachment-6580\" class=\"wp-caption-text\"><strong>Amore \/ Dashurin\u00eb<\/strong><\/figcaption><\/figure>\n<figure id=\"attachment_6579\" aria-describedby=\"caption-attachment-6579\" style=\"width: 300px\" class=\"wp-caption alignleft\"><img loading=\"lazy\" decoding=\"async\" class=\"size-medium wp-image-6579 img-fluid\" src=\"https:\/\/iictirana.esteri.it\/wp-content\/uploads\/2025\/02\/Coraggio-300x300.jpg\" alt=\"\" width=\"300\" height=\"300\" srcset=\"https:\/\/iictirana.esteri.it\/wp-content\/uploads\/2025\/02\/Coraggio-300x300.jpg 300w, https:\/\/iictirana.esteri.it\/wp-content\/uploads\/2025\/02\/Coraggio-1024x1024.jpg 1024w, https:\/\/iictirana.esteri.it\/wp-content\/uploads\/2025\/02\/Coraggio-150x150.jpg 150w, https:\/\/iictirana.esteri.it\/wp-content\/uploads\/2025\/02\/Coraggio-768x768.jpg 768w, https:\/\/iictirana.esteri.it\/wp-content\/uploads\/2025\/02\/Coraggio.jpg 1284w\" sizes=\"auto, (max-width: 300px) 100vw, 300px\" \/><figcaption id=\"caption-attachment-6579\" class=\"wp-caption-text\"><strong>Coraggio \/ Guximin<\/strong><\/figcaption><\/figure>\n<figure id=\"attachment_6582\" aria-describedby=\"caption-attachment-6582\" style=\"width: 300px\" class=\"wp-caption alignleft\"><img loading=\"lazy\" decoding=\"async\" class=\"size-medium wp-image-6582 img-fluid\" src=\"https:\/\/iictirana.esteri.it\/wp-content\/uploads\/2025\/02\/Generosita-300x300.jpg\" alt=\"\" width=\"300\" height=\"300\" srcset=\"https:\/\/iictirana.esteri.it\/wp-content\/uploads\/2025\/02\/Generosita-300x300.jpg 300w, https:\/\/iictirana.esteri.it\/wp-content\/uploads\/2025\/02\/Generosita-1024x1024.jpg 1024w, https:\/\/iictirana.esteri.it\/wp-content\/uploads\/2025\/02\/Generosita-150x150.jpg 150w, https:\/\/iictirana.esteri.it\/wp-content\/uploads\/2025\/02\/Generosita-768x767.jpg 768w, https:\/\/iictirana.esteri.it\/wp-content\/uploads\/2025\/02\/Generosita.jpg 1284w\" sizes=\"auto, (max-width: 300px) 100vw, 300px\" \/><figcaption id=\"caption-attachment-6582\" class=\"wp-caption-text\"><strong>Generosit\u00e0 \/ Bujarin\u00eb<\/strong><\/figcaption><\/figure>\n<figure id=\"attachment_6584\" aria-describedby=\"caption-attachment-6584\" style=\"width: 300px\" class=\"wp-caption alignleft\"><img loading=\"lazy\" decoding=\"async\" class=\"size-medium wp-image-6584 img-fluid\" src=\"https:\/\/iictirana.esteri.it\/wp-content\/uploads\/2025\/02\/Pazienza-300x300.jpg\" alt=\"\" width=\"300\" height=\"300\" srcset=\"https:\/\/iictirana.esteri.it\/wp-content\/uploads\/2025\/02\/Pazienza-300x300.jpg 300w, https:\/\/iictirana.esteri.it\/wp-content\/uploads\/2025\/02\/Pazienza-1024x1024.jpg 1024w, https:\/\/iictirana.esteri.it\/wp-content\/uploads\/2025\/02\/Pazienza-150x150.jpg 150w, https:\/\/iictirana.esteri.it\/wp-content\/uploads\/2025\/02\/Pazienza-768x768.jpg 768w, https:\/\/iictirana.esteri.it\/wp-content\/uploads\/2025\/02\/Pazienza.jpg 1284w\" sizes=\"auto, (max-width: 300px) 100vw, 300px\" \/><figcaption id=\"caption-attachment-6584\" class=\"wp-caption-text\"><strong>Pazienza \/ Durimin<\/strong><\/figcaption><\/figure>\n<figure id=\"attachment_6622\" aria-describedby=\"caption-attachment-6622\" style=\"width: 300px\" class=\"wp-caption alignleft\"><img loading=\"lazy\" decoding=\"async\" class=\"size-medium wp-image-6622 img-fluid\" src=\"https:\/\/iictirana.esteri.it\/wp-content\/uploads\/2025\/02\/Speranza-300x300.jpg\" alt=\"\" width=\"300\" height=\"300\" srcset=\"https:\/\/iictirana.esteri.it\/wp-content\/uploads\/2025\/02\/Speranza-300x300.jpg 300w, https:\/\/iictirana.esteri.it\/wp-content\/uploads\/2025\/02\/Speranza-1024x1024.jpg 1024w, https:\/\/iictirana.esteri.it\/wp-content\/uploads\/2025\/02\/Speranza-150x150.jpg 150w, https:\/\/iictirana.esteri.it\/wp-content\/uploads\/2025\/02\/Speranza-768x768.jpg 768w, https:\/\/iictirana.esteri.it\/wp-content\/uploads\/2025\/02\/Speranza.jpg 1284w\" sizes=\"auto, (max-width: 300px) 100vw, 300px\" \/><figcaption id=\"caption-attachment-6622\" class=\"wp-caption-text\"><strong>Speranza \/ Shpres\u00ebn<\/strong><\/figcaption><\/figure>\n<figure id=\"attachment_6588\" aria-describedby=\"caption-attachment-6588\" style=\"width: 300px\" class=\"wp-caption alignleft\"><img loading=\"lazy\" decoding=\"async\" class=\"size-medium wp-image-6588 img-fluid\" src=\"https:\/\/iictirana.esteri.it\/wp-content\/uploads\/2025\/02\/Vulnerabilita-300x300.jpg\" alt=\"\" width=\"300\" height=\"300\" srcset=\"https:\/\/iictirana.esteri.it\/wp-content\/uploads\/2025\/02\/Vulnerabilita-300x300.jpg 300w, https:\/\/iictirana.esteri.it\/wp-content\/uploads\/2025\/02\/Vulnerabilita-1024x1024.jpg 1024w, https:\/\/iictirana.esteri.it\/wp-content\/uploads\/2025\/02\/Vulnerabilita-150x150.jpg 150w, https:\/\/iictirana.esteri.it\/wp-content\/uploads\/2025\/02\/Vulnerabilita-768x768.jpg 768w, https:\/\/iictirana.esteri.it\/wp-content\/uploads\/2025\/02\/Vulnerabilita.jpg 1284w\" sizes=\"auto, (max-width: 300px) 100vw, 300px\" \/><figcaption id=\"caption-attachment-6588\" class=\"wp-caption-text\"><strong>Vulnerabilit\u00e0 \/ L\u00ebndueshm\u00ebrin\u00eb<\/strong><\/figcaption><\/figure>\n<p>&nbsp;<\/p>\n","protected":false},"excerpt":{"rendered":"&nbsp;","protected":false},"author":1,"featured_media":0,"parent":18,"menu_order":4,"comment_status":"closed","ping_status":"closed","template":"","meta":{"footnotes":""},"class_list":["post-37","page","type-page","status-publish","hentry"],"_links":{"self":[{"href":"https:\/\/iictirana.esteri.it\/it\/wp-json\/wp\/v2\/pages\/37","targetHints":{"allow":["GET"]}}],"collection":[{"href":"https:\/\/iictirana.esteri.it\/it\/wp-json\/wp\/v2\/pages"}],"about":[{"href":"https:\/\/iictirana.esteri.it\/it\/wp-json\/wp\/v2\/types\/page"}],"author":[{"embeddable":true,"href":"https:\/\/iictirana.esteri.it\/it\/wp-json\/wp\/v2\/users\/1"}],"replies":[{"embeddable":true,"href":"https:\/\/iictirana.esteri.it\/it\/wp-json\/wp\/v2\/comments?post=37"}],"version-history":[{"count":7,"href":"https:\/\/iictirana.esteri.it\/it\/wp-json\/wp\/v2\/pages\/37\/revisions"}],"predecessor-version":[{"id":6623,"href":"https:\/\/iictirana.esteri.it\/it\/wp-json\/wp\/v2\/pages\/37\/revisions\/6623"}],"up":[{"embeddable":true,"href":"https:\/\/iictirana.esteri.it\/it\/wp-json\/wp\/v2\/pages\/18"}],"wp:attachment":[{"href":"https:\/\/iictirana.esteri.it\/it\/wp-json\/wp\/v2\/media?parent=37"}],"curies":[{"name":"wp","href":"https:\/\/api.w.org\/{rel}","templated":true}]}}