{"id":35,"date":"2023-04-03T20:52:42","date_gmt":"2023-04-03T18:52:42","guid":{"rendered":"https:\/\/istitutobuenosaires.esteri.it\/?page_id=35"},"modified":"2024-07-19T12:21:30","modified_gmt":"2024-07-19T10:21:30","slug":"calendario","status":"publish","type":"page","link":"https:\/\/iictirana.esteri.it\/it\/gli_eventi\/calendario\/","title":{"rendered":"Eventi in programma"},"content":{"rendered":"        <div class=\"row\">\n\t\t\t<!-- Ricerca sedi post -->\n\t\t\t<div class=\"col-12 mt-4\">\n\t\t\t  <div class=\"callout callout-highlight note ricerca-esteri p-4\">\n                    <div class=\"callout-title\">\n                        <svg class=\"icon\">\n                            <use xlink:href=\"https:\/\/iictirana.esteri.it\/wp-content\/themes\/sedi-tema\/assets\/svg\/sprites.svg#it-search\"><\/use>\n                        <\/svg>Inserisci i parametri di ricerca                    <\/div>\n                    <form id=\"searchFormPost\" name=\"form-search-post\" class=\"form-row align-items-center\" action=\"https:\/\/iictirana.esteri.it\/it\/wp-json\/wp\/v2\/pages\/35\/\" method=\"GET\"> \n                        <!-- <div class=\"form-group pt-5\"> -->\n                            <!-- <input type=\"hidden\" id=\"lang\" name=\"lang\" value=\"\"> --> <!-- <\/div> -->\n\n                        <div class=\"it-datepicker-wrapper\">\n                            <div class=\"row\">\n                                <div class=\"form-group col-md-6\">\n                                    <label class=\"active\" for=\"date-init\">Dal<\/label>\n                                    <input class=\"form-control\" name=\"date-init\" id=\"date-init\" type=\"date\" placeholder=\"gg\/mm\/aaaa\" value=\"\"lang=\"en-EN\">  \n                                <\/div>\n                                <div class=\"form-group col-md-6\">\n                                    <label class=\"active\" for=\"date-end\">Al<\/label>\n                                    <input class=\"form-control\" name=\"date-end\" id=\"date-end\" type=\"date\" placeholder=\"gg\/mm\/aaaa\" value=\"\">\n                                <\/div>\n                            <\/div>\n                        <\/div>\n                        <div class=\"form-group col-md-12 mt-3\">\n                            <label for=\"searchText\">Campo ricerca libera<\/label>\n                            <input type=\"text\" name=\"searchText\" class=\"form-control\" id=\"searchText\" value=\"\">\n                        <\/div>\n                        <div class=\"form-group col-md-4 offset-md-8 text-end\">\n                            <a href=\"https:\/\/iictirana.esteri.it\/it\/gli_eventi\/calendario\/\" title=\"Form reset\" id=\"resetImput\" class=\"btn btn-outline-primary btn-xs\">Reset<\/a>\n                            <button type=\"submit\" class=\"btn btn-primary btn-xs\">Mostra risultati<\/button>\n                        <\/div>\n                    <\/form>\n\t\t\t\t<\/div>\n\t\t\t<\/div>\n\t\t<\/div>\n                    \n            <div class=\"row\">\n                            <div class=\"col-12 mt-3\">\n                <!--start card-->\n                <div class=\"card-wrapper card-space\">\n                    <div class=\"card card-bg card-big border-bottom-card\">\n                        <div class=\"card-body row\">\n                                                    <div class=\"col-sm-3\">\n                                <div class=\"img-responsive\">\n                                    <figure class=\"img-wrapper\">\n                                        <a href=\"https:\/\/iictirana.esteri.it\/it\/gli_eventi\/calendario\/mostra-il-denaro-racconta-100-anni-di-vita-e-avvenimenti-banca-dalbania-1925-2025\/\" title=\"Leggi l'articolo: Mostra:  Il denaro racconta: 100 anni di vita e avvenimenti, Banca d\u2019Albania (1925\u20132025)\">\n                                                                                            <img loading=\"lazy\" decoding=\"async\" width=\"240\" height=\"300\" src=\"https:\/\/iictirana.esteri.it\/wp-content\/uploads\/2026\/01\/MoneyTalks_Mostra-240x300.jpg\" srcset=\"https:\/\/iictirana.esteri.it\/wp-content\/uploads\/2026\/01\/MoneyTalks_Mostra.jpg 1440w, https:\/\/iictirana.esteri.it\/wp-content\/uploads\/2026\/01\/MoneyTalks_Mostra-240x300.jpg 240w, https:\/\/iictirana.esteri.it\/wp-content\/uploads\/2026\/01\/MoneyTalks_Mostra-819x1024.jpg 819w, https:\/\/iictirana.esteri.it\/wp-content\/uploads\/2026\/01\/MoneyTalks_Mostra-768x960.jpg 768w\" sizes=\"auto, (max-width: 1440px) 100vw, 1440px\"  title=\"MoneyTalks_Mostra\" alt=\"\" class=\"img-fluid\">\n                                                                                    <\/a>\n                                    <\/figure>\n                                <\/div>\n                            <\/div>\n                            <div class=\"col-sm-9\">\n                                                            <div class=\"category-top\">\n                                    <span class=\"fw-bold text-success\">In corso<\/span>                                                                        <span class=\"data\">\n                                        <svg class=\"icon icon-secondary\">\n                                            <use xlink:href=\"https:\/\/iictirana.esteri.it\/wp-content\/themes\/sedi-tema\/assets\/svg\/sprites.svg#it-calendar\"><\/use>\n                                        <\/svg> Mar 20 Gen 2026<svg class=\"icon icon-xs icon-secondary me-1 ms-1\"><use href=\"https:\/\/iictirana.esteri.it\/wp-content\/themes\/sedi-tema\/assets\/svg\/sprites.svg#it-arrow-right\"><\/use><\/svg>Lun 20 Lug 2026                                    <\/span>\n                                                                    <\/div>\n                            <h5 class=\"card-title big-heading text-uppercase\"><a class=\"text-body text-decoration-none\" href=\"https:\/\/iictirana.esteri.it\/it\/gli_eventi\/calendario\/mostra-il-denaro-racconta-100-anni-di-vita-e-avvenimenti-banca-dalbania-1925-2025\/\" title=\"Mostra:  Il denaro racconta: 100 anni di vita e avvenimenti, Banca d\u2019Albania (1925\u20132025)\">Mostra:  Il denaro racconta: 100 anni di vita e avvenimenti, Banca d\u2019Albania (1925\u20132025)<\/a><\/h5>\n                            <p class=\"card-text\">In occasione del centenario della fondazione della Banca d\u2019Albania e dei cento anni della moneta nazionale albanese, la Banca d\u2019Albania, in collaborazione con l\u2019Istituto Italiano di Cultura a Tirana, inaugura la mostra storica \u201cMoney Talks: 100 anni di vita ed eventi, Banca d\u2019Albania (1925\u20132025)\u201d. L\u2019esposizione, ospitata nella storica sede centrale n. 2 della Banca d\u2019Albania, [&hellip;]<\/p>\n                                <a title=\"Mostra:  Il denaro racconta: 100 anni di vita e avvenimenti, Banca d\u2019Albania (1925\u20132025)\" class=\"read-more\" href=\"https:\/\/iictirana.esteri.it\/it\/gli_eventi\/calendario\/mostra-il-denaro-racconta-100-anni-di-vita-e-avvenimenti-banca-dalbania-1925-2025\/\">\n                                    <span class=\"text\">Leggi di pi\u00f9<\/span>\n                                    <svg class=\"icon\">\n                                    <use xlink:href=\"https:\/\/iictirana.esteri.it\/wp-content\/themes\/sedi-tema\/assets\/svg\/sprites.svg#it-arrow-right\"><\/use>\n                                    <\/svg>\n                                <\/a>\n                                                        <\/div>\n                                                    <\/div>\n                    <\/div>\n                <\/div>\n                <!--end card-->\n                <\/div><!-- col-12 .mt-3-->\n                            <div class=\"col-12 mt-3\">\n                <!--start card-->\n                <div class=\"card-wrapper card-space\">\n                    <div class=\"card card-bg card-big border-bottom-card\">\n                        <div class=\"card-body row\">\n                                                    <div class=\"col-sm-3\">\n                                <div class=\"img-responsive\">\n                                    <figure class=\"img-wrapper\">\n                                        <a href=\"https:\/\/iictirana.esteri.it\/it\/gli_eventi\/calendario\/duo-gazzana-a-chopin-piano-fest-16-edizione\/\" title=\"Leggi l'articolo: DUO Gazzana a Chopin Piano Fest \u2013 16\u00b0 edizione\">\n                                                                                            <img loading=\"lazy\" decoding=\"async\" width=\"240\" height=\"300\" src=\"https:\/\/iictirana.esteri.it\/wp-content\/uploads\/2026\/04\/DuoGazzana-240x300.jpg\" srcset=\"https:\/\/iictirana.esteri.it\/wp-content\/uploads\/2026\/04\/DuoGazzana.jpg 1080w, https:\/\/iictirana.esteri.it\/wp-content\/uploads\/2026\/04\/DuoGazzana-240x300.jpg 240w, https:\/\/iictirana.esteri.it\/wp-content\/uploads\/2026\/04\/DuoGazzana-819x1024.jpg 819w, https:\/\/iictirana.esteri.it\/wp-content\/uploads\/2026\/04\/DuoGazzana-768x960.jpg 768w\" sizes=\"auto, (max-width: 1080px) 100vw, 1080px\"  title=\"DuoGazzana\" alt=\"\" class=\"img-fluid\">\n                                                                                    <\/a>\n                                    <\/figure>\n                                <\/div>\n                            <\/div>\n                            <div class=\"col-sm-9\">\n                                                            <div class=\"category-top\">\n                                    <span class=\"fw-bold \"><\/span>                                                                        <span class=\"\">\n                                        <svg class=\"icon icon-secondary\">\n                                            <use xlink:href=\"https:\/\/iictirana.esteri.it\/wp-content\/themes\/sedi-tema\/assets\/svg\/sprites.svg#it-calendar\"><\/use>\n                                        <\/svg> Gio 07 Mag 2026<svg class=\"icon icon-xs icon-secondary me-1 ms-1\"><use href=\"https:\/\/iictirana.esteri.it\/wp-content\/themes\/sedi-tema\/assets\/svg\/sprites.svg#it-arrow-right\"><\/use><\/svg>Gio 07 Mag 2026                                    <\/span>\n                                                                    <\/div>\n                            <h5 class=\"card-title big-heading text-uppercase\"><a class=\"text-body text-decoration-none\" href=\"https:\/\/iictirana.esteri.it\/it\/gli_eventi\/calendario\/duo-gazzana-a-chopin-piano-fest-16-edizione\/\" title=\"DUO Gazzana a Chopin Piano Fest \u2013 16\u00b0 edizione\">DUO Gazzana a Chopin Piano Fest \u2013 16\u00b0 edizione<\/a><\/h5>\n                            <p class=\"card-text\">L\u2019istituto Italiano di Cultura in collaborazione con l\u2019Ambasciata d\u2019Italia in Pristina \u00e8 lieto di rinovare il sostegno a Chopin Piano Fest con la partecipazione del Duo Gazzana: Natascia Gazzana, violinista e Raffaella Gazzana, pianista. Il concerto aprir\u00e0 la XVI edizione di Chopin Piano Fest e celebrer\u00e0 la Giornata Europea. CCon musiche di: Valentyn Silvestrov, Anton\u00edn [&hellip;]<\/p>\n                                <a title=\"DUO Gazzana a Chopin Piano Fest \u2013 16\u00b0 edizione\" class=\"read-more\" href=\"https:\/\/iictirana.esteri.it\/it\/gli_eventi\/calendario\/duo-gazzana-a-chopin-piano-fest-16-edizione\/\">\n                                    <span class=\"text\">Leggi di pi\u00f9<\/span>\n                                    <svg class=\"icon\">\n                                    <use xlink:href=\"https:\/\/iictirana.esteri.it\/wp-content\/themes\/sedi-tema\/assets\/svg\/sprites.svg#it-arrow-right\"><\/use>\n                                    <\/svg>\n                                <\/a>\n                                                        <\/div>\n                                                    <\/div>\n                    <\/div>\n                <\/div>\n                <!--end card-->\n                <\/div><!-- col-12 .mt-3-->\n            \n            <div class=\"col-md-12 mt-4 pb-4\">\n                <nav class=\"navigation col-md-12\" aria-label=\"Navigation\">\n                    <h2 class=\"screen-reader-text visually-hidden\">Paginazione<\/h2>\n                    <div class=\"nav-links\">\n                                        <\/div>\n                <\/nav>\n            <\/div>   <!--.col-md-12 -->\n              <\/div><!--.row -->\n              \n","protected":false},"excerpt":{"rendered":"","protected":false},"author":1,"featured_media":0,"parent":17,"menu_order":0,"comment_status":"closed","ping_status":"closed","template":"","meta":{"footnotes":""},"class_list":["post-35","page","type-page","status-publish","hentry"],"_links":{"self":[{"href":"https:\/\/iictirana.esteri.it\/it\/wp-json\/wp\/v2\/pages\/35","targetHints":{"allow":["GET"]}}],"collection":[{"href":"https:\/\/iictirana.esteri.it\/it\/wp-json\/wp\/v2\/pages"}],"about":[{"href":"https:\/\/iictirana.esteri.it\/it\/wp-json\/wp\/v2\/types\/page"}],"author":[{"embeddable":true,"href":"https:\/\/iictirana.esteri.it\/it\/wp-json\/wp\/v2\/users\/1"}],"replies":[{"embeddable":true,"href":"https:\/\/iictirana.esteri.it\/it\/wp-json\/wp\/v2\/comments?post=35"}],"version-history":[{"count":2,"href":"https:\/\/iictirana.esteri.it\/it\/wp-json\/wp\/v2\/pages\/35\/revisions"}],"predecessor-version":[{"id":4429,"href":"https:\/\/iictirana.esteri.it\/it\/wp-json\/wp\/v2\/pages\/35\/revisions\/4429"}],"up":[{"embeddable":true,"href":"https:\/\/iictirana.esteri.it\/it\/wp-json\/wp\/v2\/pages\/17"}],"wp:attachment":[{"href":"https:\/\/iictirana.esteri.it\/it\/wp-json\/wp\/v2\/media?parent=35"}],"curies":[{"name":"wp","href":"https:\/\/api.w.org\/{rel}","templated":true}]}}