{"id":1771,"date":"2023-09-15T12:08:50","date_gmt":"2023-09-15T10:08:50","guid":{"rendered":"https:\/\/iictirana.esteri.it\/?page_id=1771"},"modified":"2026-04-16T10:43:57","modified_gmt":"2026-04-16T08:43:57","slug":"certificazione-cils","status":"publish","type":"page","link":"https:\/\/iictirana.esteri.it\/it\/lingua-e-cultura\/certificazioni\/certificazione-cils\/","title":{"rendered":"Certificazione CILS"},"content":{"rendered":"<p><strong>Che cos\u2019\u00e8 la CILS?<\/strong><\/p>\n<p>La CILS (Certificazione di Italiano come Lingua Straniera) \u00e8 un titolo di studio rilasciato dall\u2019Universit\u00e0 per Stranieri di Siena che attesta il grado di competenza linguistico-comunicativa in italiano come L2.<\/p>\n<p><strong>A che cosa serve la CILS?<\/strong><\/p>\n<p>La CILS serve a chi studia l\u2019italiano, a chi lavora e studia in contatto con la realt\u00e0 italiana, a chi vuole misurare la propria competenza in italiano, per l&#8217;iscrizione alle Universit\u00e0 italiane e a chi sia richiesto un determinato livello di competenza in italiano attestato formalmente. Il Ministero dell&#8217;Universit\u00e0 e della Ricerca riconosce la CILS come certificato per l&#8217;ammissione degli studenti stranieri extra-comunitari alle Universit\u00e0 italiane: il possesso del Livello CILS Due \u2013 B2 esonera gli studenti extra-comunitari dalla prova di lingua italiana. In riferimento all\u2019 autonomia universitaria, la CILS costituisce comunque un punteggio nella graduatoria derivante dagli esami di ammissione presso i singoli Atenei. Molte aziende o ditte italiane e straniere riconoscono i certificati CILS come requisiti per rapporti di lavoro.<\/p>\n<p><strong>Com\u2019 \u00e8 strutturata la CILS?<\/strong><\/p>\n<p>Il sistema di Certificazione CILS comprende i sei livelli di competenza linguistico-comunicativa individuati del Quadro Comune Europeo di Riferimento (QCER) del Consiglio d\u2019Europa. Ogni livello CILS \u00e8 autonomo e completo, i livelli individuano una competenza linguistico-comunicativa progressivamente pi\u00f9 alta.<\/p>\n<p><strong>Quali sono le prove CILS?<\/strong><\/p>\n<p>Le prove di abilit\u00e0 CILS sono cinque:\u00a0<em>ascolto, comprensione della lettura, produzione scritta, produzione orale,\u00a0analisi delle\u00a0strutture della comunicazione in italiano.<\/em><\/p>\n<p>La scala di valutazione prevede: per i livelli dal UNO\u2013B1 al QUATTRO-C2 un punteggio massimo di 100 punti suddivisi in cinque parti di 20 punti ciascuna (per ogni abilit\u00e0 il livello di sufficienza \u00e8 raggiunto con 11 punti).<\/p>\n<p>I livelli A1 e A2 prevedono un punteggio massimo di 60 punti suddivisi in cinque parti di 12 punti ciascuna per i moduli (per ogni abilit\u00e0 il livello di sufficienza \u00e8 raggiunto con 7 punti).<\/p>\n<p><strong>Come si fa ad ottenere il certificato finale?<\/strong><\/p>\n<p>Per conseguire il certificato \u00e8 necessario raggiungere il livello di sufficienza in ogni abilit\u00e0. Il certificato finale viene inviato dall&#8217;Universit\u00e0 per Stranieri di Siena alla sede convenzionata presso la quale hai sostenuto l&#8217;esame.<\/p>\n<p>Ai candidati che non raggiungono la sufficienza in tutte le abilit\u00e0, ma solo in alcune, e che, di conseguenza, non conseguono il certificato, l&#8217;Universit\u00e0 rilascia un attestato di\u00a0<em>capitalizzazione.<\/em>\u00a0Il voto conseguito nelle abilit\u00e0 superate rimane valido per 18 mesi dall&#8217;inizio dell&#8217;esame. Occorre, comunque, inviare una nuova proposta di adesione ed effettuare\u00a0il pagamento della tassa d&#8217;iscrizione relativa alle sole abilit\u00e0 da ripetere.<\/p>\n<p><strong>Sessione d&#8217;esame:<\/strong><\/p>\n<table style=\"height: 234px;\" width=\"753\">\n<tbody>\n<tr>\n<td width=\"149\">\n<p style=\"text-align: center;\"><strong><em>\u00a0<\/em><\/strong><strong><em>Certificati<\/em><\/strong><\/p>\n<\/td>\n<td style=\"text-align: center;\" width=\"309\"><strong><em>Data esame<\/em><\/strong><\/td>\n<td style=\"text-align: center;\" width=\"180\"><strong><em>Periodo di iscrizione candidati<\/em><\/strong><\/td>\n<\/tr>\n<tr>\n<td rowspan=\"3\" width=\"149\">\n<h2 style=\"text-align: center;\"><strong><em>CILS <\/em><\/strong><\/h2>\n<\/td>\n<td width=\"309\">\n<p style=\"text-align: center;\">14 aprile 2026<\/p>\n<\/td>\n<td style=\"text-align: center;\" width=\"180\">16 febbraio \u2013 7 marzo 2026<\/td>\n<\/tr>\n<tr>\n<td width=\"309\">\n<p style=\"text-align: center;\">16 giugno 2026<\/p>\n<\/td>\n<td width=\"180\">15 aprile \u2013 30 aprile 2026<\/td>\n<\/tr>\n<tr>\n<td style=\"text-align: center;\" width=\"309\">3 dicembre 2026<\/td>\n<td width=\"180\">\n<p style=\"text-align: center;\">1\u00b0 ottobre &#8211; 17 ottobre 2026<\/p>\n<\/td>\n<\/tr>\n<\/tbody>\n<\/table>\n<p><strong>Qual \u00e8 il costo dell\u2019esame CILS? <\/strong><\/p>\n<table style=\"height: 263px;\" width=\"744\">\n<tbody>\n<tr>\n<td width=\"91\">\n<p style=\"text-align: center;\"><strong>Livelli<\/strong><\/p>\n<\/td>\n<td style=\"text-align: center;\" width=\"138\"><strong>Quota\u00a0 Totale<\/strong><\/td>\n<td style=\"text-align: center;\" width=\"276\"><strong>Quota per capitalizzazione<\/strong><\/td>\n<\/tr>\n<tr>\n<td width=\"91\">\n<p style=\"text-align: center;\">A2<\/p>\n<\/td>\n<td style=\"text-align: center;\" width=\"138\">\u20ac 40<\/td>\n<td style=\"text-align: center;\" width=\"276\"><\/td>\n<\/tr>\n<tr>\n<td style=\"text-align: center;\" width=\"91\">B1<\/td>\n<td style=\"text-align: center;\" width=\"138\">\u20ac 60<\/td>\n<td style=\"text-align: center;\" width=\"276\">Quota per ogni abilit\u00e0 da ripetere \u20ac 16<\/td>\n<\/tr>\n<tr>\n<td width=\"91\">\n<p style=\"text-align: center;\">B2<\/p>\n<\/td>\n<td style=\"text-align: center;\" width=\"138\">\u20ac 60<\/td>\n<td style=\"text-align: center;\" width=\"276\">Quota per ogni abilit\u00e0 da ripetere \u20ac 16<\/td>\n<\/tr>\n<tr>\n<td width=\"91\">\n<p style=\"text-align: center;\">C1<\/p>\n<\/td>\n<td width=\"138\">\n<p style=\"text-align: center;\">\u20ac 70<\/p>\n<\/td>\n<td style=\"text-align: center;\" width=\"276\">Quota per ogni abilit\u00e0 da ripetere \u20ac 18<\/td>\n<\/tr>\n<tr>\n<td style=\"text-align: center;\" width=\"91\">C2<\/td>\n<td style=\"text-align: center;\" width=\"138\">\u20ac 70<\/td>\n<td style=\"text-align: center;\" width=\"276\">Quota per ogni abilit\u00e0 da ripetere \u20ac 18<\/td>\n<\/tr>\n<\/tbody>\n<\/table>\n<p><strong>Quali sono le modalit\u00e0 di iscrizione all\u2019esame CILS presso l\u2019IIC di Tirana?<\/strong><\/p>\n<p>I documenti necessari per l\u2019iscrizione all\u2019esame devono essere inviati per mail a: <strong><u>corsi.iictirana@esteri.it<\/u>\u00a0 <\/strong><\/p>\n<ol>\n<li>Modulo di iscrizione CILS <a href=\"https:\/\/iictirana.esteri.it\/wp-content\/uploads\/2023\/09\/SCHEDA-ISCRIZIONE-CILS.docx\">scaricare<\/a><\/li>\n<li>Fotocopia della Carta d\u2019Identit\u00e0 o passaporto <u>non scaduto<\/u><\/li>\n<li>Copia del pagamento effettuato<\/li>\n<\/ol>\n<p>Il pagamento dovr\u00e0 essere fatto con versamento in banca presso il c\/c dell\u2019<strong>Istituto Italiano di Cultura<\/strong> di Tirana:<\/p>\n<table width=\"329\">\n<tbody>\n<tr>\n<td width=\"117\"><strong>Banca: <\/strong><\/td>\n<td width=\"212\"><strong>Intesa SanPaolo Bank Albania <\/strong><\/td>\n<\/tr>\n<tr>\n<td width=\"117\"><strong>c\/c in Euro:\u00a0 <\/strong><\/td>\n<td width=\"212\"><strong>30861332801 <\/strong><\/td>\n<\/tr>\n<tr>\n<td width=\"117\"><strong>IBAN:\u00a0 <\/strong><\/td>\n<td width=\"212\"><strong>AL53208111010000030861332801 <\/strong><\/td>\n<\/tr>\n<\/tbody>\n<\/table>\n<ul>\n<li><strong>Nella causale del pagamento dovr\u00e0 essere specificato <em><u>Nome Cognome del candidato<\/u><\/em>, <em><u>Livello Esame<\/u> <u>CILS <\/u><\/em>e <em><u>distretto di provenienza<\/u><\/em>.\u00a0 <\/strong><\/li>\n<li><u>Non si accetta il pagamento in contanti.<\/u><\/li>\n<li><strong>La tassa d&#8217;esame non pu\u00f2 essere rimborsata.<\/strong><\/li>\n<\/ul>\n<p>&nbsp;<\/p>\n<p><strong>Informazioni e consultazione:<\/strong><\/p>\n<p>Per maggiori informazioni consultare il sito https:\/\/iictirana.esteri.it\/it\/<\/p>\n<p>Per richiedere un colloquio inviare una mail a: <u>corsi.iictirana@esteri.it<\/u><\/p>\n","protected":false},"excerpt":{"rendered":"Che cos\u2019\u00e8 la CILS? La CILS (Certificazione di Italiano come Lingua Straniera) \u00e8 un titolo di studio rilasciato dall\u2019Universit\u00e0 per Stranieri di Siena che attesta il grado di competenza linguistico-comunicativa in italiano come L2. A che cosa serve la CILS? La CILS serve a chi studia l\u2019italiano, a chi lavora e studia in contatto con [&hellip;]","protected":false},"author":4,"featured_media":0,"parent":44,"menu_order":0,"comment_status":"closed","ping_status":"closed","template":"","meta":{"footnotes":""},"class_list":["post-1771","page","type-page","status-publish","hentry"],"_links":{"self":[{"href":"https:\/\/iictirana.esteri.it\/it\/wp-json\/wp\/v2\/pages\/1771","targetHints":{"allow":["GET"]}}],"collection":[{"href":"https:\/\/iictirana.esteri.it\/it\/wp-json\/wp\/v2\/pages"}],"about":[{"href":"https:\/\/iictirana.esteri.it\/it\/wp-json\/wp\/v2\/types\/page"}],"author":[{"embeddable":true,"href":"https:\/\/iictirana.esteri.it\/it\/wp-json\/wp\/v2\/users\/4"}],"replies":[{"embeddable":true,"href":"https:\/\/iictirana.esteri.it\/it\/wp-json\/wp\/v2\/comments?post=1771"}],"version-history":[{"count":6,"href":"https:\/\/iictirana.esteri.it\/it\/wp-json\/wp\/v2\/pages\/1771\/revisions"}],"predecessor-version":[{"id":10643,"href":"https:\/\/iictirana.esteri.it\/it\/wp-json\/wp\/v2\/pages\/1771\/revisions\/10643"}],"up":[{"embeddable":true,"href":"https:\/\/iictirana.esteri.it\/it\/wp-json\/wp\/v2\/pages\/44"}],"wp:attachment":[{"href":"https:\/\/iictirana.esteri.it\/it\/wp-json\/wp\/v2\/media?parent=1771"}],"curies":[{"name":"wp","href":"https:\/\/api.w.org\/{rel}","templated":true}]}}