{"id":17,"date":"2023-04-03T20:31:30","date_gmt":"2023-04-03T18:31:30","guid":{"rendered":"https:\/\/istitutobuenosaires.esteri.it\/?page_id=17"},"modified":"2023-05-25T10:49:51","modified_gmt":"2023-05-25T08:49:51","slug":"gli_eventi","status":"publish","type":"page","link":"https:\/\/iictirana.esteri.it\/it\/gli_eventi\/","title":{"rendered":"Eventi"},"content":{"rendered":"        <div class=\"row\">\n\t\t\t<!-- Ricerca sedi post -->\n\t\t\t<div class=\"col-12 mt-4\">\n\t\t\t  <div class=\"callout callout-highlight note ricerca-esteri p-4\">\n                    <div class=\"callout-title\">\n                        <svg class=\"icon\">\n                            <use xlink:href=\"https:\/\/iictirana.esteri.it\/wp-content\/themes\/sedi-tema\/assets\/svg\/sprites.svg#it-search\"><\/use>\n                        <\/svg>Inserisci i parametri di ricerca                    <\/div>\n                    <form id=\"searchFormPost\" name=\"form-search-post\" class=\"form-row align-items-center\" action=\"https:\/\/iictirana.esteri.it\/it\/wp-json\/wp\/v2\/pages\/17\/\" method=\"GET\"> \n                        <!-- <div class=\"form-group pt-5\"> -->\n                            <!-- <input type=\"hidden\" id=\"lang\" name=\"lang\" value=\"\"> --> <!-- <\/div> -->\n\n                        <div class=\"it-datepicker-wrapper\">\n                            <div class=\"row\">\n                                <div class=\"form-group col-md-6\">\n                                    <label class=\"active\" for=\"date-init\">Dal<\/label>\n                                    <input class=\"form-control\" name=\"date-init\" id=\"date-init\" type=\"date\" placeholder=\"gg\/mm\/aaaa\" value=\"\"lang=\"en-EN\">  \n                                <\/div>\n                                <div class=\"form-group col-md-6\">\n                                    <label class=\"active\" for=\"date-end\">Al<\/label>\n                                    <input class=\"form-control\" name=\"date-end\" id=\"date-end\" type=\"date\" placeholder=\"gg\/mm\/aaaa\" value=\"\">\n                                <\/div>\n                            <\/div>\n                        <\/div>\n                        <div class=\"form-group col-md-12 mt-3\">\n                            <label for=\"searchText\">Campo ricerca libera<\/label>\n                            <input type=\"text\" name=\"searchText\" class=\"form-control\" id=\"searchText\" value=\"\">\n                        <\/div>\n                        <div class=\"form-group col-md-4 offset-md-8 text-end\">\n                            <a href=\"https:\/\/iictirana.esteri.it\/it\/gli_eventi\/\" title=\"Form reset\" id=\"resetImput\" class=\"btn btn-outline-primary btn-xs\">Reset<\/a>\n                            <button type=\"submit\" class=\"btn btn-primary btn-xs\">Mostra risultati<\/button>\n                        <\/div>\n                    <\/form>\n\t\t\t\t<\/div>\n\t\t\t<\/div>\n\t\t<\/div>\n                    \n            <div class=\"row\">\n                            <div class=\"col-12 mt-3\">\n                <!--start card-->\n                <div class=\"card-wrapper card-space\">\n                    <div class=\"card card-bg card-big border-bottom-card\">\n                        <div class=\"card-body row\">\n                                                    <div class=\"col-sm-3\">\n                                <div class=\"img-responsive\">\n                                    <figure class=\"img-wrapper\">\n                                        <a href=\"https:\/\/iictirana.esteri.it\/it\/gli_eventi\/calendario\/mostra-il-denaro-racconta-100-anni-di-vita-e-avvenimenti-banca-dalbania-1925-2025\/\" title=\"Leggi l'articolo: Mostra:  Il denaro racconta: 100 anni di vita e avvenimenti, Banca d\u2019Albania (1925\u20132025)\">\n                                                                                            <img loading=\"lazy\" decoding=\"async\" width=\"240\" height=\"300\" src=\"https:\/\/iictirana.esteri.it\/wp-content\/uploads\/2026\/01\/MoneyTalks_Mostra-240x300.jpg\" srcset=\"https:\/\/iictirana.esteri.it\/wp-content\/uploads\/2026\/01\/MoneyTalks_Mostra.jpg 1440w, https:\/\/iictirana.esteri.it\/wp-content\/uploads\/2026\/01\/MoneyTalks_Mostra-240x300.jpg 240w, https:\/\/iictirana.esteri.it\/wp-content\/uploads\/2026\/01\/MoneyTalks_Mostra-819x1024.jpg 819w, https:\/\/iictirana.esteri.it\/wp-content\/uploads\/2026\/01\/MoneyTalks_Mostra-768x960.jpg 768w\" sizes=\"auto, (max-width: 1440px) 100vw, 1440px\"  title=\"MoneyTalks_Mostra\" alt=\"\" class=\"img-fluid\">\n                                                                                    <\/a>\n                                    <\/figure>\n                                <\/div>\n                            <\/div>\n                            <div class=\"col-sm-9\">\n                                                            <div class=\"category-top\">\n                                    <span class=\"fw-bold text-success\">In corso<\/span>                                                                        <span class=\"data\">\n                                        <svg class=\"icon icon-secondary\">\n                                            <use xlink:href=\"https:\/\/iictirana.esteri.it\/wp-content\/themes\/sedi-tema\/assets\/svg\/sprites.svg#it-calendar\"><\/use>\n                                        <\/svg> Mar 20 Gen 2026<svg class=\"icon icon-xs icon-secondary me-1 ms-1\"><use href=\"https:\/\/iictirana.esteri.it\/wp-content\/themes\/sedi-tema\/assets\/svg\/sprites.svg#it-arrow-right\"><\/use><\/svg>Lun 20 Lug 2026                                    <\/span>\n                                                                    <\/div>\n                            <h5 class=\"card-title big-heading text-uppercase\"><a class=\"text-body text-decoration-none\" href=\"https:\/\/iictirana.esteri.it\/it\/gli_eventi\/calendario\/mostra-il-denaro-racconta-100-anni-di-vita-e-avvenimenti-banca-dalbania-1925-2025\/\" title=\"Mostra:  Il denaro racconta: 100 anni di vita e avvenimenti, Banca d\u2019Albania (1925\u20132025)\">Mostra:  Il denaro racconta: 100 anni di vita e avvenimenti, Banca d\u2019Albania (1925\u20132025)<\/a><\/h5>\n                            <p class=\"card-text\">In occasione del centenario della fondazione della Banca d\u2019Albania e dei cento anni della moneta nazionale albanese, la Banca d\u2019Albania, in collaborazione con l\u2019Istituto Italiano di Cultura a Tirana, inaugura la mostra storica \u201cMoney Talks: 100 anni di vita ed eventi, Banca d\u2019Albania (1925\u20132025)\u201d. L\u2019esposizione, ospitata nella storica sede centrale n. 2 della Banca d\u2019Albania, [&hellip;]<\/p>\n                                <a title=\"Mostra:  Il denaro racconta: 100 anni di vita e avvenimenti, Banca d\u2019Albania (1925\u20132025)\" class=\"read-more\" href=\"https:\/\/iictirana.esteri.it\/it\/gli_eventi\/calendario\/mostra-il-denaro-racconta-100-anni-di-vita-e-avvenimenti-banca-dalbania-1925-2025\/\">\n                                    <span class=\"text\">Leggi di pi\u00f9<\/span>\n                                    <svg class=\"icon\">\n                                    <use xlink:href=\"https:\/\/iictirana.esteri.it\/wp-content\/themes\/sedi-tema\/assets\/svg\/sprites.svg#it-arrow-right\"><\/use>\n                                    <\/svg>\n                                <\/a>\n                                                        <\/div>\n                                                    <\/div>\n                    <\/div>\n                <\/div>\n                <!--end card-->\n                <\/div><!-- col-12 .mt-3-->\n                            <div class=\"col-12 mt-3\">\n                <!--start card-->\n                <div class=\"card-wrapper card-space\">\n                    <div class=\"card card-bg card-big border-bottom-card\">\n                        <div class=\"card-body row\">\n                                                    <div class=\"col-sm-3\">\n                                <div class=\"img-responsive\">\n                                    <figure class=\"img-wrapper\">\n                                        <a href=\"https:\/\/iictirana.esteri.it\/it\/gli_eventi\/calendario\/concerti-della-coro-di-fondazione-bartolucci-a-tirana-e-scutari\/\" title=\"Leggi l'articolo: Concerti della Coro di Fondazione Bartolucci a Tirana e Scutari\">\n                                                                                            <img loading=\"lazy\" decoding=\"async\" width=\"212\" height=\"300\" src=\"https:\/\/iictirana.esteri.it\/wp-content\/uploads\/2026\/04\/Tirana_FondazioneBartolucci-212x300.jpg\" srcset=\"https:\/\/iictirana.esteri.it\/wp-content\/uploads\/2026\/04\/Tirana_FondazioneBartolucci.jpg 1754w, https:\/\/iictirana.esteri.it\/wp-content\/uploads\/2026\/04\/Tirana_FondazioneBartolucci-212x300.jpg 212w, https:\/\/iictirana.esteri.it\/wp-content\/uploads\/2026\/04\/Tirana_FondazioneBartolucci-724x1024.jpg 724w, https:\/\/iictirana.esteri.it\/wp-content\/uploads\/2026\/04\/Tirana_FondazioneBartolucci-768x1086.jpg 768w\" sizes=\"auto, (max-width: 1754px) 100vw, 1754px\"  title=\"Tirana_FondazioneBartolucci\" alt=\"\" class=\"img-fluid\">\n                                                                                    <\/a>\n                                    <\/figure>\n                                <\/div>\n                            <\/div>\n                            <div class=\"col-sm-9\">\n                                                            <div class=\"category-top\">\n                                    <span class=\"fw-bold text-success\">In corso<\/span>                                                                        <span class=\"data\">\n                                        <svg class=\"icon icon-secondary\">\n                                            <use xlink:href=\"https:\/\/iictirana.esteri.it\/wp-content\/themes\/sedi-tema\/assets\/svg\/sprites.svg#it-calendar\"><\/use>\n                                        <\/svg> Gio 09 Apr 2026<svg class=\"icon icon-xs icon-secondary me-1 ms-1\"><use href=\"https:\/\/iictirana.esteri.it\/wp-content\/themes\/sedi-tema\/assets\/svg\/sprites.svg#it-arrow-right\"><\/use><\/svg>Ven 10 Apr 2026                                    <\/span>\n                                                                    <\/div>\n                            <h5 class=\"card-title big-heading text-uppercase\"><a class=\"text-body text-decoration-none\" href=\"https:\/\/iictirana.esteri.it\/it\/gli_eventi\/calendario\/concerti-della-coro-di-fondazione-bartolucci-a-tirana-e-scutari\/\" title=\"Concerti della Coro di Fondazione Bartolucci a Tirana e Scutari\">Concerti della Coro di Fondazione Bartolucci a Tirana e Scutari<\/a><\/h5>\n                            <p class=\"card-text\">Coro della Fondazione Bartolucci in concerto a Tirana e a Scutari. Concerto in onore del Card. Ernest Simoni nel settantesimo anniversario di ordinazione Tirana, Cattedrale di San Paolo Apostolo, Gioved\u00ec 9 aprile 2026, ore 19.00 Scutari, Cattedrale di Santo Stefano Venerd\u00ec 10 aprile 2026, ore 19.00 Ingresso Libero Seguir\u00e0 la benedizione del Cardinale &nbsp; La [&hellip;]<\/p>\n                                <a title=\"Concerti della Coro di Fondazione Bartolucci a Tirana e Scutari\" class=\"read-more\" href=\"https:\/\/iictirana.esteri.it\/it\/gli_eventi\/calendario\/concerti-della-coro-di-fondazione-bartolucci-a-tirana-e-scutari\/\">\n                                    <span class=\"text\">Leggi di pi\u00f9<\/span>\n                                    <svg class=\"icon\">\n                                    <use xlink:href=\"https:\/\/iictirana.esteri.it\/wp-content\/themes\/sedi-tema\/assets\/svg\/sprites.svg#it-arrow-right\"><\/use>\n                                    <\/svg>\n                                <\/a>\n                                                        <\/div>\n                                                    <\/div>\n                    <\/div>\n                <\/div>\n                <!--end card-->\n                <\/div><!-- col-12 .mt-3-->\n                            <div class=\"col-12 mt-3\">\n                <!--start card-->\n                <div class=\"card-wrapper card-space\">\n                    <div class=\"card card-bg card-big border-bottom-card\">\n                        <div class=\"card-body row\">\n                                                    <div class=\"col-sm-3\">\n                                <div class=\"img-responsive\">\n                                    <figure class=\"img-wrapper\">\n                                        <a href=\"https:\/\/iictirana.esteri.it\/it\/gli_eventi\/calendario\/italian-screens-il-nuovo-cinema-italiano-in-albania-e-kosovo\/\" title=\"Leggi l'articolo: Italian Screens \u2013 Il nuovo cinema italiano in Albania e Kosovo\">\n                                                                                            <img loading=\"lazy\" decoding=\"async\" width=\"240\" height=\"300\" src=\"https:\/\/iictirana.esteri.it\/wp-content\/uploads\/2026\/04\/Italian-Screens_2026-240x300.jpg\" srcset=\"https:\/\/iictirana.esteri.it\/wp-content\/uploads\/2026\/04\/Italian-Screens_2026.jpg 1920w, https:\/\/iictirana.esteri.it\/wp-content\/uploads\/2026\/04\/Italian-Screens_2026-240x300.jpg 240w, https:\/\/iictirana.esteri.it\/wp-content\/uploads\/2026\/04\/Italian-Screens_2026-819x1024.jpg 819w, https:\/\/iictirana.esteri.it\/wp-content\/uploads\/2026\/04\/Italian-Screens_2026-768x960.jpg 768w\" sizes=\"auto, (max-width: 1920px) 100vw, 1920px\"  title=\"Italian Screens_2026\" alt=\"\" class=\"img-fluid\">\n                                                                                    <\/a>\n                                    <\/figure>\n                                <\/div>\n                            <\/div>\n                            <div class=\"col-sm-9\">\n                                                            <div class=\"category-top\">\n                                    <span class=\"fw-bold \"><\/span>                                                                        <span class=\"\">\n                                        <svg class=\"icon icon-secondary\">\n                                            <use xlink:href=\"https:\/\/iictirana.esteri.it\/wp-content\/themes\/sedi-tema\/assets\/svg\/sprites.svg#it-calendar\"><\/use>\n                                        <\/svg> Dom 19 Apr 2026<svg class=\"icon icon-xs icon-secondary me-1 ms-1\"><use href=\"https:\/\/iictirana.esteri.it\/wp-content\/themes\/sedi-tema\/assets\/svg\/sprites.svg#it-arrow-right\"><\/use><\/svg>Sab 25 Apr 2026                                    <\/span>\n                                                                    <\/div>\n                            <h5 class=\"card-title big-heading text-uppercase\"><a class=\"text-body text-decoration-none\" href=\"https:\/\/iictirana.esteri.it\/it\/gli_eventi\/calendario\/italian-screens-il-nuovo-cinema-italiano-in-albania-e-kosovo\/\" title=\"Italian Screens \u2013 Il nuovo cinema italiano in Albania e Kosovo\">Italian Screens \u2013 Il nuovo cinema italiano in Albania e Kosovo<\/a><\/h5>\n                            <p class=\"card-text\">L\u2019Istituto Italiano di Cultura \u00e8 lieto di presentare la rassegna di\u00a0Italian Screens \u2013 Il nuovo cinema italiano. Per questa edizione, realizzata in collaborazione con le Ambasciate d\u2019Italia in Albania e in Kosovo e con il Consolato Generale di Valona, con le citt\u00e0 di Tirana, Scutari e Valona, sono stati scelti cinque film, diversi per genere [&hellip;]<\/p>\n                                <a title=\"Italian Screens \u2013 Il nuovo cinema italiano in Albania e Kosovo\" class=\"read-more\" href=\"https:\/\/iictirana.esteri.it\/it\/gli_eventi\/calendario\/italian-screens-il-nuovo-cinema-italiano-in-albania-e-kosovo\/\">\n                                    <span class=\"text\">Leggi di pi\u00f9<\/span>\n                                    <svg class=\"icon\">\n                                    <use xlink:href=\"https:\/\/iictirana.esteri.it\/wp-content\/themes\/sedi-tema\/assets\/svg\/sprites.svg#it-arrow-right\"><\/use>\n                                    <\/svg>\n                                <\/a>\n                                                        <\/div>\n                                                    <\/div>\n                    <\/div>\n                <\/div>\n                <!--end card-->\n                <\/div><!-- col-12 .mt-3-->\n            \n            <div class=\"col-md-12 mt-4 pb-4\">\n                <nav class=\"navigation col-md-12\" aria-label=\"Navigation\">\n                    <h2 class=\"screen-reader-text visually-hidden\">Paginazione<\/h2>\n                    <div class=\"nav-links\">\n                                        <\/div>\n                <\/nav>\n            <\/div>   <!--.col-md-12 -->\n              <\/div><!--.row -->\n              \n","protected":false},"excerpt":{"rendered":"","protected":false},"author":1,"featured_media":0,"parent":0,"menu_order":6,"comment_status":"closed","ping_status":"closed","template":"","meta":{"footnotes":""},"class_list":["post-17","page","type-page","status-publish","hentry"],"_links":{"self":[{"href":"https:\/\/iictirana.esteri.it\/it\/wp-json\/wp\/v2\/pages\/17","targetHints":{"allow":["GET"]}}],"collection":[{"href":"https:\/\/iictirana.esteri.it\/it\/wp-json\/wp\/v2\/pages"}],"about":[{"href":"https:\/\/iictirana.esteri.it\/it\/wp-json\/wp\/v2\/types\/page"}],"author":[{"embeddable":true,"href":"https:\/\/iictirana.esteri.it\/it\/wp-json\/wp\/v2\/users\/1"}],"replies":[{"embeddable":true,"href":"https:\/\/iictirana.esteri.it\/it\/wp-json\/wp\/v2\/comments?post=17"}],"version-history":[{"count":1,"href":"https:\/\/iictirana.esteri.it\/it\/wp-json\/wp\/v2\/pages\/17\/revisions"}],"predecessor-version":[{"id":21,"href":"https:\/\/iictirana.esteri.it\/it\/wp-json\/wp\/v2\/pages\/17\/revisions\/21"}],"wp:attachment":[{"href":"https:\/\/iictirana.esteri.it\/it\/wp-json\/wp\/v2\/media?parent=17"}],"curies":[{"name":"wp","href":"https:\/\/api.w.org\/{rel}","templated":true}]}}