{"id":16,"date":"2023-04-03T20:30:34","date_gmt":"2023-04-03T18:30:34","guid":{"rendered":"https:\/\/istitutobuenosaires.esteri.it\/?page_id=16"},"modified":"2023-05-25T11:30:28","modified_gmt":"2023-05-25T09:30:28","slug":"lingua-e-cultura","status":"publish","type":"page","link":"https:\/\/iictirana.esteri.it\/it\/lingua-e-cultura\/","title":{"rendered":"Lingua e Cultura"},"content":{"rendered":"<p>Ogni anno,\u00a0<strong>mezzo milione<\/strong>\u00a0di studenti frequentano i corsi di lingua italiana fuori dall&#8217; Italia, in tutti i paesi del mondo.<\/p>\n<p><strong><span class=\"titoloRosso\">Ma perch\u00e9 proprio l&#8217;italiano?<br \/>\n<\/span><\/strong><br \/>\nPerch\u00e9 Italia e l&#8217;Albania, vista la loro vicinanza, sono partner strategici e considerano la cooperazione nel settore della formazione prioritaria per il futuro dei rapporti bilaterali.<\/p>\n<p><strong>L\u2019Italiano \u00e8 una lingua di studio.<\/strong>\u00a0Sono molti gli studenti che ogni anno decidono di frequentare le nostre Scuole, le nostre Universit\u00e0, le nostre Accademie, le nostre biblioteche.<\/p>\n<p><strong>L\u2019Italiano \u00e8 una lingua di lavoro.<\/strong>\u00a0Manager, investitori, tecnici e\u00a0lavoratori\u00a0possono entrare\u00a0in contatto con il mondo industriale, artigianale e dei servizi italiano.<\/p>\n<p><strong>E parlando Italiano<\/strong>\u00a0la visita al nostro paese ed alla sua gente ospitale diventa un autentico piacere, tra citt\u00e0 d\u2019arte e meraviglie della natura.<\/p>\n<p><strong class=\"titoloRosso\">Perch\u00e9 scegliere l&#8217;Italia?<\/strong><\/p>\n<ul>\n<li>Perch\u00e9\u00a0\u00e8 una civilt\u00e0 millenaria proiettata verso il futuro.<\/li>\n<li>Perch\u00e9\u00a0\u00e8 la culla dell&#8217;arte e della letteratura, ma anche una delle economie pi\u00f9 avanzate del mondo.<\/li>\n<li>Perch\u00e9\u00a0la sua stessa posizione geografica, al centro del Mediterraneo, la rende un ponte naturale tra culture.<\/li>\n<li>Perch\u00e9\u00a0tra le sue 78 Universit\u00e0, ci sono le pi\u00f9 antiche del mondo e puoi decidere di specializzarti in archeologia, come in meccanica quantistica.<\/li>\n<li>Perch\u00e9\u00a0nelle accademie e nei conservatori, puoi imparare il delicato mestiere del restauro, studiare da soprano o magari sperimentare le ultime tendenze artistiche occidentali.<\/li>\n<li>Perch\u00e9\u00a0l&#8217;Italia offre opportunit\u00e0 di ricerca nei settori di punta, dalle biotecnologie all&#8217;informatica. Perch\u00e8 \u00e8 il Paese della bellezza, dei paesaggi pi\u00f9 vari, delle Certose Medievali, del Rinascimento, della musica, del cinema, della moda. Il Made in Italy non \u00e8 solo un marchio d&#8217;origine, \u00e8 un&#8217;arte di fare, \u00e8 ingegno e passione, artigianato che diventa alta tecnologia.<\/li>\n<\/ul>\n<p>Ed inoltre&#8230;<br \/>\n<strong>Perch\u00e9\u00a0il CINEMA parla italiano<\/strong><br \/>\nLa Dolce Vita, Bertolucci, Nuovo Cinema Paradiso, Rossellini, Sofia Loren, Martin Scorsese.<\/p>\n<p><strong>Perch\u00e9\u00a0SCIENZA &amp; TECNOLOGIA parlano italiano<br \/>\n<\/strong>Galileo, Spallanzani, Volta, Marconi, Rubbia, Fermi, Levi Montalcini.<\/p>\n<p><strong>Perch\u00e9\u00a0il TURISMO parla italiano<\/strong><br \/>\nToscana, Roma, Capri, Firenze, Venezia, Palermo, Napoli.<\/p>\n<p><strong>Perch\u00e9\u00a0l&#8217;ARTE parla italiano<\/strong><br \/>\nRaffaello, Monna Lisa, Michelangelo, Mosaico, Tiziano, Affresco, Botticelli.<\/p>\n<p><strong>Perch\u00e9\u00a0la CUCINA parla italiano<\/strong><br \/>\nPizza, Spaghetti, Risotto, Polenta.<\/p>\n<p><strong>Perch\u00e9\u00a0la MODA parla italiano<\/strong><br \/>\nArmani, Valentino, Biagiotti, Ferragamo, Gucci, Versace.<\/p>\n<p><strong>Perch\u00e9\u00a0la MUSICA parla italiano<br \/>\n<\/strong>Pavarotti, Verdi, Vivaldi, Puccini.<\/p>\n","protected":false},"excerpt":{"rendered":"Ogni anno,\u00a0mezzo milione\u00a0di studenti frequentano i corsi di lingua italiana fuori dall&#8217; Italia, in tutti i paesi del mondo. Ma perch\u00e9 proprio l&#8217;italiano? Perch\u00e9 Italia e l&#8217;Albania, vista la loro vicinanza, sono partner strategici e considerano la cooperazione nel settore della formazione prioritaria per il futuro dei rapporti bilaterali. L\u2019Italiano \u00e8 una lingua di studio.\u00a0Sono [&hellip;]","protected":false},"author":1,"featured_media":0,"parent":0,"menu_order":4,"comment_status":"closed","ping_status":"closed","template":"","meta":{"footnotes":""},"class_list":["post-16","page","type-page","status-publish","hentry"],"_links":{"self":[{"href":"https:\/\/iictirana.esteri.it\/it\/wp-json\/wp\/v2\/pages\/16","targetHints":{"allow":["GET"]}}],"collection":[{"href":"https:\/\/iictirana.esteri.it\/it\/wp-json\/wp\/v2\/pages"}],"about":[{"href":"https:\/\/iictirana.esteri.it\/it\/wp-json\/wp\/v2\/types\/page"}],"author":[{"embeddable":true,"href":"https:\/\/iictirana.esteri.it\/it\/wp-json\/wp\/v2\/users\/1"}],"replies":[{"embeddable":true,"href":"https:\/\/iictirana.esteri.it\/it\/wp-json\/wp\/v2\/comments?post=16"}],"version-history":[{"count":3,"href":"https:\/\/iictirana.esteri.it\/it\/wp-json\/wp\/v2\/pages\/16\/revisions"}],"predecessor-version":[{"id":1730,"href":"https:\/\/iictirana.esteri.it\/it\/wp-json\/wp\/v2\/pages\/16\/revisions\/1730"}],"wp:attachment":[{"href":"https:\/\/iictirana.esteri.it\/it\/wp-json\/wp\/v2\/media?parent=16"}],"curies":[{"name":"wp","href":"https:\/\/api.w.org\/{rel}","templated":true}]}}