{"id":147,"date":"2023-05-25T12:14:23","date_gmt":"2023-05-25T10:14:23","guid":{"rendered":"https:\/\/iictirana.esteri.it\/?page_id=147"},"modified":"2023-05-25T12:14:23","modified_gmt":"2023-05-25T10:14:23","slug":"articolazione-degli-uffici","status":"publish","type":"page","link":"https:\/\/iictirana.esteri.it\/it\/amministrazione-trasparente\/articolazione-degli-uffici\/","title":{"rendered":"Articolazione degli uffici"},"content":{"rendered":"<p>In questa pagina sono pubblicate riguardo all&#8217;Istituto Italiano di Cultura di Tirana del Ministero degli Affari Esteri e della Cooperazione Internazionale (MAECI) le informazioni indicate dalle lettere b) e c) del co. 1 dell\u2019art. 13 del D. Lgs. n. 33 del 2013.<\/p>\n<p>Le medesime informazioni relative agli altri Uffici esteri del MAECI sono pubblicate nelle pagine &#8220;Articolazione degli uffici&#8221; dei rispettivi siti web istituzionali. Quelle relative all\u2019Amministrazione Centrale del MAECI sono pubblicate qui.<\/p>\n<p>*****<\/p>\n<p>L&#8217;Istituto Italiano di Cultura di Tirana e\u2019 un ufficio dirigenziale che non si articola in Sezioni Distaccate di cui al co. 6 dell\u2019art. 7 della Legge n. 401 del 1990, ne\u2019 in altre strutture interne.<\/p>\n<p>L&#8217;Istituto attende a compiti di promozione e diffusione della cultura e della lingua italiane in Albania e Kosovo.<\/p>\n<p>Nel quadro di quanto previsto dal co. 1 dell&#8217;art. 3 e dal co. 2 dell&#8217;art. 7 della suddetta Legge, l&#8217;Istituto:<\/p>\n<p>a) stabilisce contatti con istituzioni, enti e personalit\u00e0 del mondo culturale e scientifico del Paese ospitante a favorisce le proposte e i progetti per la conoscenza della cultura e della realt\u00e0 italiane o comunque finalizzati alla collaborazione culturale e scientifica;<\/p>\n<p>b) fornisce la documentazione e l&#8217;informazione sulla vita culturale italiana e sulle relative istituzioni;<\/p>\n<p>c) promuove iniziative, manifestazioni culturali e mostre;<\/p>\n<p>d) sostiene iniziative per lo sviluppo culturale delle comunit\u00e0 italiane all&#8217;estero, per favorire sia la loro integrazione nel Paese ospitante che il rapporto culturale con la patria d&#8217;origine;<\/p>\n<p>e) assicura collaborazione a studiosi e studenti italiani nella loro attivit\u00e0 di ricerca e di studio all&#8217;estero;<\/p>\n<p>f) promuove e favorisce iniziative per la diffusione della lingua italiana all&#8217;estero, avvalendosi anche della collaborazione dei lettori d&#8217;italiano presso le universit\u00e0 del Paese ospitante, e delle universit\u00e0 italiane che svolgono specifiche attivit\u00e0 didattiche e scientifiche connesse ai compiti di promozione e diffusione della cultura e della lingua italiana.<\/p>\n<p>Il direttore dell&#8217;Istituto Italiano di Cultura di Tirana \u00e8 Alessandra Bertini Malgarini.<\/p>\n","protected":false},"excerpt":{"rendered":"In questa pagina sono pubblicate riguardo all&#8217;Istituto Italiano di Cultura di Tirana del Ministero degli Affari Esteri e della Cooperazione Internazionale (MAECI) le informazioni indicate dalle lettere b) e c) del co. 1 dell\u2019art. 13 del D. Lgs. n. 33 del 2013. Le medesime informazioni relative agli altri Uffici esteri del MAECI sono pubblicate nelle [&hellip;]","protected":false},"author":2,"featured_media":0,"parent":23,"menu_order":0,"comment_status":"closed","ping_status":"closed","template":"","meta":{"footnotes":""},"class_list":["post-147","page","type-page","status-publish","hentry"],"_links":{"self":[{"href":"https:\/\/iictirana.esteri.it\/it\/wp-json\/wp\/v2\/pages\/147","targetHints":{"allow":["GET"]}}],"collection":[{"href":"https:\/\/iictirana.esteri.it\/it\/wp-json\/wp\/v2\/pages"}],"about":[{"href":"https:\/\/iictirana.esteri.it\/it\/wp-json\/wp\/v2\/types\/page"}],"author":[{"embeddable":true,"href":"https:\/\/iictirana.esteri.it\/it\/wp-json\/wp\/v2\/users\/2"}],"replies":[{"embeddable":true,"href":"https:\/\/iictirana.esteri.it\/it\/wp-json\/wp\/v2\/comments?post=147"}],"version-history":[{"count":1,"href":"https:\/\/iictirana.esteri.it\/it\/wp-json\/wp\/v2\/pages\/147\/revisions"}],"predecessor-version":[{"id":148,"href":"https:\/\/iictirana.esteri.it\/it\/wp-json\/wp\/v2\/pages\/147\/revisions\/148"}],"up":[{"embeddable":true,"href":"https:\/\/iictirana.esteri.it\/it\/wp-json\/wp\/v2\/pages\/23"}],"wp:attachment":[{"href":"https:\/\/iictirana.esteri.it\/it\/wp-json\/wp\/v2\/media?parent=147"}],"curies":[{"name":"wp","href":"https:\/\/api.w.org\/{rel}","templated":true}]}}